{"id":2262,"date":"2021-05-11T14:17:35","date_gmt":"2021-05-11T11:17:35","guid":{"rendered":"https:\/\/palosaarenporotila.fi\/majoitu-porotilalla\/"},"modified":"2021-10-11T14:38:21","modified_gmt":"2021-10-11T11:38:21","slug":"accommodation-summer","status":"publish","type":"page","link":"https:\/\/palosaarenporotila.fi\/en\/accommodation-summer\/","title":{"rendered":"Accommodation on a Reindeer farm in summer"},"content":{"rendered":"<ul>\n<li>\n<p>        <img decoding=\"async\" src=\"\/wp-content\/uploads\/2021\/10\/Nook8.jpg\" alt=\"\"><\/p>\n<\/li>\n<li>\n<p>        <img decoding=\"async\" src=\"\/wp-content\/uploads\/2021\/10\/Nook3.jpg\" alt=\"\"><\/p>\n<\/li>\n<li>\n<p>        <img decoding=\"async\" src=\"\/wp-content\/uploads\/2021\/10\/Nook7.jpg\" alt=\"\"><\/p>\n<\/li>\n<li>\n<p>        <img decoding=\"async\" src=\"\/wp-content\/uploads\/2021\/10\/Nook10.jpg\" alt=\"\"><\/p>\n<\/li>\n<\/ul>\n<h1>Accommodation on a reindeer farm in summer<\/h1>\n<div>\n<p data-ga-id=\"property\">Welcome to enjoy peace and Finnish countryside on the reindeer farm.<\/p>\n<p class=\"tw-data-text tw-text-large XcVN5d tw-ta\" data-placeholder=\"Translation\" id=\"tw-target-text\" dir=\"ltr\"><span class=\"Y2IQFc\" lang=\"en\">The caravan <strong>ReindeerNook<\/strong> is located in the best vantage point of the reindeer farm in its own quiet corner of the field. ReindeerNook is a suite with a double bed, a private toilet, a kitchenette, a wood-heated sauna and an outdoor terrace. ReindeerNook is also heated by a fireplace and the portable air conditioner cools down efficiently. ReindeerNook&#8217;s batteries are charged with solar panels.<\/span><\/p>\n<p class=\"tw-data-text tw-text-large XcVN5d tw-ta\" data-placeholder=\"Translation\" dir=\"ltr\"><span class=\"Y2IQFc\" lang=\"en\">Enjoy the rustic scenery of the large landscape windows and the highlights of the nightless night in the comfort of a double bed. ReindeerNook includes a kitchenette, which offers the possibility to prepare meals and store food. The high-quality materials of the state-of-the-art wood-heated sauna guarantee enjoyable steam. Through the large glass hatch of the fireplace it is relaxing to watch the crackle of fire or you can enjoy the atmosphere of summer and the beautiful scenery outside while sitting on the terrace. <\/span><\/p>\n<p class=\"tw-data-text tw-text-large XcVN5d tw-ta\" data-placeholder=\"Translation\" dir=\"ltr\"><span class=\"Y2IQFc\" lang=\"en\">Guests have access to a barbecue area at the edge of the forest. The area around the reindeer farm is good for hiking and you can see and feed the reindeer in their home fence.<\/span><\/p>\n<p class=\"tw-data-text tw-text-large XcVN5d tw-ta\" data-placeholder=\"Translation\" dir=\"ltr\"><span class=\"Y2IQFc\" lang=\"en\">See<strong> vacation deals and book online at booking.com<\/strong> or book directly and pay locally. <\/span><\/p>\n<p class=\"tw-data-text tw-text-large XcVN5d tw-ta\" data-placeholder=\"Translation\" dir=\"ltr\"><span class=\"Y2IQFc\" lang=\"en\"><strong>Prices 120 euros \/ night or 600 euros \/ week<\/strong> (incl. Bed linen, towels, wireless WiFi and parking) <\/span><\/p>\n<p class=\"tw-data-text tw-text-large XcVN5d tw-ta\" data-placeholder=\"Translation\" dir=\"ltr\"><span class=\"Y2IQFc\" lang=\"en\">Reservations and more information: <\/span><\/p>\n<p class=\"tw-data-text tw-text-large XcVN5d tw-ta\" data-placeholder=\"Translation\" dir=\"ltr\"><span class=\"Y2IQFc\" lang=\"en\">posti@palosaarenporotila.fi<\/span><\/p>\n<p class=\"tw-data-text tw-text-large XcVN5d tw-ta\" data-placeholder=\"Translation\" dir=\"ltr\"><span class=\"Y2IQFc\" lang=\"en\">+358 (0) 40 589 1695<\/span><\/p>\n<\/p>\n<\/div>\n<p>\n    <a href=\"https:\/\/www.booking.com\/hotel\/fi\/palosaaren-poro-ja-kalastustila.en-gb.html?label=gen173nr-1FCAEoggI46AdIM1gEaEiIAQGYAQy4AQfIAQzYAQHoAQH4AQuIAgGoAgO4AtXo44QGwAIB0gIkNmIyZGIyZDItZWRlMS00ZTJiLThkMGQtMGQxZjVkMWI2MDJk2AIG4AIB&#038;sid=3191a0253a9384ebfbc2c5788702bf5f&#038;all_sr_blocks=721671201_309407814_2_2_0&#038;checkin=2021-07-15&#038;checkout=2021-07-17&#038;dest_id=-1373378&#038;dest_type=city&#038;group_adults=2&#038;group_children=0&#038;hapos=1&#038;highlighted_blocks=721671201_309407814_2_2_0&#038;hpos=1&#038;lang=en-gb&#038;no_rooms=1&#038;room1=A%2CA&#038;sb_price_type=total&#038;soz=1&#038;sr_order=popularity&#038;sr_pri_blocks=721671201_309407814_2_2_0__19100&#038;srepoch=1620636788&#038;srpvid=1f8e3e79073d012e&#038;type=total&#038;ucfs=1&#038;lang_click=other;cdl=fi;lang_changed=1\">Book online<\/a>\n<\/p>\n<p><!--more--><br \/>\n<!-- {\"name\":\"tuotekortti\",\"type\":\"layout\",\"children\":[{\"type\":\"section\",\"props\":{\"style\":\"default\",\"width\":\"default\",\"vertical_align\":\"middle\",\"title_position\":\"top-left\",\"title_rotation\":\"left\",\"title_breakpoint\":\"xl\",\"image_position\":\"center-center\"},\"children\":[{\"type\":\"row\",\"props\":{\"layout\":\"1-2,1-2\",\"column_gap\":\"collapse\",\"row_gap\":\"collapse\"},\"children\":[{\"type\":\"column\",\"props\":{\"image_position\":\"center-center\",\"media_overlay_gradient\":\"\",\"width_medium\":\"1-2\",\"image\":\"https:\\\/\\\/palosaarenporotila.fi\\\/wp-content\\\/uploads\\\/2021\\\/10\\\/palosaarenporotila-majoitus-kuusamo.jpg\",\"image_size\":\"cover\",\"padding\":\"large\",\"width_small\":\"1-2\"},\"children\":[]},{\"type\":\"column\",\"props\":{\"image_position\":\"center-center\",\"media_overlay_gradient\":\"\",\"width_medium\":\"1-2\",\"width_small\":\"1-2\"},\"children\":[{\"type\":\"gallery\",\"props\":{\"show_title\":false,\"show_meta\":true,\"show_content\":true,\"show_link\":true,\"show_hover_image\":true,\"grid_default\":\"2\",\"grid_medium\":\"\",\"filter_style\":\"tab\",\"filter_all\":true,\"filter_position\":\"top\",\"filter_align\":\"left\",\"filter_grid_width\":\"auto\",\"filter_grid_breakpoint\":\"m\",\"overlay_mode\":\"caption\",\"overlay_hover\":true,\"overlay_style\":\"\",\"text_color\":\"light\",\"overlay_position\":\"center\",\"overlay_transition\":\"fade\",\"title_hover_style\":\"reset\",\"title_element\":\"h3\",\"meta_style\":\"meta\",\"meta_align\":\"below-title\",\"meta_element\":\"div\",\"link_text\":\"\",\"link_style\":\"\",\"text_align\":\"center\",\"margin\":\"default\",\"item_animation\":true,\"grid_column_gap\":\"collapse\",\"grid_row_gap\":\"collapse\",\"grid_small\":\"2\",\"image_width\":\"800\",\"image_height\":\"650\",\"lightbox\":true,\"overlay_link\":true,\"content_display\":\"lightbox\"},\"children\":[{\"type\":\"gallery_item\",\"props\":{\"image\":\"wp-content\\\/uploads\\\/2021\\\/10\\\/Nook8.jpg\"}},{\"type\":\"gallery_item\",\"props\":{\"image\":\"wp-content\\\/uploads\\\/2021\\\/10\\\/Nook3.jpg\"}},{\"type\":\"gallery_item\",\"props\":{\"image\":\"wp-content\\\/uploads\\\/2021\\\/10\\\/Nook7.jpg\"}},{\"type\":\"gallery_item\",\"props\":{\"image\":\"wp-content\\\/uploads\\\/2021\\\/10\\\/Nook10.jpg\"}}]}]}]},{\"type\":\"row\",\"props\":{\"layout\":\"2-3,1-3\"},\"children\":[{\"type\":\"column\",\"props\":{\"image_position\":\"center-center\",\"media_overlay_gradient\":\"\",\"width_medium\":\"2-3\"},\"children\":[{\"type\":\"headline\",\"props\":{\"title_element\":\"h1\",\"content\":\"Accommodation on a reindeer farm in summer\",\"title_style\":\"h1\"}},{\"type\":\"text\",\"props\":{\"margin\":\"default\",\"column_breakpoint\":\"m\",\"content\":\"\n\n<p data-ga-id=\\\"property\\\">Welcome to enjoy peace and Finnish countryside on the reindeer farm.<\\\/p>\\n\n\n<p class=\\\"tw-data-text tw-text-large XcVN5d tw-ta\\\" data-placeholder=\\\"Translation\\\" id=\\\"tw-target-text\\\" dir=\\\"ltr\\\"><span class=\\\"Y2IQFc\\\" lang=\\\"en\\\">The caravan <strong>ReindeerNook<\\\/strong> is located in the best vantage point of the reindeer farm in its own quiet corner of the field. ReindeerNook is a suite with a double bed, a private toilet, a kitchenette, a wood-heated sauna and an outdoor terrace. ReindeerNook is also heated by a fireplace and the portable air conditioner cools down efficiently. ReindeerNook's batteries are charged with solar panels.<\\\/span><\\\/p>\\n\n\n<p class=\\\"tw-data-text tw-text-large XcVN5d tw-ta\\\" data-placeholder=\\\"Translation\\\" dir=\\\"ltr\\\"><span class=\\\"Y2IQFc\\\" lang=\\\"en\\\">Enjoy the rustic scenery of the large landscape windows and the highlights of the nightless night in the comfort of a double bed. ReindeerNook includes a kitchenette, which offers the possibility to prepare meals and store food. The high-quality materials of the state-of-the-art wood-heated sauna guarantee enjoyable steam. Through the large glass hatch of the fireplace it is relaxing to watch the crackle of fire or you can enjoy the atmosphere of summer and the beautiful scenery outside while sitting on the terrace. <\\\/span><\\\/p>\\n\n\n<p class=\\\"tw-data-text tw-text-large XcVN5d tw-ta\\\" data-placeholder=\\\"Translation\\\" dir=\\\"ltr\\\"><span class=\\\"Y2IQFc\\\" lang=\\\"en\\\">Guests have access to a barbecue area at the edge of the forest. The area around the reindeer farm is good for hiking and you can see and feed the reindeer in their home fence.<\\\/span><\\\/p>\\n\n\n<p class=\\\"tw-data-text tw-text-large XcVN5d tw-ta\\\" data-placeholder=\\\"Translation\\\" dir=\\\"ltr\\\"><span class=\\\"Y2IQFc\\\" lang=\\\"en\\\">See<strong> vacation deals and book online at booking.com<\\\/strong> or book directly and pay locally. <\\\/span><\\\/p>\\n\n\n<p class=\\\"tw-data-text tw-text-large XcVN5d tw-ta\\\" data-placeholder=\\\"Translation\\\" dir=\\\"ltr\\\"><span class=\\\"Y2IQFc\\\" lang=\\\"en\\\"><strong>Prices 120 euros \\\/ night or 600 euros \\\/ week<\\\/strong> (incl. Bed linen, towels, wireless WiFi and parking) <\\\/span><\\\/p>\\n\n\n<p class=\\\"tw-data-text tw-text-large XcVN5d tw-ta\\\" data-placeholder=\\\"Translation\\\" dir=\\\"ltr\\\"><span class=\\\"Y2IQFc\\\" lang=\\\"en\\\">Reservations and more information: <\\\/span><\\\/p>\\n\n\n<p class=\\\"tw-data-text tw-text-large XcVN5d tw-ta\\\" data-placeholder=\\\"Translation\\\" dir=\\\"ltr\\\"><span class=\\\"Y2IQFc\\\" lang=\\\"en\\\">posti@palosaarenporotila.fi<\\\/span><\\\/p>\\n\n\n<p class=\\\"tw-data-text tw-text-large XcVN5d tw-ta\\\" data-placeholder=\\\"Translation\\\" dir=\\\"ltr\\\"><span class=\\\"Y2IQFc\\\" lang=\\\"en\\\">+358 (0) 40 589 1695<\\\/span><\\\/p>\\n\n\n<p><\\\/p>\"}}]},{\"type\":\"column\",\"props\":{\"image_position\":\"center-center\",\"media_overlay_gradient\":\"\",\"width_medium\":\"1-3\"},\"children\":[{\"type\":\"button\",\"props\":{\"grid_column_gap\":\"small\",\"grid_row_gap\":\"small\",\"margin\":\"default\"},\"children\":[{\"type\":\"button_item\",\"props\":{\"button_style\":\"primary\",\"icon_align\":\"left\",\"content\":\"Book online\",\"link\":\"https:\\\/\\\/www.booking.com\\\/hotel\\\/fi\\\/palosaaren-poro-ja-kalastustila.en-gb.html?label=gen173nr-1FCAEoggI46AdIM1gEaEiIAQGYAQy4AQfIAQzYAQHoAQH4AQuIAgGoAgO4AtXo44QGwAIB0gIkNmIyZGIyZDItZWRlMS00ZTJiLThkMGQtMGQxZjVkMWI2MDJk2AIG4AIB&sid=3191a0253a9384ebfbc2c5788702bf5f&all_sr_blocks=721671201_309407814_2_2_0&checkin=2021-07-15&checkout=2021-07-17&dest_id=-1373378&dest_type=city&group_adults=2&group_children=0&hapos=1&highlighted_blocks=721671201_309407814_2_2_0&hpos=1&lang=en-gb&no_rooms=1&room1=A%2CA&sb_price_type=total&soz=1&sr_order=popularity&sr_pri_blocks=721671201_309407814_2_2_0__19100&srepoch=1620636788&srpvid=1f8e3e79073d012e&type=total&ucfs=1&lang_click=other;cdl=fi;lang_changed=1\",\"link_target\":\"blank\"}}]}]}]}]}],\"version\":\"2.6.5\"} --><\/p>\n","protected":false},"excerpt":{"rendered":"<p>Accommodation on a reindeer farm in summer Welcome to enjoy peace and Finnish countryside on the reindeer farm. The caravan ReindeerNook is located in the best vantage point of the reindeer farm in its own quiet corner of the field. ReindeerNook is a suite with a double bed, a private toilet, a kitchenette, a wood-heated [&hellip;]<\/p>\n","protected":false},"author":1,"featured_media":2950,"parent":0,"menu_order":0,"comment_status":"closed","ping_status":"closed","template":"","meta":{"footnotes":""},"class_list":["post-2262","page","type-page","status-publish","has-post-thumbnail","hentry"],"yoast_head":"<!-- This site is optimized with the Yoast SEO plugin v27.3 - https:\/\/yoast.com\/product\/yoast-seo-wordpress\/ -->\n<title>Accommodation on a Reindeer farm in summer - Palosaari Reindeer and Fishing Farm, Kuusamo, Finland<\/title>\n<meta name=\"description\" content=\"Enjoy the view of countryside through large landscape windows or you can also enjoy the summer feel and beautiful scenery outside on the terrace\" \/>\n<meta name=\"robots\" content=\"index, follow, max-snippet:-1, max-image-preview:large, max-video-preview:-1\" \/>\n<link rel=\"canonical\" href=\"https:\/\/palosaarenporotila.fi\/en\/accommodation-summer\/\" \/>\n<meta property=\"og:locale\" content=\"en_US\" \/>\n<meta property=\"og:type\" content=\"article\" \/>\n<meta property=\"og:title\" content=\"Accommodation on a Reindeer farm in summer - Palosaari Reindeer and Fishing Farm, Kuusamo, Finland\" \/>\n<meta property=\"og:description\" content=\"Enjoy the view of countryside through large landscape windows or you can also enjoy the summer feel and beautiful scenery outside on the terrace\" \/>\n<meta property=\"og:url\" content=\"https:\/\/palosaarenporotila.fi\/en\/accommodation-summer\/\" \/>\n<meta property=\"og:site_name\" content=\"Palosaari Reindeer and Fishing Farm, Kuusamo, Finland\" \/>\n<meta property=\"article:publisher\" content=\"https:\/\/www.facebook.com\/reindeerranchfinland\/\" \/>\n<meta property=\"article:modified_time\" content=\"2021-10-11T11:38:21+00:00\" \/>\n<meta property=\"og:image\" content=\"https:\/\/palosaarenporotila.fi\/wp-content\/uploads\/2021\/10\/Ulkoa-1.jpg\" \/>\n\t<meta property=\"og:image:width\" content=\"900\" \/>\n\t<meta property=\"og:image:height\" content=\"1089\" \/>\n\t<meta property=\"og:image:type\" content=\"image\/jpeg\" \/>\n<meta name=\"twitter:card\" content=\"summary_large_image\" \/>\n<meta name=\"twitter:label1\" content=\"Est. reading time\" \/>\n\t<meta name=\"twitter:data1\" content=\"1 minute\" \/>\n<script type=\"application\/ld+json\" class=\"yoast-schema-graph\">{\"@context\":\"https:\\\/\\\/schema.org\",\"@graph\":[{\"@type\":\"WebPage\",\"@id\":\"https:\\\/\\\/palosaarenporotila.fi\\\/en\\\/accommodation-summer\\\/\",\"url\":\"https:\\\/\\\/palosaarenporotila.fi\\\/en\\\/accommodation-summer\\\/\",\"name\":\"Accommodation on a Reindeer farm in summer - Palosaari Reindeer and Fishing Farm, Kuusamo, Finland\",\"isPartOf\":{\"@id\":\"https:\\\/\\\/palosaarenporotila.fi\\\/en\\\/#website\"},\"primaryImageOfPage\":{\"@id\":\"https:\\\/\\\/palosaarenporotila.fi\\\/en\\\/accommodation-summer\\\/#primaryimage\"},\"image\":{\"@id\":\"https:\\\/\\\/palosaarenporotila.fi\\\/en\\\/accommodation-summer\\\/#primaryimage\"},\"thumbnailUrl\":\"https:\\\/\\\/palosaarenporotila.fi\\\/wp-content\\\/uploads\\\/2021\\\/10\\\/Ulkoa-1.jpg\",\"datePublished\":\"2021-05-11T11:17:35+00:00\",\"dateModified\":\"2021-10-11T11:38:21+00:00\",\"description\":\"Enjoy the view of countryside through large landscape windows or you can also enjoy the summer feel and beautiful scenery outside on the terrace\",\"breadcrumb\":{\"@id\":\"https:\\\/\\\/palosaarenporotila.fi\\\/en\\\/accommodation-summer\\\/#breadcrumb\"},\"inLanguage\":\"en-US\",\"potentialAction\":[{\"@type\":\"ReadAction\",\"target\":[\"https:\\\/\\\/palosaarenporotila.fi\\\/en\\\/accommodation-summer\\\/\"]}]},{\"@type\":\"ImageObject\",\"inLanguage\":\"en-US\",\"@id\":\"https:\\\/\\\/palosaarenporotila.fi\\\/en\\\/accommodation-summer\\\/#primaryimage\",\"url\":\"https:\\\/\\\/palosaarenporotila.fi\\\/wp-content\\\/uploads\\\/2021\\\/10\\\/Ulkoa-1.jpg\",\"contentUrl\":\"https:\\\/\\\/palosaarenporotila.fi\\\/wp-content\\\/uploads\\\/2021\\\/10\\\/Ulkoa-1.jpg\",\"width\":900,\"height\":1089},{\"@type\":\"BreadcrumbList\",\"@id\":\"https:\\\/\\\/palosaarenporotila.fi\\\/en\\\/accommodation-summer\\\/#breadcrumb\",\"itemListElement\":[{\"@type\":\"ListItem\",\"position\":1,\"name\":\"Etusivu\",\"item\":\"https:\\\/\\\/palosaarenporotila.fi\\\/en\\\/\"},{\"@type\":\"ListItem\",\"position\":2,\"name\":\"Accommodation on a Reindeer farm in summer\"}]},{\"@type\":\"WebSite\",\"@id\":\"https:\\\/\\\/palosaarenporotila.fi\\\/en\\\/#website\",\"url\":\"https:\\\/\\\/palosaarenporotila.fi\\\/en\\\/\",\"name\":\"Palosaaren poro- ja kalastustila, Kuusamo\",\"description\":\"El\u00e4myksellisi\u00e4 hetki\u00e4 luonnossa\",\"publisher\":{\"@id\":\"https:\\\/\\\/palosaarenporotila.fi\\\/en\\\/#organization\"},\"potentialAction\":[{\"@type\":\"SearchAction\",\"target\":{\"@type\":\"EntryPoint\",\"urlTemplate\":\"https:\\\/\\\/palosaarenporotila.fi\\\/en\\\/?s={search_term_string}\"},\"query-input\":{\"@type\":\"PropertyValueSpecification\",\"valueRequired\":true,\"valueName\":\"search_term_string\"}}],\"inLanguage\":\"en-US\"},{\"@type\":\"Organization\",\"@id\":\"https:\\\/\\\/palosaarenporotila.fi\\\/en\\\/#organization\",\"name\":\"Palosaaren poro- ja kalastustila\",\"url\":\"https:\\\/\\\/palosaarenporotila.fi\\\/en\\\/\",\"logo\":{\"@type\":\"ImageObject\",\"inLanguage\":\"en-US\",\"@id\":\"https:\\\/\\\/palosaarenporotila.fi\\\/en\\\/#\\\/schema\\\/logo\\\/image\\\/\",\"url\":\"https:\\\/\\\/palosaarenporotila.fi\\\/wp-content\\\/uploads\\\/2020\\\/12\\\/logo-m-fi.png\",\"contentUrl\":\"https:\\\/\\\/palosaarenporotila.fi\\\/wp-content\\\/uploads\\\/2020\\\/12\\\/logo-m-fi.png\",\"width\":450,\"height\":109,\"caption\":\"Palosaaren poro- ja kalastustila\"},\"image\":{\"@id\":\"https:\\\/\\\/palosaarenporotila.fi\\\/en\\\/#\\\/schema\\\/logo\\\/image\\\/\"},\"sameAs\":[\"https:\\\/\\\/www.facebook.com\\\/reindeerranchfinland\\\/\",\"https:\\\/\\\/www.instagram.com\\\/reindeerandfishingranch\\\/\"]}]}<\/script>\n<!-- \/ Yoast SEO plugin. -->","yoast_head_json":{"title":"Accommodation on a Reindeer farm in summer - Palosaari Reindeer and Fishing Farm, Kuusamo, Finland","description":"Enjoy the view of countryside through large landscape windows or you can also enjoy the summer feel and beautiful scenery outside on the terrace","robots":{"index":"index","follow":"follow","max-snippet":"max-snippet:-1","max-image-preview":"max-image-preview:large","max-video-preview":"max-video-preview:-1"},"canonical":"https:\/\/palosaarenporotila.fi\/en\/accommodation-summer\/","og_locale":"en_US","og_type":"article","og_title":"Accommodation on a Reindeer farm in summer - Palosaari Reindeer and Fishing Farm, Kuusamo, Finland","og_description":"Enjoy the view of countryside through large landscape windows or you can also enjoy the summer feel and beautiful scenery outside on the terrace","og_url":"https:\/\/palosaarenporotila.fi\/en\/accommodation-summer\/","og_site_name":"Palosaari Reindeer and Fishing Farm, Kuusamo, Finland","article_publisher":"https:\/\/www.facebook.com\/reindeerranchfinland\/","article_modified_time":"2021-10-11T11:38:21+00:00","og_image":[{"width":900,"height":1089,"url":"https:\/\/palosaarenporotila.fi\/wp-content\/uploads\/2021\/10\/Ulkoa-1.jpg","type":"image\/jpeg"}],"twitter_card":"summary_large_image","twitter_misc":{"Est. reading time":"1 minute"},"schema":{"@context":"https:\/\/schema.org","@graph":[{"@type":"WebPage","@id":"https:\/\/palosaarenporotila.fi\/en\/accommodation-summer\/","url":"https:\/\/palosaarenporotila.fi\/en\/accommodation-summer\/","name":"Accommodation on a Reindeer farm in summer - Palosaari Reindeer and Fishing Farm, Kuusamo, Finland","isPartOf":{"@id":"https:\/\/palosaarenporotila.fi\/en\/#website"},"primaryImageOfPage":{"@id":"https:\/\/palosaarenporotila.fi\/en\/accommodation-summer\/#primaryimage"},"image":{"@id":"https:\/\/palosaarenporotila.fi\/en\/accommodation-summer\/#primaryimage"},"thumbnailUrl":"https:\/\/palosaarenporotila.fi\/wp-content\/uploads\/2021\/10\/Ulkoa-1.jpg","datePublished":"2021-05-11T11:17:35+00:00","dateModified":"2021-10-11T11:38:21+00:00","description":"Enjoy the view of countryside through large landscape windows or you can also enjoy the summer feel and beautiful scenery outside on the terrace","breadcrumb":{"@id":"https:\/\/palosaarenporotila.fi\/en\/accommodation-summer\/#breadcrumb"},"inLanguage":"en-US","potentialAction":[{"@type":"ReadAction","target":["https:\/\/palosaarenporotila.fi\/en\/accommodation-summer\/"]}]},{"@type":"ImageObject","inLanguage":"en-US","@id":"https:\/\/palosaarenporotila.fi\/en\/accommodation-summer\/#primaryimage","url":"https:\/\/palosaarenporotila.fi\/wp-content\/uploads\/2021\/10\/Ulkoa-1.jpg","contentUrl":"https:\/\/palosaarenporotila.fi\/wp-content\/uploads\/2021\/10\/Ulkoa-1.jpg","width":900,"height":1089},{"@type":"BreadcrumbList","@id":"https:\/\/palosaarenporotila.fi\/en\/accommodation-summer\/#breadcrumb","itemListElement":[{"@type":"ListItem","position":1,"name":"Etusivu","item":"https:\/\/palosaarenporotila.fi\/en\/"},{"@type":"ListItem","position":2,"name":"Accommodation on a Reindeer farm in summer"}]},{"@type":"WebSite","@id":"https:\/\/palosaarenporotila.fi\/en\/#website","url":"https:\/\/palosaarenporotila.fi\/en\/","name":"Palosaaren poro- ja kalastustila, Kuusamo","description":"El\u00e4myksellisi\u00e4 hetki\u00e4 luonnossa","publisher":{"@id":"https:\/\/palosaarenporotila.fi\/en\/#organization"},"potentialAction":[{"@type":"SearchAction","target":{"@type":"EntryPoint","urlTemplate":"https:\/\/palosaarenporotila.fi\/en\/?s={search_term_string}"},"query-input":{"@type":"PropertyValueSpecification","valueRequired":true,"valueName":"search_term_string"}}],"inLanguage":"en-US"},{"@type":"Organization","@id":"https:\/\/palosaarenporotila.fi\/en\/#organization","name":"Palosaaren poro- ja kalastustila","url":"https:\/\/palosaarenporotila.fi\/en\/","logo":{"@type":"ImageObject","inLanguage":"en-US","@id":"https:\/\/palosaarenporotila.fi\/en\/#\/schema\/logo\/image\/","url":"https:\/\/palosaarenporotila.fi\/wp-content\/uploads\/2020\/12\/logo-m-fi.png","contentUrl":"https:\/\/palosaarenporotila.fi\/wp-content\/uploads\/2020\/12\/logo-m-fi.png","width":450,"height":109,"caption":"Palosaaren poro- ja kalastustila"},"image":{"@id":"https:\/\/palosaarenporotila.fi\/en\/#\/schema\/logo\/image\/"},"sameAs":["https:\/\/www.facebook.com\/reindeerranchfinland\/","https:\/\/www.instagram.com\/reindeerandfishingranch\/"]}]}},"_links":{"self":[{"href":"https:\/\/palosaarenporotila.fi\/en\/wp-json\/wp\/v2\/pages\/2262","targetHints":{"allow":["GET"]}}],"collection":[{"href":"https:\/\/palosaarenporotila.fi\/en\/wp-json\/wp\/v2\/pages"}],"about":[{"href":"https:\/\/palosaarenporotila.fi\/en\/wp-json\/wp\/v2\/types\/page"}],"author":[{"embeddable":true,"href":"https:\/\/palosaarenporotila.fi\/en\/wp-json\/wp\/v2\/users\/1"}],"replies":[{"embeddable":true,"href":"https:\/\/palosaarenporotila.fi\/en\/wp-json\/wp\/v2\/comments?post=2262"}],"version-history":[{"count":0,"href":"https:\/\/palosaarenporotila.fi\/en\/wp-json\/wp\/v2\/pages\/2262\/revisions"}],"wp:featuredmedia":[{"embeddable":true,"href":"https:\/\/palosaarenporotila.fi\/en\/wp-json\/wp\/v2\/media\/2950"}],"wp:attachment":[{"href":"https:\/\/palosaarenporotila.fi\/en\/wp-json\/wp\/v2\/media?parent=2262"}],"curies":[{"name":"wp","href":"https:\/\/api.w.org\/{rel}","templated":true}]}}