{"id":2378,"date":"2021-06-01T08:00:50","date_gmt":"2021-06-01T05:00:50","guid":{"rendered":"https:\/\/palosaarenporotila.fi\/nature-and-wellbeing\/kuusamon-noita\/"},"modified":"2025-12-02T09:42:44","modified_gmt":"2025-12-02T07:42:44","slug":"kuusamon-noita","status":"publish","type":"page","link":"https:\/\/palosaarenporotila.fi\/en\/nature-and-wellbeing\/kuusamon-noita\/","title":{"rendered":"Lady Shaman \u0301s visit"},"content":{"rendered":"<ul>\n<li>\n<p>        <img decoding=\"async\" src=\"\/wp-content\/uploads\/2021\/06\/kuusamonnoita2.jpg\" alt=\"\"><\/p>\n<h3>kuusamonnoita2<\/h3>\n<\/li>\n<li>\n<p>        <img decoding=\"async\" src=\"\/wp-content\/uploads\/2021\/06\/noita2.jpg\" alt=\"\"><\/p>\n<h3>noita2<\/h3>\n<\/li>\n<\/ul>\n<h1>Kuusamo Shaman \u0301s visit<\/h1>\n<div>\n<p data-start=\"166\" data-end=\"544\">A visit from the Shaman of Kuusamo is an ancient northern welcome \u2013 a moment where guests step into a world of stories, nature, and the deep-rooted traditions of reindeer herding. The visit is perfect as an arrival or farewell ceremony for travellers, as well as a unique programme element for events and celebrations that call for a touch of northern mystique and authenticity.<\/p>\n<p data-start=\"918\" data-end=\"1254\">During the ceremony, the Shaman tells a short story about life in these forests. Through his tale, guests are guided into a world where people live side by side with nature and learn to listen to its silent messages. For a moment, visitors become part of the timeless tradition carried by reindeer herders throughout the ages.<\/p>\n<p data-start=\"1256\" data-end=\"1553\">Drawing strength from nature, the Shaman performs small rituals intended to awaken and strengthen what is good \u2014 warmth, clear memories, and a sense of inner balance. Her intention is to ensure that the most beautiful experiences of the journey or celebration are carried home deeply in the heart.<\/p>\n<p data-start=\"1555\" data-end=\"1869\">In closing, the Shaman offers gentle guidance for walking a happy and balanced life. She takes each guest momentarily under her protection, ending the ceremony with a blessing that carries a sense of safety and belonging \u2014 and a promise that the doors of Kuusamo will always remain open, ready to welcome them back.<\/p>\n<p data-start=\"1555\" data-end=\"1869\"><strong>Please ask awaylable times: <\/strong><\/p>\n<p data-start=\"1555\" data-end=\"1869\"><strong>Email; satu@palosaarenporotila.fi<\/strong><\/p>\n<p data-start=\"1555\" data-end=\"1869\"><strong>phone\/whatsupp; +358443399441<\/strong><\/p>\n<\/div>\n<ul>\n<li>\n<h3>Duration<\/h3>\n<p>15-30 min. according to the customer&#8217;s wishes and the size of the group<\/p>\n<\/li>\n<li>\n<h3>Price<\/h3>\n<p>250 \u20ac <\/p>\n<\/li>\n<li>\n<h3>Price incl.<\/h3>\n<p>incl. Travel allowance in the Ruka-Kuusamo area<\/p>\n<\/li>\n<\/ul>\n<h4>Bookings and inguiries<\/h4>\n<div>\n<div class=\"wpforms-container wpforms-container-full\" id=\"wpforms-494\"><form id=\"wpforms-form-494\" class=\"wpforms-validate wpforms-form\" data-formid=\"494\" method=\"post\" enctype=\"multipart\/form-data\" action=\"\/en\/wp-json\/wp\/v2\/pages\/2378\" data-token=\"2a05219aefe9676906507a8df717ad9f\" data-token-time=\"1775520092\"><noscript class=\"wpforms-error-noscript\">Please enable JavaScript in your browser to complete this form.<\/noscript><div class=\"wpforms-field-container\"><div id=\"wpforms-494-field_7-container\" class=\"wpforms-field wpforms-field-html\" data-field-id=\"7\"><div id=\"wpforms-494-field_7\">You must accept cookies in order to use the form. You can change the settings at the bottom of the page under \"Cookie settings\"<\/div><\/div><div id=\"wpforms-494-field_1-container\" class=\"wpforms-field wpforms-field-text\" data-field-id=\"1\"><label class=\"wpforms-field-label\" for=\"wpforms-494-field_1\">Name <span class=\"wpforms-required-label\">*<\/span><\/label><input type=\"text\" id=\"wpforms-494-field_1\" class=\"wpforms-field-large wpforms-field-required\" name=\"wpforms[fields][1]\" required><\/div><div id=\"wpforms-494-field_2-container\" class=\"wpforms-field wpforms-field-text\" data-field-id=\"2\"><label class=\"wpforms-field-label\" for=\"wpforms-494-field_2\">Phone <span class=\"wpforms-required-label\">*<\/span><\/label><input type=\"text\" id=\"wpforms-494-field_2\" class=\"wpforms-field-large wpforms-field-required\" name=\"wpforms[fields][2]\" required><\/div><div id=\"wpforms-494-field_3-container\" class=\"wpforms-field wpforms-field-email\" data-field-id=\"3\"><label class=\"wpforms-field-label\" for=\"wpforms-494-field_3\">Email <span class=\"wpforms-required-label\">*<\/span><\/label><input type=\"email\" id=\"wpforms-494-field_3\" class=\"wpforms-field-large wpforms-field-required\" name=\"wpforms[fields][3]\" spellcheck=\"false\" required><\/div><div id=\"wpforms-494-field_4-container\" class=\"wpforms-field wpforms-field-text wpforms-one-half wpforms-first\" data-field-id=\"4\"><label class=\"wpforms-field-label\" for=\"wpforms-494-field_4\">Date<\/label><input type=\"text\" id=\"wpforms-494-field_4\" class=\"wpforms-field-large\" name=\"wpforms[fields][4]\" ><\/div><div id=\"wpforms-494-field_5-container\" class=\"wpforms-field wpforms-field-text wpforms-one-half\" data-field-id=\"5\"><label class=\"wpforms-field-label\" for=\"wpforms-494-field_5\">Number of participants<\/label><input type=\"text\" id=\"wpforms-494-field_5\" class=\"wpforms-field-large\" name=\"wpforms[fields][5]\" ><\/div><div id=\"wpforms-494-field_6-container\" class=\"wpforms-field wpforms-field-textarea\" data-field-id=\"6\"><label class=\"wpforms-field-label\" for=\"wpforms-494-field_6\">Message<\/label><textarea id=\"wpforms-494-field_6\" class=\"wpforms-field-medium\" name=\"wpforms[fields][6]\" ><\/textarea><\/div><\/div><!-- .wpforms-field-container --><div class=\"wpforms-recaptcha-container wpforms-is-recaptcha wpforms-is-recaptcha-type-v3\" ><input type=\"hidden\" name=\"wpforms[recaptcha]\" value=\"\"><\/div><div class=\"wpforms-submit-container\" ><input type=\"hidden\" name=\"wpforms[id]\" value=\"494\"><input type=\"hidden\" name=\"page_title\" value=\"\"><input type=\"hidden\" name=\"page_url\" value=\"https:\/\/palosaarenporotila.fi\/en\/wp-json\/wp\/v2\/pages\/2378\"><input type=\"hidden\" name=\"url_referer\" value=\"\"><button type=\"submit\" name=\"wpforms[submit]\" id=\"wpforms-submit-494\" class=\"wpforms-submit\" data-alt-text=\"Sending...\" data-submit-text=\"Send\" aria-live=\"assertive\" value=\"wpforms-submit\">Send<\/button><\/div><\/form><\/div>  <!-- .wpforms-container -->\n<\/div>\n<p><!--more--><br \/>\n<!-- {\"name\":\"tuotekortti\",\"type\":\"layout\",\"children\":[{\"type\":\"section\",\"props\":{\"image_position\":\"center-center\",\"style\":\"default\",\"title_breakpoint\":\"xl\",\"title_position\":\"top-left\",\"title_rotation\":\"left\",\"vertical_align\":\"\",\"width\":\"default\"},\"children\":[{\"type\":\"row\",\"props\":{\"column_gap\":\"collapse\",\"row_gap\":\"collapse\"},\"children\":[{\"type\":\"column\",\"props\":{\"image_position\":\"center-center\",\"image_size\":\"cover\",\"padding\":\"large\",\"position_sticky_breakpoint\":\"m\"},\"children\":[{\"type\":\"gallery\",\"props\":{\"content_display\":\"lightbox\",\"filter_align\":\"left\",\"filter_all\":true,\"filter_grid_breakpoint\":\"m\",\"filter_grid_width\":\"auto\",\"filter_position\":\"top\",\"filter_style\":\"tab\",\"grid_column_gap\":\"collapse\",\"grid_default\":\"1\",\"grid_medium\":\"\",\"grid_row_gap\":\"collapse\",\"grid_small\":\"2\",\"image_height\":\"650\",\"image_width\":\"800\",\"item_animation\":true,\"lightbox\":true,\"lightbox_bg_close\":true,\"link_style\":\"\",\"link_text\":\"\",\"margin\":\"default\",\"meta_align\":\"below-title\",\"meta_element\":\"div\",\"meta_style\":\"text-meta\",\"overlay_hover\":true,\"overlay_link\":true,\"overlay_mode\":\"caption\",\"overlay_position\":\"center\",\"overlay_style\":\"\",\"overlay_transition\":\"fade\",\"parallax_easing\":\"1\",\"show_content\":true,\"show_hover_image\":true,\"show_hover_video\":true,\"show_link\":true,\"show_meta\":true,\"show_title\":false,\"text_align\":\"center\",\"text_color\":\"light\",\"title_element\":\"h3\",\"title_hover_style\":\"reset\"},\"children\":[{\"type\":\"gallery_item\",\"props\":{\"image\":\"wp-content\\\/uploads\\\/2021\\\/06\\\/kuusamonnoita2.jpg\",\"title\":\"kuusamonnoita2\"}},{\"type\":\"gallery_item\",\"props\":{\"image\":\"wp-content\\\/uploads\\\/2021\\\/06\\\/noita2.jpg\",\"title\":\"noita2\"}}]}]}]},{\"type\":\"row\",\"props\":{\"layout\":\"2-3,1-3\"},\"children\":[{\"type\":\"column\",\"props\":{\"image_position\":\"center-center\",\"position_sticky_breakpoint\":\"m\",\"width_medium\":\"2-3\"},\"children\":[{\"type\":\"headline\",\"props\":{\"content\":\"Kuusamo Shaman \\u0301s visit\",\"title_element\":\"h1\",\"title_style\":\"h1\"}},{\"type\":\"text\",\"props\":{\"column_breakpoint\":\"m\",\"content\":\"\n\n<p data-start=\\\"166\\\" data-end=\\\"544\\\">A visit from the Shaman of Kuusamo is an ancient northern welcome \\u2013 a moment where guests step into a world of stories, nature, and the deep-rooted traditions of reindeer herding. The visit is perfect as an arrival or farewell ceremony for travellers, as well as a unique programme element for events and celebrations that call for a touch of northern mystique and authenticity.<\\\/p>\\n\n\n<p data-start=\\\"918\\\" data-end=\\\"1254\\\">During the ceremony, the Shaman tells a short story about life in these forests. Through his tale, guests are guided into a world where people live side by side with nature and learn to listen to its silent messages. For a moment, visitors become part of the timeless tradition carried by reindeer herders throughout the ages.<\\\/p>\\n\n\n<p data-start=\\\"1256\\\" data-end=\\\"1553\\\">Drawing strength from nature, the Shaman performs small rituals intended to awaken and strengthen what is good \\u2014 warmth, clear memories, and a sense of inner balance. Her intention is to ensure that the most beautiful experiences of the journey or celebration are carried home deeply in the heart.<\\\/p>\\n\n\n<p data-start=\\\"1555\\\" data-end=\\\"1869\\\">In closing, the Shaman offers gentle guidance for walking a happy and balanced life. She takes each guest momentarily under her protection, ending the ceremony with a blessing that carries a sense of safety and belonging \\u2014 and a promise that the doors of Kuusamo will always remain open, ready to welcome them back.<\\\/p>\\n\n\n<p data-start=\\\"1555\\\" data-end=\\\"1869\\\"><strong>Please ask awaylable times: <\\\/strong><\\\/p>\\n\n\n<p data-start=\\\"1555\\\" data-end=\\\"1869\\\"><strong>Email; satu@palosaarenporotila.fi<\\\/strong><\\\/p>\\n\n\n<p data-start=\\\"1555\\\" data-end=\\\"1869\\\"><strong>phone\\\/whatsupp; +358443399441<\\\/strong><\\\/p>\",\"margin\":\"default\"}},{\"type\":\"description_list\",\"props\":{\"column_breakpoint\":\"m\",\"layout\":\"grid-2\",\"list_element\":\"ul\",\"list_style\":\"striped\",\"meta_align\":\"below-content\",\"meta_style\":\"\",\"show_content\":true,\"show_link\":true,\"show_meta\":true,\"show_title\":true,\"title_colon\":true,\"title_element\":\"div\",\"title_grid_breakpoint\":\"s\",\"title_grid_column_gap\":\"small\",\"title_grid_row_gap\":\"small\",\"title_grid_width\":\"small\"},\"children\":[{\"type\":\"description_list_item\",\"props\":{\"content\":\"\",\"meta\":\"15-30 min. according to the customer's wishes and the size of the group\",\"title\":\"Duration\"}},{\"type\":\"description_list_item\",\"props\":{\"meta\":\"250 \\u20ac \",\"title\":\"Price\"}},{\"type\":\"description_list_item\",\"props\":{\"meta\":\"incl. Travel allowance in the Ruka-Kuusamo area\",\"title\":\"Price incl.\"}}]}]},{\"type\":\"column\",\"props\":{\"image_position\":\"center-center\",\"position_sticky_breakpoint\":\"m\",\"width_medium\":\"1-3\"},\"children\":[{\"type\":\"headline\",\"props\":{\"content\":\"Bookings and inguiries\",\"title_decoration\":\"divider\",\"title_element\":\"h4\",\"title_style\":\"h4\"}},{\"type\":\"text\",\"props\":{\"column_breakpoint\":\"m\",\"content\":\"\n\n<p>[wpforms id=\\\"494\\\"]<\\\/p>\",\"margin\":\"default\"}}]}]}]}],\"version\":\"4.5.28\"} --><\/p>\n","protected":false},"excerpt":{"rendered":"<p>kuusamonnoita2 noita2 Kuusamo Shaman \u0301s visit A visit from the Shaman of Kuusamo is an ancient northern welcome \u2013 a moment where guests step into a world of stories, nature, and the deep-rooted traditions of reindeer herding. The visit is perfect as an arrival or farewell ceremony for travellers, as well as a unique programme [&hellip;]<\/p>\n","protected":false},"author":1,"featured_media":0,"parent":646,"menu_order":0,"comment_status":"closed","ping_status":"closed","template":"","meta":{"footnotes":""},"class_list":["post-2378","page","type-page","status-publish","hentry"],"yoast_head":"<!-- This site is optimized with the Yoast SEO plugin v27.3 - https:\/\/yoast.com\/product\/yoast-seo-wordpress\/ -->\n<title>Lady Shaman \u0301s visit - Palosaari Reindeer and Fishing Farm, Kuusamo, Finland<\/title>\n<meta name=\"robots\" content=\"index, follow, max-snippet:-1, max-image-preview:large, max-video-preview:-1\" \/>\n<link rel=\"canonical\" href=\"https:\/\/palosaarenporotila.fi\/en\/nature-and-wellbeing\/kuusamon-noita\/\" \/>\n<meta property=\"og:locale\" content=\"en_US\" \/>\n<meta property=\"og:type\" content=\"article\" \/>\n<meta property=\"og:title\" content=\"Lady Shaman \u0301s visit - Palosaari Reindeer and Fishing Farm, Kuusamo, Finland\" \/>\n<meta property=\"og:description\" content=\"kuusamonnoita2 noita2 Kuusamo Shaman \u0301s visit A visit from the Shaman of Kuusamo is an ancient northern welcome \u2013 a moment where guests step into a world of stories, nature, and the deep-rooted traditions of reindeer herding. The visit is perfect as an arrival or farewell ceremony for travellers, as well as a unique programme [&hellip;]\" \/>\n<meta property=\"og:url\" content=\"https:\/\/palosaarenporotila.fi\/en\/nature-and-wellbeing\/kuusamon-noita\/\" \/>\n<meta property=\"og:site_name\" content=\"Palosaari Reindeer and Fishing Farm, Kuusamo, Finland\" \/>\n<meta property=\"article:publisher\" content=\"https:\/\/www.facebook.com\/reindeerranchfinland\/\" \/>\n<meta property=\"article:modified_time\" content=\"2025-12-02T07:42:44+00:00\" \/>\n<meta name=\"twitter:card\" content=\"summary_large_image\" \/>\n<meta name=\"twitter:label1\" content=\"Est. reading time\" \/>\n\t<meta name=\"twitter:data1\" content=\"1 minute\" \/>\n<script type=\"application\/ld+json\" class=\"yoast-schema-graph\">{\"@context\":\"https:\\\/\\\/schema.org\",\"@graph\":[{\"@type\":\"WebPage\",\"@id\":\"https:\\\/\\\/palosaarenporotila.fi\\\/en\\\/nature-and-wellbeing\\\/kuusamon-noita\\\/\",\"url\":\"https:\\\/\\\/palosaarenporotila.fi\\\/en\\\/nature-and-wellbeing\\\/kuusamon-noita\\\/\",\"name\":\"Lady Shaman \u0301s visit - Palosaari Reindeer and Fishing Farm, Kuusamo, Finland\",\"isPartOf\":{\"@id\":\"https:\\\/\\\/palosaarenporotila.fi\\\/en\\\/#website\"},\"datePublished\":\"2021-06-01T05:00:50+00:00\",\"dateModified\":\"2025-12-02T07:42:44+00:00\",\"breadcrumb\":{\"@id\":\"https:\\\/\\\/palosaarenporotila.fi\\\/en\\\/nature-and-wellbeing\\\/kuusamon-noita\\\/#breadcrumb\"},\"inLanguage\":\"en-US\",\"potentialAction\":[{\"@type\":\"ReadAction\",\"target\":[\"https:\\\/\\\/palosaarenporotila.fi\\\/en\\\/nature-and-wellbeing\\\/kuusamon-noita\\\/\"]}]},{\"@type\":\"BreadcrumbList\",\"@id\":\"https:\\\/\\\/palosaarenporotila.fi\\\/en\\\/nature-and-wellbeing\\\/kuusamon-noita\\\/#breadcrumb\",\"itemListElement\":[{\"@type\":\"ListItem\",\"position\":1,\"name\":\"Etusivu\",\"item\":\"https:\\\/\\\/palosaarenporotila.fi\\\/en\\\/\"},{\"@type\":\"ListItem\",\"position\":2,\"name\":\"Nature &#038; wellbeing\",\"item\":\"https:\\\/\\\/palosaarenporotila.fi\\\/en\\\/luonto-hyvinvointi\\\/\"},{\"@type\":\"ListItem\",\"position\":3,\"name\":\"Lady Shaman \u0301s visit\"}]},{\"@type\":\"WebSite\",\"@id\":\"https:\\\/\\\/palosaarenporotila.fi\\\/en\\\/#website\",\"url\":\"https:\\\/\\\/palosaarenporotila.fi\\\/en\\\/\",\"name\":\"Palosaaren poro- ja kalastustila, Kuusamo\",\"description\":\"El\u00e4myksellisi\u00e4 hetki\u00e4 luonnossa\",\"publisher\":{\"@id\":\"https:\\\/\\\/palosaarenporotila.fi\\\/en\\\/#organization\"},\"potentialAction\":[{\"@type\":\"SearchAction\",\"target\":{\"@type\":\"EntryPoint\",\"urlTemplate\":\"https:\\\/\\\/palosaarenporotila.fi\\\/en\\\/?s={search_term_string}\"},\"query-input\":{\"@type\":\"PropertyValueSpecification\",\"valueRequired\":true,\"valueName\":\"search_term_string\"}}],\"inLanguage\":\"en-US\"},{\"@type\":\"Organization\",\"@id\":\"https:\\\/\\\/palosaarenporotila.fi\\\/en\\\/#organization\",\"name\":\"Palosaaren poro- ja kalastustila\",\"url\":\"https:\\\/\\\/palosaarenporotila.fi\\\/en\\\/\",\"logo\":{\"@type\":\"ImageObject\",\"inLanguage\":\"en-US\",\"@id\":\"https:\\\/\\\/palosaarenporotila.fi\\\/en\\\/#\\\/schema\\\/logo\\\/image\\\/\",\"url\":\"https:\\\/\\\/palosaarenporotila.fi\\\/wp-content\\\/uploads\\\/2020\\\/12\\\/logo-m-fi.png\",\"contentUrl\":\"https:\\\/\\\/palosaarenporotila.fi\\\/wp-content\\\/uploads\\\/2020\\\/12\\\/logo-m-fi.png\",\"width\":450,\"height\":109,\"caption\":\"Palosaaren poro- ja kalastustila\"},\"image\":{\"@id\":\"https:\\\/\\\/palosaarenporotila.fi\\\/en\\\/#\\\/schema\\\/logo\\\/image\\\/\"},\"sameAs\":[\"https:\\\/\\\/www.facebook.com\\\/reindeerranchfinland\\\/\",\"https:\\\/\\\/www.instagram.com\\\/reindeerandfishingranch\\\/\"]}]}<\/script>\n<!-- \/ Yoast SEO plugin. -->","yoast_head_json":{"title":"Lady Shaman \u0301s visit - Palosaari Reindeer and Fishing Farm, Kuusamo, Finland","robots":{"index":"index","follow":"follow","max-snippet":"max-snippet:-1","max-image-preview":"max-image-preview:large","max-video-preview":"max-video-preview:-1"},"canonical":"https:\/\/palosaarenporotila.fi\/en\/nature-and-wellbeing\/kuusamon-noita\/","og_locale":"en_US","og_type":"article","og_title":"Lady Shaman \u0301s visit - Palosaari Reindeer and Fishing Farm, Kuusamo, Finland","og_description":"kuusamonnoita2 noita2 Kuusamo Shaman \u0301s visit A visit from the Shaman of Kuusamo is an ancient northern welcome \u2013 a moment where guests step into a world of stories, nature, and the deep-rooted traditions of reindeer herding. The visit is perfect as an arrival or farewell ceremony for travellers, as well as a unique programme [&hellip;]","og_url":"https:\/\/palosaarenporotila.fi\/en\/nature-and-wellbeing\/kuusamon-noita\/","og_site_name":"Palosaari Reindeer and Fishing Farm, Kuusamo, Finland","article_publisher":"https:\/\/www.facebook.com\/reindeerranchfinland\/","article_modified_time":"2025-12-02T07:42:44+00:00","twitter_card":"summary_large_image","twitter_misc":{"Est. reading time":"1 minute"},"schema":{"@context":"https:\/\/schema.org","@graph":[{"@type":"WebPage","@id":"https:\/\/palosaarenporotila.fi\/en\/nature-and-wellbeing\/kuusamon-noita\/","url":"https:\/\/palosaarenporotila.fi\/en\/nature-and-wellbeing\/kuusamon-noita\/","name":"Lady Shaman \u0301s visit - Palosaari Reindeer and Fishing Farm, Kuusamo, Finland","isPartOf":{"@id":"https:\/\/palosaarenporotila.fi\/en\/#website"},"datePublished":"2021-06-01T05:00:50+00:00","dateModified":"2025-12-02T07:42:44+00:00","breadcrumb":{"@id":"https:\/\/palosaarenporotila.fi\/en\/nature-and-wellbeing\/kuusamon-noita\/#breadcrumb"},"inLanguage":"en-US","potentialAction":[{"@type":"ReadAction","target":["https:\/\/palosaarenporotila.fi\/en\/nature-and-wellbeing\/kuusamon-noita\/"]}]},{"@type":"BreadcrumbList","@id":"https:\/\/palosaarenporotila.fi\/en\/nature-and-wellbeing\/kuusamon-noita\/#breadcrumb","itemListElement":[{"@type":"ListItem","position":1,"name":"Etusivu","item":"https:\/\/palosaarenporotila.fi\/en\/"},{"@type":"ListItem","position":2,"name":"Nature &#038; wellbeing","item":"https:\/\/palosaarenporotila.fi\/en\/luonto-hyvinvointi\/"},{"@type":"ListItem","position":3,"name":"Lady Shaman \u0301s visit"}]},{"@type":"WebSite","@id":"https:\/\/palosaarenporotila.fi\/en\/#website","url":"https:\/\/palosaarenporotila.fi\/en\/","name":"Palosaaren poro- ja kalastustila, Kuusamo","description":"El\u00e4myksellisi\u00e4 hetki\u00e4 luonnossa","publisher":{"@id":"https:\/\/palosaarenporotila.fi\/en\/#organization"},"potentialAction":[{"@type":"SearchAction","target":{"@type":"EntryPoint","urlTemplate":"https:\/\/palosaarenporotila.fi\/en\/?s={search_term_string}"},"query-input":{"@type":"PropertyValueSpecification","valueRequired":true,"valueName":"search_term_string"}}],"inLanguage":"en-US"},{"@type":"Organization","@id":"https:\/\/palosaarenporotila.fi\/en\/#organization","name":"Palosaaren poro- ja kalastustila","url":"https:\/\/palosaarenporotila.fi\/en\/","logo":{"@type":"ImageObject","inLanguage":"en-US","@id":"https:\/\/palosaarenporotila.fi\/en\/#\/schema\/logo\/image\/","url":"https:\/\/palosaarenporotila.fi\/wp-content\/uploads\/2020\/12\/logo-m-fi.png","contentUrl":"https:\/\/palosaarenporotila.fi\/wp-content\/uploads\/2020\/12\/logo-m-fi.png","width":450,"height":109,"caption":"Palosaaren poro- ja kalastustila"},"image":{"@id":"https:\/\/palosaarenporotila.fi\/en\/#\/schema\/logo\/image\/"},"sameAs":["https:\/\/www.facebook.com\/reindeerranchfinland\/","https:\/\/www.instagram.com\/reindeerandfishingranch\/"]}]}},"_links":{"self":[{"href":"https:\/\/palosaarenporotila.fi\/en\/wp-json\/wp\/v2\/pages\/2378","targetHints":{"allow":["GET"]}}],"collection":[{"href":"https:\/\/palosaarenporotila.fi\/en\/wp-json\/wp\/v2\/pages"}],"about":[{"href":"https:\/\/palosaarenporotila.fi\/en\/wp-json\/wp\/v2\/types\/page"}],"author":[{"embeddable":true,"href":"https:\/\/palosaarenporotila.fi\/en\/wp-json\/wp\/v2\/users\/1"}],"replies":[{"embeddable":true,"href":"https:\/\/palosaarenporotila.fi\/en\/wp-json\/wp\/v2\/comments?post=2378"}],"version-history":[{"count":6,"href":"https:\/\/palosaarenporotila.fi\/en\/wp-json\/wp\/v2\/pages\/2378\/revisions"}],"predecessor-version":[{"id":4702,"href":"https:\/\/palosaarenporotila.fi\/en\/wp-json\/wp\/v2\/pages\/2378\/revisions\/4702"}],"up":[{"embeddable":true,"href":"https:\/\/palosaarenporotila.fi\/en\/wp-json\/wp\/v2\/pages\/646"}],"wp:attachment":[{"href":"https:\/\/palosaarenporotila.fi\/en\/wp-json\/wp\/v2\/media?parent=2378"}],"curies":[{"name":"wp","href":"https:\/\/api.w.org\/{rel}","templated":true}]}}