{"id":3022,"date":"2021-10-11T14:32:57","date_gmt":"2021-10-11T11:32:57","guid":{"rendered":"https:\/\/palosaarenporotila.fi\/majoitu-porotilalla-talvella\/"},"modified":"2021-10-11T14:38:34","modified_gmt":"2021-10-11T11:38:34","slug":"accommodation-winter","status":"publish","type":"page","link":"https:\/\/palosaarenporotila.fi\/en\/accommodation-winter\/","title":{"rendered":"Accommodation on Reindeer farm in winter"},"content":{"rendered":"<ul>\n<li>\n<p>        <img decoding=\"async\" src=\"\/wp-content\/uploads\/2021\/10\/Nook.jpg\" alt=\"majoitu-porotilalla\"><\/p>\n<h3>tervetuloa<\/h3>\n<p>poronook<\/p>\n<\/li>\n<li>\n<p>        <img decoding=\"async\" src=\"\/wp-content\/uploads\/2021\/10\/Nook3.jpg\" alt=\"\"><\/p>\n<\/li>\n<li>\n<p>        <img decoding=\"async\" src=\"\/wp-content\/uploads\/2021\/10\/Nook8.jpg\" alt=\"\"><\/p>\n<\/li>\n<li>\n<p>        <img decoding=\"async\" src=\"\/wp-content\/uploads\/2021\/10\/Nook10.jpg\" alt=\"\"><\/p>\n<\/li>\n<\/ul>\n<h1>Majoitu porotilalla talvella<\/h1>\n<div>\n<p>Tervetuloa nauttimaan rauhasta ja maalaistunnelmasta porotilalla.<\/p>\n<p>Poronook on varattavissa j\u00e4lleen kes\u00e4kaudella 17.6.-2.10.2022.<\/p>\n<p>M\u00f6kkivaunu<strong> PoroNook<\/strong> sijoittuu porotilan parhaalle n\u00e4k\u00f6alapaikalle omaan rauhaisaan pellon nurkkaukseen. PoroNook on sviitti jossa on parivuode, oma wc, minikeitti\u00f6, puulla l\u00e4mpi\u00e4v\u00e4 sauna ja ulkoterassi. PoroNookin saa l\u00e4mpim\u00e4ksi takan avulla ja siirrett\u00e4v\u00e4 ilmastointilaite viilent\u00e4\u00e4 tehokkaasti. PoroNookin akut latautuvat aurinkopaneeleilla.\u00a0<\/p>\n<p>Nautiskele suurten maisemaikkunoiden tarjoamasta maalaismaisemasta ja y\u00f6tt\u00f6m\u00e4n y\u00f6n kohokohdista k\u00f6ll\u00f6tellen mukavasti parivuoteessa. PoroNook sis\u00e4lt\u00e4\u00e4 minikeitti\u00f6n, joka tarjoaa mahdollisuudet aterioiden valmistukseen ja ruoan s\u00e4ilytykseen. Huippuluokan puul\u00e4mmitteisen saunan korkealuokkaiset materiaalit takaavat nautinnolliset l\u00f6ylyt. Takan suuren lasiluukun l\u00e4pi on rentouttavaa seurata tulen r\u00e4tin\u00e4\u00e4 tai nautiskella kes\u00e4n tunnelmasta ja kauniista maisemasta ulkona terassilla istuskellen.<\/p>\n<p>Majoittujien k\u00e4yt\u00f6ss\u00e4 on grillauspaikka mets\u00e4n reunassa. Porotilan ymp\u00e4rist\u00f6ss\u00e4 on hyv\u00e4t mahdollisuudet patikointiin ja voit n\u00e4hd\u00e4 ja ruokkia poroja heid\u00e4n kotiaidassaan.<\/p>\n<\/p>\n<p>Katso<strong> lomatarjoukset ja varaa online osoitteesta booking.com<\/strong> tai varaa suoraan ja maksa paikan p\u00e4\u00e4ll\u00e4.<\/p>\n<p><strong>Hinta 120 euroa\/y\u00f6 tai 600 euroa\/viikko (<\/strong> sis. liinavaatteet, pyyhkeet, langattoman WiFin ja pys\u00e4k\u00f6innin)<\/p>\n<p>Varaukset ja lis\u00e4tietoja:<\/p>\n<p>posti@palosaarenporotila.fi<\/p>\n<p>+358(0) 40 589 1695<\/p>\n<\/div>\n<p>\n    <a href=\"https:\/\/www.booking.com\/hotel\/fi\/palosaaren-poro-ja-kalastustila.fi.html?label=gen173nr-1FCAEoggI46AdIM1gEaEiIAQGYAQy4AQfIAQzYAQHoAQH4AQuIAgGoAgO4AtXo44QGwAIB0gIkNmIyZGIyZDItZWRlMS00ZTJiLThkMGQtMGQxZjVkMWI2MDJk2AIG4AIB;sid=3191a0253a9384ebfbc2c5788702bf5f;all_sr_blocks=721671201_309407814_2_2_0;checkin=2021-07-15;checkout=2021-07-17;dest_id=-1373378;dest_type=city;dist=0;group_adults=2;group_children=0;hapos=1;highlighted_blocks=721671201_309407814_2_2_0;hpos=1;no_rooms=1;room1=A%2CA;sb_price_type=total;sr_order=popularity;sr_pri_blocks=721671201_309407814_2_2_0__19100;srepoch=1620636788;srpvid=1f8e3e79073d012e;type=total;ucfs=1&#038;\">Varaa online<\/a>\n<\/p>\n<p><!--more--><br \/>\n<!-- {\"name\":\"majoitu kes\\u00e4ll\\u00e4\",\"type\":\"layout\",\"children\":[{\"type\":\"section\",\"props\":{\"style\":\"default\",\"width\":\"default\",\"vertical_align\":\"middle\",\"title_position\":\"top-left\",\"title_rotation\":\"left\",\"title_breakpoint\":\"xl\",\"image_position\":\"center-center\",\"image\":\"\"},\"children\":[{\"type\":\"row\",\"props\":{\"layout\":\"1-2,1-2\",\"column_gap\":\"collapse\",\"row_gap\":\"collapse\"},\"children\":[{\"type\":\"column\",\"props\":{\"image_position\":\"center-center\",\"media_overlay_gradient\":\"\",\"width_medium\":\"1-2\",\"image\":\"wp-content\\\/uploads\\\/2021\\\/10\\\/palosaarenporotila-majoitus-kuusamo.jpg\",\"image_size\":\"cover\",\"padding\":\"large\",\"width_small\":\"1-2\"},\"children\":[]},{\"type\":\"column\",\"props\":{\"image_position\":\"center-center\",\"media_overlay_gradient\":\"\",\"width_medium\":\"1-2\",\"width_small\":\"1-2\"},\"children\":[{\"type\":\"gallery\",\"props\":{\"show_title\":false,\"show_meta\":true,\"show_content\":true,\"show_link\":true,\"show_hover_image\":true,\"grid_default\":\"2\",\"grid_medium\":\"\",\"filter_style\":\"tab\",\"filter_all\":true,\"filter_position\":\"top\",\"filter_align\":\"left\",\"filter_grid_width\":\"auto\",\"filter_grid_breakpoint\":\"m\",\"overlay_mode\":\"caption\",\"overlay_hover\":true,\"overlay_style\":\"\",\"text_color\":\"light\",\"overlay_position\":\"center\",\"overlay_transition\":\"fade\",\"title_hover_style\":\"reset\",\"title_element\":\"h3\",\"meta_style\":\"meta\",\"meta_align\":\"below-title\",\"meta_element\":\"div\",\"link_text\":\"\",\"link_style\":\"\",\"text_align\":\"center\",\"margin\":\"default\",\"item_animation\":true,\"grid_column_gap\":\"collapse\",\"grid_row_gap\":\"collapse\",\"grid_small\":\"2\",\"image_width\":\"800\",\"image_height\":\"650\",\"lightbox\":true,\"overlay_link\":true,\"content_display\":\"lightbox\"},\"children\":[{\"type\":\"gallery_item\",\"props\":{\"image\":\"wp-content\\\/uploads\\\/2021\\\/10\\\/Nook.jpg\",\"title\":\"tervetuloa\",\"image_alt\":\"majoitu-porotilalla\",\"meta\":\"poronook\"}},{\"type\":\"gallery_item\",\"props\":{\"image\":\"wp-content\\\/uploads\\\/2021\\\/10\\\/Nook3.jpg\"}},{\"type\":\"gallery_item\",\"props\":{\"image\":\"wp-content\\\/uploads\\\/2021\\\/10\\\/Nook8.jpg\"}},{\"type\":\"gallery_item\",\"props\":{\"image\":\"wp-content\\\/uploads\\\/2021\\\/10\\\/Nook10.jpg\"}}]}]}]},{\"type\":\"row\",\"props\":{\"layout\":\"2-3,1-3\"},\"children\":[{\"type\":\"column\",\"props\":{\"image_position\":\"center-center\",\"media_overlay_gradient\":\"\",\"width_medium\":\"2-3\"},\"children\":[{\"type\":\"headline\",\"props\":{\"title_element\":\"h1\",\"content\":\"Majoitu porotilalla talvella\",\"title_style\":\"h1\"}},{\"type\":\"text\",\"props\":{\"margin\":\"default\",\"column_breakpoint\":\"m\",\"content\":\"\n\n<p>Tervetuloa nauttimaan rauhasta ja maalaistunnelmasta porotilalla.<\\\/p>\\n\n\n<p>Poronook on varattavissa j\\u00e4lleen kes\\u00e4kaudella 17.6.-2.10.2022.<\\\/p>\\n\n\n<p>M\\u00f6kkivaunu<strong> PoroNook<\\\/strong> sijoittuu porotilan parhaalle n\\u00e4k\\u00f6alapaikalle omaan rauhaisaan pellon nurkkaukseen. PoroNook on sviitti jossa on parivuode, oma wc, minikeitti\\u00f6, puulla l\\u00e4mpi\\u00e4v\\u00e4 sauna ja ulkoterassi. PoroNookin saa l\\u00e4mpim\\u00e4ksi takan avulla ja siirrett\\u00e4v\\u00e4 ilmastointilaite viilent\\u00e4\\u00e4 tehokkaasti. PoroNookin akut latautuvat aurinkopaneeleilla.\\u00a0<\\\/p>\\n\n\n<p>Nautiskele suurten maisemaikkunoiden tarjoamasta maalaismaisemasta ja y\\u00f6tt\\u00f6m\\u00e4n y\\u00f6n kohokohdista k\\u00f6ll\\u00f6tellen mukavasti parivuoteessa. PoroNook sis\\u00e4lt\\u00e4\\u00e4 minikeitti\\u00f6n, joka tarjoaa mahdollisuudet aterioiden valmistukseen ja ruoan s\\u00e4ilytykseen. Huippuluokan puul\\u00e4mmitteisen saunan korkealuokkaiset materiaalit takaavat nautinnolliset l\\u00f6ylyt. Takan suuren lasiluukun l\\u00e4pi on rentouttavaa seurata tulen r\\u00e4tin\\u00e4\\u00e4 tai nautiskella kes\\u00e4n tunnelmasta ja kauniista maisemasta ulkona terassilla istuskellen.<\\\/p>\\n\n\n<p>Majoittujien k\\u00e4yt\\u00f6ss\\u00e4 on grillauspaikka mets\\u00e4n reunassa. Porotilan ymp\\u00e4rist\\u00f6ss\\u00e4 on hyv\\u00e4t mahdollisuudet patikointiin ja voit n\\u00e4hd\\u00e4 ja ruokkia poroja heid\\u00e4n kotiaidassaan.<\\\/p>\\n\n\n<p><\\\/p>\\n\n\n<p>Katso<strong> lomatarjoukset ja varaa online osoitteesta booking.com<\\\/strong> tai varaa suoraan ja maksa paikan p\\u00e4\\u00e4ll\\u00e4.<\\\/p>\\n\n\n<p><strong>Hinta 120 euroa\\\/y\\u00f6 tai 600 euroa\\\/viikko (<\\\/strong> sis. liinavaatteet, pyyhkeet, langattoman WiFin ja pys\\u00e4k\\u00f6innin)<\\\/p>\\n\n\n<p>Varaukset ja lis\\u00e4tietoja:<\\\/p>\\n\n\n<p>posti@palosaarenporotila.fi<\\\/p>\\n\n\n<p>+358(0) 40 589 1695<\\\/p>\"}}]},{\"type\":\"column\",\"props\":{\"image_position\":\"center-center\",\"media_overlay_gradient\":\"\",\"width_medium\":\"1-3\"},\"children\":[{\"type\":\"button\",\"props\":{\"grid_column_gap\":\"small\",\"grid_row_gap\":\"small\",\"margin\":\"default\"},\"children\":[{\"type\":\"button_item\",\"props\":{\"button_style\":\"primary\",\"icon_align\":\"left\",\"content\":\"Varaa online\",\"link\":\"https:\\\/\\\/www.booking.com\\\/hotel\\\/fi\\\/palosaaren-poro-ja-kalastustila.fi.html?label=gen173nr-1FCAEoggI46AdIM1gEaEiIAQGYAQy4AQfIAQzYAQHoAQH4AQuIAgGoAgO4AtXo44QGwAIB0gIkNmIyZGIyZDItZWRlMS00ZTJiLThkMGQtMGQxZjVkMWI2MDJk2AIG4AIB;sid=3191a0253a9384ebfbc2c5788702bf5f;all_sr_blocks=721671201_309407814_2_2_0;checkin=2021-07-15;checkout=2021-07-17;dest_id=-1373378;dest_type=city;dist=0;group_adults=2;group_children=0;hapos=1;highlighted_blocks=721671201_309407814_2_2_0;hpos=1;no_rooms=1;room1=A%2CA;sb_price_type=total;sr_order=popularity;sr_pri_blocks=721671201_309407814_2_2_0__19100;srepoch=1620636788;srpvid=1f8e3e79073d012e;type=total;ucfs=1&\",\"link_target\":\"blank\"}}]}]}]}]}],\"version\":\"2.6.5\"} --><\/p>\n","protected":false},"excerpt":{"rendered":"<p>tervetuloa poronook Majoitu porotilalla talvella Tervetuloa nauttimaan rauhasta ja maalaistunnelmasta porotilalla. Poronook on varattavissa j\u00e4lleen kes\u00e4kaudella 17.6.-2.10.2022. M\u00f6kkivaunu PoroNook sijoittuu porotilan parhaalle n\u00e4k\u00f6alapaikalle omaan rauhaisaan pellon nurkkaukseen. PoroNook on sviitti jossa on parivuode, oma wc, minikeitti\u00f6, puulla l\u00e4mpi\u00e4v\u00e4 sauna ja ulkoterassi. PoroNookin saa l\u00e4mpim\u00e4ksi takan avulla ja siirrett\u00e4v\u00e4 ilmastointilaite viilent\u00e4\u00e4 tehokkaasti. PoroNookin akut latautuvat aurinkopaneeleilla.\u00a0 [&hellip;]<\/p>\n","protected":false},"author":1,"featured_media":0,"parent":0,"menu_order":0,"comment_status":"closed","ping_status":"closed","template":"","meta":{"footnotes":""},"class_list":["post-3022","page","type-page","status-publish","hentry"],"yoast_head":"<!-- This site is optimized with the Yoast SEO plugin v27.3 - https:\/\/yoast.com\/product\/yoast-seo-wordpress\/ -->\n<title>Accommodation on Reindeer farm in winter - Palosaari Reindeer and Fishing Farm, Kuusamo, Finland<\/title>\n<meta name=\"robots\" content=\"index, follow, max-snippet:-1, max-image-preview:large, max-video-preview:-1\" \/>\n<link rel=\"canonical\" href=\"https:\/\/palosaarenporotila.fi\/en\/accommodation-winter\/\" \/>\n<meta property=\"og:locale\" content=\"en_US\" \/>\n<meta property=\"og:type\" content=\"article\" \/>\n<meta property=\"og:title\" content=\"Accommodation on Reindeer farm in winter - Palosaari Reindeer and Fishing Farm, Kuusamo, Finland\" \/>\n<meta property=\"og:description\" content=\"tervetuloa poronook Majoitu porotilalla talvella Tervetuloa nauttimaan rauhasta ja maalaistunnelmasta porotilalla. Poronook on varattavissa j\u00e4lleen kes\u00e4kaudella 17.6.-2.10.2022. M\u00f6kkivaunu PoroNook sijoittuu porotilan parhaalle n\u00e4k\u00f6alapaikalle omaan rauhaisaan pellon nurkkaukseen. PoroNook on sviitti jossa on parivuode, oma wc, minikeitti\u00f6, puulla l\u00e4mpi\u00e4v\u00e4 sauna ja ulkoterassi. PoroNookin saa l\u00e4mpim\u00e4ksi takan avulla ja siirrett\u00e4v\u00e4 ilmastointilaite viilent\u00e4\u00e4 tehokkaasti. PoroNookin akut latautuvat aurinkopaneeleilla.\u00a0 [&hellip;]\" \/>\n<meta property=\"og:url\" content=\"https:\/\/palosaarenporotila.fi\/en\/accommodation-winter\/\" \/>\n<meta property=\"og:site_name\" content=\"Palosaari Reindeer and Fishing Farm, Kuusamo, Finland\" \/>\n<meta property=\"article:publisher\" content=\"https:\/\/www.facebook.com\/reindeerranchfinland\/\" \/>\n<meta property=\"article:modified_time\" content=\"2021-10-11T11:38:34+00:00\" \/>\n<meta property=\"og:image\" content=\"https:\/\/palosaarenporotila.fi\/wp-content\/uploads\/2021\/10\/Nook.jpg\" \/>\n<meta name=\"twitter:card\" content=\"summary_large_image\" \/>\n<meta name=\"twitter:label1\" content=\"Est. reading time\" \/>\n\t<meta name=\"twitter:data1\" content=\"1 minute\" \/>\n<script type=\"application\/ld+json\" class=\"yoast-schema-graph\">{\"@context\":\"https:\\\/\\\/schema.org\",\"@graph\":[{\"@type\":\"WebPage\",\"@id\":\"https:\\\/\\\/palosaarenporotila.fi\\\/en\\\/accommodation-winter\\\/\",\"url\":\"https:\\\/\\\/palosaarenporotila.fi\\\/en\\\/accommodation-winter\\\/\",\"name\":\"Accommodation on Reindeer farm in winter - Palosaari Reindeer and Fishing Farm, Kuusamo, Finland\",\"isPartOf\":{\"@id\":\"https:\\\/\\\/palosaarenporotila.fi\\\/en\\\/#website\"},\"datePublished\":\"2021-10-11T11:32:57+00:00\",\"dateModified\":\"2021-10-11T11:38:34+00:00\",\"breadcrumb\":{\"@id\":\"https:\\\/\\\/palosaarenporotila.fi\\\/en\\\/accommodation-winter\\\/#breadcrumb\"},\"inLanguage\":\"en-US\",\"potentialAction\":[{\"@type\":\"ReadAction\",\"target\":[\"https:\\\/\\\/palosaarenporotila.fi\\\/en\\\/accommodation-winter\\\/\"]}]},{\"@type\":\"BreadcrumbList\",\"@id\":\"https:\\\/\\\/palosaarenporotila.fi\\\/en\\\/accommodation-winter\\\/#breadcrumb\",\"itemListElement\":[{\"@type\":\"ListItem\",\"position\":1,\"name\":\"Etusivu\",\"item\":\"https:\\\/\\\/palosaarenporotila.fi\\\/en\\\/\"},{\"@type\":\"ListItem\",\"position\":2,\"name\":\"Accommodation on Reindeer farm in winter\"}]},{\"@type\":\"WebSite\",\"@id\":\"https:\\\/\\\/palosaarenporotila.fi\\\/en\\\/#website\",\"url\":\"https:\\\/\\\/palosaarenporotila.fi\\\/en\\\/\",\"name\":\"Palosaaren poro- ja kalastustila, Kuusamo\",\"description\":\"El\u00e4myksellisi\u00e4 hetki\u00e4 luonnossa\",\"publisher\":{\"@id\":\"https:\\\/\\\/palosaarenporotila.fi\\\/en\\\/#organization\"},\"potentialAction\":[{\"@type\":\"SearchAction\",\"target\":{\"@type\":\"EntryPoint\",\"urlTemplate\":\"https:\\\/\\\/palosaarenporotila.fi\\\/en\\\/?s={search_term_string}\"},\"query-input\":{\"@type\":\"PropertyValueSpecification\",\"valueRequired\":true,\"valueName\":\"search_term_string\"}}],\"inLanguage\":\"en-US\"},{\"@type\":\"Organization\",\"@id\":\"https:\\\/\\\/palosaarenporotila.fi\\\/en\\\/#organization\",\"name\":\"Palosaaren poro- ja kalastustila\",\"url\":\"https:\\\/\\\/palosaarenporotila.fi\\\/en\\\/\",\"logo\":{\"@type\":\"ImageObject\",\"inLanguage\":\"en-US\",\"@id\":\"https:\\\/\\\/palosaarenporotila.fi\\\/en\\\/#\\\/schema\\\/logo\\\/image\\\/\",\"url\":\"https:\\\/\\\/palosaarenporotila.fi\\\/wp-content\\\/uploads\\\/2020\\\/12\\\/logo-m-fi.png\",\"contentUrl\":\"https:\\\/\\\/palosaarenporotila.fi\\\/wp-content\\\/uploads\\\/2020\\\/12\\\/logo-m-fi.png\",\"width\":450,\"height\":109,\"caption\":\"Palosaaren poro- ja kalastustila\"},\"image\":{\"@id\":\"https:\\\/\\\/palosaarenporotila.fi\\\/en\\\/#\\\/schema\\\/logo\\\/image\\\/\"},\"sameAs\":[\"https:\\\/\\\/www.facebook.com\\\/reindeerranchfinland\\\/\",\"https:\\\/\\\/www.instagram.com\\\/reindeerandfishingranch\\\/\"]}]}<\/script>\n<!-- \/ Yoast SEO plugin. -->","yoast_head_json":{"title":"Accommodation on Reindeer farm in winter - Palosaari Reindeer and Fishing Farm, Kuusamo, Finland","robots":{"index":"index","follow":"follow","max-snippet":"max-snippet:-1","max-image-preview":"max-image-preview:large","max-video-preview":"max-video-preview:-1"},"canonical":"https:\/\/palosaarenporotila.fi\/en\/accommodation-winter\/","og_locale":"en_US","og_type":"article","og_title":"Accommodation on Reindeer farm in winter - Palosaari Reindeer and Fishing Farm, Kuusamo, Finland","og_description":"tervetuloa poronook Majoitu porotilalla talvella Tervetuloa nauttimaan rauhasta ja maalaistunnelmasta porotilalla. Poronook on varattavissa j\u00e4lleen kes\u00e4kaudella 17.6.-2.10.2022. M\u00f6kkivaunu PoroNook sijoittuu porotilan parhaalle n\u00e4k\u00f6alapaikalle omaan rauhaisaan pellon nurkkaukseen. PoroNook on sviitti jossa on parivuode, oma wc, minikeitti\u00f6, puulla l\u00e4mpi\u00e4v\u00e4 sauna ja ulkoterassi. PoroNookin saa l\u00e4mpim\u00e4ksi takan avulla ja siirrett\u00e4v\u00e4 ilmastointilaite viilent\u00e4\u00e4 tehokkaasti. PoroNookin akut latautuvat aurinkopaneeleilla.\u00a0 [&hellip;]","og_url":"https:\/\/palosaarenporotila.fi\/en\/accommodation-winter\/","og_site_name":"Palosaari Reindeer and Fishing Farm, Kuusamo, Finland","article_publisher":"https:\/\/www.facebook.com\/reindeerranchfinland\/","article_modified_time":"2021-10-11T11:38:34+00:00","og_image":[{"url":"https:\/\/palosaarenporotila.fi\/wp-content\/uploads\/2021\/10\/Nook.jpg","type":"","width":"","height":""}],"twitter_card":"summary_large_image","twitter_misc":{"Est. reading time":"1 minute"},"schema":{"@context":"https:\/\/schema.org","@graph":[{"@type":"WebPage","@id":"https:\/\/palosaarenporotila.fi\/en\/accommodation-winter\/","url":"https:\/\/palosaarenporotila.fi\/en\/accommodation-winter\/","name":"Accommodation on Reindeer farm in winter - Palosaari Reindeer and Fishing Farm, Kuusamo, Finland","isPartOf":{"@id":"https:\/\/palosaarenporotila.fi\/en\/#website"},"datePublished":"2021-10-11T11:32:57+00:00","dateModified":"2021-10-11T11:38:34+00:00","breadcrumb":{"@id":"https:\/\/palosaarenporotila.fi\/en\/accommodation-winter\/#breadcrumb"},"inLanguage":"en-US","potentialAction":[{"@type":"ReadAction","target":["https:\/\/palosaarenporotila.fi\/en\/accommodation-winter\/"]}]},{"@type":"BreadcrumbList","@id":"https:\/\/palosaarenporotila.fi\/en\/accommodation-winter\/#breadcrumb","itemListElement":[{"@type":"ListItem","position":1,"name":"Etusivu","item":"https:\/\/palosaarenporotila.fi\/en\/"},{"@type":"ListItem","position":2,"name":"Accommodation on Reindeer farm in winter"}]},{"@type":"WebSite","@id":"https:\/\/palosaarenporotila.fi\/en\/#website","url":"https:\/\/palosaarenporotila.fi\/en\/","name":"Palosaaren poro- ja kalastustila, Kuusamo","description":"El\u00e4myksellisi\u00e4 hetki\u00e4 luonnossa","publisher":{"@id":"https:\/\/palosaarenporotila.fi\/en\/#organization"},"potentialAction":[{"@type":"SearchAction","target":{"@type":"EntryPoint","urlTemplate":"https:\/\/palosaarenporotila.fi\/en\/?s={search_term_string}"},"query-input":{"@type":"PropertyValueSpecification","valueRequired":true,"valueName":"search_term_string"}}],"inLanguage":"en-US"},{"@type":"Organization","@id":"https:\/\/palosaarenporotila.fi\/en\/#organization","name":"Palosaaren poro- ja kalastustila","url":"https:\/\/palosaarenporotila.fi\/en\/","logo":{"@type":"ImageObject","inLanguage":"en-US","@id":"https:\/\/palosaarenporotila.fi\/en\/#\/schema\/logo\/image\/","url":"https:\/\/palosaarenporotila.fi\/wp-content\/uploads\/2020\/12\/logo-m-fi.png","contentUrl":"https:\/\/palosaarenporotila.fi\/wp-content\/uploads\/2020\/12\/logo-m-fi.png","width":450,"height":109,"caption":"Palosaaren poro- ja kalastustila"},"image":{"@id":"https:\/\/palosaarenporotila.fi\/en\/#\/schema\/logo\/image\/"},"sameAs":["https:\/\/www.facebook.com\/reindeerranchfinland\/","https:\/\/www.instagram.com\/reindeerandfishingranch\/"]}]}},"_links":{"self":[{"href":"https:\/\/palosaarenporotila.fi\/en\/wp-json\/wp\/v2\/pages\/3022","targetHints":{"allow":["GET"]}}],"collection":[{"href":"https:\/\/palosaarenporotila.fi\/en\/wp-json\/wp\/v2\/pages"}],"about":[{"href":"https:\/\/palosaarenporotila.fi\/en\/wp-json\/wp\/v2\/types\/page"}],"author":[{"embeddable":true,"href":"https:\/\/palosaarenporotila.fi\/en\/wp-json\/wp\/v2\/users\/1"}],"replies":[{"embeddable":true,"href":"https:\/\/palosaarenporotila.fi\/en\/wp-json\/wp\/v2\/comments?post=3022"}],"version-history":[{"count":0,"href":"https:\/\/palosaarenporotila.fi\/en\/wp-json\/wp\/v2\/pages\/3022\/revisions"}],"wp:attachment":[{"href":"https:\/\/palosaarenporotila.fi\/en\/wp-json\/wp\/v2\/media?parent=3022"}],"curies":[{"name":"wp","href":"https:\/\/api.w.org\/{rel}","templated":true}]}}