{"id":3117,"date":"2021-10-15T08:43:19","date_gmt":"2021-10-15T05:43:19","guid":{"rendered":"https:\/\/palosaarenporotila.fi\/nature-and-wellbeing\/rumpumeditaatio\/"},"modified":"2021-10-15T08:59:39","modified_gmt":"2021-10-15T05:59:39","slug":"drum-meditation-on-shamaans-journey","status":"publish","type":"page","link":"https:\/\/palosaarenporotila.fi\/en\/nature-and-wellbeing\/drum-meditation-on-shamaans-journey\/","title":{"rendered":"Drum meditation-On the Shamaan\u00b4s journey"},"content":{"rendered":"<div><script type=\"text\/javascript\" src=\"https:\/\/widgets.bokun.io\/assets\/javascripts\/apps\/build\/BokunWidgetsLoader.js?bookingChannelUUID=a263f2b6-ee5e-4c5f-b84d-cca8e08dbe19\" async><\/script><\/p>\n<div class=\"bokunWidget\" data-src=\"https:\/\/widgets.bokun.io\/online-sales\/a263f2b6-ee5e-4c5f-b84d-cca8e08dbe19\/experience\/654180\"><\/div>\n<p>    <noscript>Please enable javascript in your browser to book<\/noscript>\n<\/div>\n<p><!--more--><br \/>\n<!-- {\"type\":\"layout\",\"children\":[{\"type\":\"section\",\"props\":{\"style\":\"default\",\"width\":\"default\",\"vertical_align\":\"middle\",\"title_position\":\"top-left\",\"title_rotation\":\"left\",\"title_breakpoint\":\"xl\",\"image_position\":\"center-center\"},\"children\":[{\"type\":\"row\",\"children\":[{\"type\":\"column\",\"props\":{\"image_position\":\"center-center\",\"media_overlay_gradient\":\"\"},\"children\":[{\"type\":\"breadcrumbs\",\"props\":{\"show_home\":true,\"show_current\":true}},{\"type\":\"text\",\"props\":{\"margin\":\"default\",\"column_breakpoint\":\"m\",\"content\":\"<script type=\\\"text\\\/javascript\\\" src=\\\"https:\\\/\\\/widgets.bokun.io\\\/assets\\\/javascripts\\\/apps\\\/build\\\/BokunWidgetsLoader.js?bookingChannelUUID=a263f2b6-ee5e-4c5f-b84d-cca8e08dbe19\\\" async><\\\/script>\\n     \\n    \n\n<div class=\\\"bokunWidget\\\" data-src=\\\"https:\\\/\\\/widgets.bokun.io\\\/online-sales\\\/a263f2b6-ee5e-4c5f-b84d-cca8e08dbe19\\\/experience\\\/654180\\\"><\\\/div>\\n    <noscript>Please enable javascript in your browser to book<\\\/noscript>\\n\"}}]}]}]}],\"version\":\"2.6.6\"} --><\/p>\n","protected":false},"excerpt":{"rendered":"<p>Please enable javascript in your browser to book<\/p>\n","protected":false},"author":1,"featured_media":0,"parent":646,"menu_order":0,"comment_status":"closed","ping_status":"closed","template":"","meta":{"footnotes":""},"class_list":["post-3117","page","type-page","status-publish","hentry"],"yoast_head":"<!-- This site is optimized with the Yoast SEO plugin v27.3 - https:\/\/yoast.com\/product\/yoast-seo-wordpress\/ -->\n<title>Drum meditation-On the Shamaan\u00b4s journey - Palosaari Reindeer and Fishing Farm, Kuusamo, Finland<\/title>\n<meta name=\"robots\" content=\"index, follow, max-snippet:-1, max-image-preview:large, max-video-preview:-1\" \/>\n<link rel=\"canonical\" href=\"https:\/\/palosaarenporotila.fi\/en\/nature-and-wellbeing\/drum-meditation-on-shamaans-journey\/\" \/>\n<meta property=\"og:locale\" content=\"en_US\" \/>\n<meta property=\"og:type\" content=\"article\" \/>\n<meta property=\"og:title\" content=\"Drum meditation-On the Shamaan\u00b4s journey - Palosaari Reindeer and Fishing Farm, Kuusamo, Finland\" \/>\n<meta property=\"og:description\" content=\"Please enable javascript in your browser to book\" \/>\n<meta property=\"og:url\" content=\"https:\/\/palosaarenporotila.fi\/en\/nature-and-wellbeing\/drum-meditation-on-shamaans-journey\/\" \/>\n<meta property=\"og:site_name\" content=\"Palosaari Reindeer and Fishing Farm, Kuusamo, Finland\" \/>\n<meta property=\"article:publisher\" content=\"https:\/\/www.facebook.com\/reindeerranchfinland\/\" \/>\n<meta property=\"article:modified_time\" content=\"2021-10-15T05:59:39+00:00\" \/>\n<meta name=\"twitter:card\" content=\"summary_large_image\" \/>\n<script type=\"application\/ld+json\" class=\"yoast-schema-graph\">{\"@context\":\"https:\\\/\\\/schema.org\",\"@graph\":[{\"@type\":\"WebPage\",\"@id\":\"https:\\\/\\\/palosaarenporotila.fi\\\/en\\\/nature-and-wellbeing\\\/drum-meditation-on-shamaans-journey\\\/\",\"url\":\"https:\\\/\\\/palosaarenporotila.fi\\\/en\\\/nature-and-wellbeing\\\/drum-meditation-on-shamaans-journey\\\/\",\"name\":\"Drum meditation-On the Shamaan\u00b4s journey - Palosaari Reindeer and Fishing Farm, Kuusamo, Finland\",\"isPartOf\":{\"@id\":\"https:\\\/\\\/palosaarenporotila.fi\\\/en\\\/#website\"},\"datePublished\":\"2021-10-15T05:43:19+00:00\",\"dateModified\":\"2021-10-15T05:59:39+00:00\",\"breadcrumb\":{\"@id\":\"https:\\\/\\\/palosaarenporotila.fi\\\/en\\\/nature-and-wellbeing\\\/drum-meditation-on-shamaans-journey\\\/#breadcrumb\"},\"inLanguage\":\"en-US\",\"potentialAction\":[{\"@type\":\"ReadAction\",\"target\":[\"https:\\\/\\\/palosaarenporotila.fi\\\/en\\\/nature-and-wellbeing\\\/drum-meditation-on-shamaans-journey\\\/\"]}]},{\"@type\":\"BreadcrumbList\",\"@id\":\"https:\\\/\\\/palosaarenporotila.fi\\\/en\\\/nature-and-wellbeing\\\/drum-meditation-on-shamaans-journey\\\/#breadcrumb\",\"itemListElement\":[{\"@type\":\"ListItem\",\"position\":1,\"name\":\"Etusivu\",\"item\":\"https:\\\/\\\/palosaarenporotila.fi\\\/en\\\/\"},{\"@type\":\"ListItem\",\"position\":2,\"name\":\"Nature &#038; wellbeing\",\"item\":\"https:\\\/\\\/palosaarenporotila.fi\\\/en\\\/luonto-hyvinvointi\\\/\"},{\"@type\":\"ListItem\",\"position\":3,\"name\":\"Drum meditation-On the Shamaan\u00b4s journey\"}]},{\"@type\":\"WebSite\",\"@id\":\"https:\\\/\\\/palosaarenporotila.fi\\\/en\\\/#website\",\"url\":\"https:\\\/\\\/palosaarenporotila.fi\\\/en\\\/\",\"name\":\"Palosaaren poro- ja kalastustila, Kuusamo\",\"description\":\"El\u00e4myksellisi\u00e4 hetki\u00e4 luonnossa\",\"publisher\":{\"@id\":\"https:\\\/\\\/palosaarenporotila.fi\\\/en\\\/#organization\"},\"potentialAction\":[{\"@type\":\"SearchAction\",\"target\":{\"@type\":\"EntryPoint\",\"urlTemplate\":\"https:\\\/\\\/palosaarenporotila.fi\\\/en\\\/?s={search_term_string}\"},\"query-input\":{\"@type\":\"PropertyValueSpecification\",\"valueRequired\":true,\"valueName\":\"search_term_string\"}}],\"inLanguage\":\"en-US\"},{\"@type\":\"Organization\",\"@id\":\"https:\\\/\\\/palosaarenporotila.fi\\\/en\\\/#organization\",\"name\":\"Palosaaren poro- ja kalastustila\",\"url\":\"https:\\\/\\\/palosaarenporotila.fi\\\/en\\\/\",\"logo\":{\"@type\":\"ImageObject\",\"inLanguage\":\"en-US\",\"@id\":\"https:\\\/\\\/palosaarenporotila.fi\\\/en\\\/#\\\/schema\\\/logo\\\/image\\\/\",\"url\":\"https:\\\/\\\/palosaarenporotila.fi\\\/wp-content\\\/uploads\\\/2020\\\/12\\\/logo-m-fi.png\",\"contentUrl\":\"https:\\\/\\\/palosaarenporotila.fi\\\/wp-content\\\/uploads\\\/2020\\\/12\\\/logo-m-fi.png\",\"width\":450,\"height\":109,\"caption\":\"Palosaaren poro- ja kalastustila\"},\"image\":{\"@id\":\"https:\\\/\\\/palosaarenporotila.fi\\\/en\\\/#\\\/schema\\\/logo\\\/image\\\/\"},\"sameAs\":[\"https:\\\/\\\/www.facebook.com\\\/reindeerranchfinland\\\/\",\"https:\\\/\\\/www.instagram.com\\\/reindeerandfishingranch\\\/\"]}]}<\/script>\n<!-- \/ Yoast SEO plugin. -->","yoast_head_json":{"title":"Drum meditation-On the Shamaan\u00b4s journey - Palosaari Reindeer and Fishing Farm, Kuusamo, Finland","robots":{"index":"index","follow":"follow","max-snippet":"max-snippet:-1","max-image-preview":"max-image-preview:large","max-video-preview":"max-video-preview:-1"},"canonical":"https:\/\/palosaarenporotila.fi\/en\/nature-and-wellbeing\/drum-meditation-on-shamaans-journey\/","og_locale":"en_US","og_type":"article","og_title":"Drum meditation-On the Shamaan\u00b4s journey - Palosaari Reindeer and Fishing Farm, Kuusamo, Finland","og_description":"Please enable javascript in your browser to book","og_url":"https:\/\/palosaarenporotila.fi\/en\/nature-and-wellbeing\/drum-meditation-on-shamaans-journey\/","og_site_name":"Palosaari Reindeer and Fishing Farm, Kuusamo, Finland","article_publisher":"https:\/\/www.facebook.com\/reindeerranchfinland\/","article_modified_time":"2021-10-15T05:59:39+00:00","twitter_card":"summary_large_image","schema":{"@context":"https:\/\/schema.org","@graph":[{"@type":"WebPage","@id":"https:\/\/palosaarenporotila.fi\/en\/nature-and-wellbeing\/drum-meditation-on-shamaans-journey\/","url":"https:\/\/palosaarenporotila.fi\/en\/nature-and-wellbeing\/drum-meditation-on-shamaans-journey\/","name":"Drum meditation-On the Shamaan\u00b4s journey - Palosaari Reindeer and Fishing Farm, Kuusamo, Finland","isPartOf":{"@id":"https:\/\/palosaarenporotila.fi\/en\/#website"},"datePublished":"2021-10-15T05:43:19+00:00","dateModified":"2021-10-15T05:59:39+00:00","breadcrumb":{"@id":"https:\/\/palosaarenporotila.fi\/en\/nature-and-wellbeing\/drum-meditation-on-shamaans-journey\/#breadcrumb"},"inLanguage":"en-US","potentialAction":[{"@type":"ReadAction","target":["https:\/\/palosaarenporotila.fi\/en\/nature-and-wellbeing\/drum-meditation-on-shamaans-journey\/"]}]},{"@type":"BreadcrumbList","@id":"https:\/\/palosaarenporotila.fi\/en\/nature-and-wellbeing\/drum-meditation-on-shamaans-journey\/#breadcrumb","itemListElement":[{"@type":"ListItem","position":1,"name":"Etusivu","item":"https:\/\/palosaarenporotila.fi\/en\/"},{"@type":"ListItem","position":2,"name":"Nature &#038; wellbeing","item":"https:\/\/palosaarenporotila.fi\/en\/luonto-hyvinvointi\/"},{"@type":"ListItem","position":3,"name":"Drum meditation-On the Shamaan\u00b4s journey"}]},{"@type":"WebSite","@id":"https:\/\/palosaarenporotila.fi\/en\/#website","url":"https:\/\/palosaarenporotila.fi\/en\/","name":"Palosaaren poro- ja kalastustila, Kuusamo","description":"El\u00e4myksellisi\u00e4 hetki\u00e4 luonnossa","publisher":{"@id":"https:\/\/palosaarenporotila.fi\/en\/#organization"},"potentialAction":[{"@type":"SearchAction","target":{"@type":"EntryPoint","urlTemplate":"https:\/\/palosaarenporotila.fi\/en\/?s={search_term_string}"},"query-input":{"@type":"PropertyValueSpecification","valueRequired":true,"valueName":"search_term_string"}}],"inLanguage":"en-US"},{"@type":"Organization","@id":"https:\/\/palosaarenporotila.fi\/en\/#organization","name":"Palosaaren poro- ja kalastustila","url":"https:\/\/palosaarenporotila.fi\/en\/","logo":{"@type":"ImageObject","inLanguage":"en-US","@id":"https:\/\/palosaarenporotila.fi\/en\/#\/schema\/logo\/image\/","url":"https:\/\/palosaarenporotila.fi\/wp-content\/uploads\/2020\/12\/logo-m-fi.png","contentUrl":"https:\/\/palosaarenporotila.fi\/wp-content\/uploads\/2020\/12\/logo-m-fi.png","width":450,"height":109,"caption":"Palosaaren poro- ja kalastustila"},"image":{"@id":"https:\/\/palosaarenporotila.fi\/en\/#\/schema\/logo\/image\/"},"sameAs":["https:\/\/www.facebook.com\/reindeerranchfinland\/","https:\/\/www.instagram.com\/reindeerandfishingranch\/"]}]}},"_links":{"self":[{"href":"https:\/\/palosaarenporotila.fi\/en\/wp-json\/wp\/v2\/pages\/3117","targetHints":{"allow":["GET"]}}],"collection":[{"href":"https:\/\/palosaarenporotila.fi\/en\/wp-json\/wp\/v2\/pages"}],"about":[{"href":"https:\/\/palosaarenporotila.fi\/en\/wp-json\/wp\/v2\/types\/page"}],"author":[{"embeddable":true,"href":"https:\/\/palosaarenporotila.fi\/en\/wp-json\/wp\/v2\/users\/1"}],"replies":[{"embeddable":true,"href":"https:\/\/palosaarenporotila.fi\/en\/wp-json\/wp\/v2\/comments?post=3117"}],"version-history":[{"count":0,"href":"https:\/\/palosaarenporotila.fi\/en\/wp-json\/wp\/v2\/pages\/3117\/revisions"}],"up":[{"embeddable":true,"href":"https:\/\/palosaarenporotila.fi\/en\/wp-json\/wp\/v2\/pages\/646"}],"wp:attachment":[{"href":"https:\/\/palosaarenporotila.fi\/en\/wp-json\/wp\/v2\/media?parent=3117"}],"curies":[{"name":"wp","href":"https:\/\/api.w.org\/{rel}","templated":true}]}}