{"id":486,"date":"2020-12-22T12:38:40","date_gmt":"2020-12-22T10:38:40","guid":{"rendered":"http:\/\/palosaarenporotila.fi\/uusi\/kalastus\/"},"modified":"2021-05-10T12:58:40","modified_gmt":"2021-05-10T09:58:40","slug":"fishing","status":"publish","type":"page","link":"https:\/\/palosaarenporotila.fi\/en\/fishing\/","title":{"rendered":"Fishing"},"content":{"rendered":"<h1>Fishing programs<\/h1>\n<ul>\n<li>\n        <a href=\"tel:+358405891695\">+358 40 589 1695<\/a>\n    <\/li>\n<li>\n        <a href=\"https:\/\/goo.gl\/maps\/ehjd9riY9WK2\">Location<\/a>\n    <\/li>\n<li>\n        <a href=\"https:\/\/www.facebook.com\/reindeerranchfinland\/\">Facebook<\/a>\n    <\/li>\n<li>\n        <a href=\"https:\/\/www.instagram.com\/reindeerandfishingranch\/\">Instagram<\/a>\n    <\/li>\n<\/ul>\n<div>\n<p>Beautiful and peaceful nature is waiting for you. Get to know reindeers and the life of reindeers and reindeer herds. Try your fishing skills in the lake where rainbow trout, whitefish, graylings and pikes are waiting for you. Come to hear stories by the fire about the fishes which escaped.<\/p>\n<p>We customize the programs according to the wishes of the customers and groups, for example camp school.<\/p>\n<p>The prices include the VAT. Maximum group size is 30 people, larger groups ask for an offer price!<\/p>\n<p>We are open on demand.<\/p>\n<\/div>\n<h3>BY ADVANCE BOOKING<\/h3>\n<ul>\n<li>\n<p>        <img decoding=\"async\" src=\"\/wp-content\/uploads\/2020\/12\/purje-evia-etsimassa.jpg\" alt=\"Purje-evi\u00e4 etsim\u00e4ss\u00e4\"><\/p>\n<h3>Searching for greyling<\/h3>\n<p>5 h<\/p>\n<div>\n<p><strong>WEEKLY PROGRAM, book online<\/strong><\/p>\n<p>We head to River Kitka or Kuusinki or to our &#8220;secret river&#8221;. Fishing guide has been looking for the best spots.<\/p>\n<\/div>\n<p><a href=\"\/en\/fishing\/searching-graylings\/\">Read more and book<\/a><\/p>\n<\/li>\n<li>\n<p>        <img decoding=\"async\" src=\"\/wp-content\/uploads\/2021\/05\/kalastus-luontoretki3.jpg\" alt=\"Kalastus- ja luontoretki\"><\/p>\n<h3>Fishing and nature hike<\/h3>\n<div>\n<p><strong>WEEKLY PROGRAM, book online<\/strong><\/p>\n<p>We\u2019ll feed the reindeers at the fence and after that we will have a short hike (app 1,5 km).\u00a0<\/p>\n<\/div>\n<p><a href=\"\/en\/fishing\/fishing-nature-hike\/\">Read more and book<\/a><\/p>\n<\/li>\n<li>\n<p>        <img decoding=\"async\" src=\"\/wp-content\/uploads\/2021\/01\/harjusta-perholla.jpg\" alt=\"Purje-evi\u00e4 ja taimenta\"><\/p>\n<h3>Greyling and trout<\/h3>\n<p>7-9 h<\/p>\n<div>\n<p>Fishing guide has been looking for the best spots. When night is starting to fall we start to aim trout. Trout from Lake Paana behaves like a salmon when entering, so the opponent is crafty.<\/p>\n<\/div>\n<p><a href=\"\/kalastus\/harjuksia-ja-taimenta\/\">Read more and book<\/a><\/p>\n<\/li>\n<li>\n<p>        <img decoding=\"async\" src=\"\/wp-content\/uploads\/2021\/01\/perhokalastusta-aloittelijoille.jpg\" alt=\"Perhokalastusta aloittelijoille\"><\/p>\n<h3>Fly fishing course for beginners<\/h3>\n<p>5-6 h<\/p>\n<div>\n<p>You will learn basics about fly fishing, history and highlight of your day will be fly fishing by the river.<\/p>\n<\/div>\n<p><a href=\"\/en\/fishing\/fly-fishing-for-beginners\/\">Read more and book<\/a><\/p>\n<\/li>\n<li>\n<p>        <img decoding=\"async\" src=\"\/wp-content\/uploads\/2021\/01\/Keskiyo-kesa-kalastus-luonto.jpg\" alt=\"Keskiy\u00f6n kalaretki\"><\/p>\n<h3>Midnight fishing trip<\/h3>\n<p>4 h<\/p>\n<div>\n<p>You\u2019ll hear tips on how to catch the fish from the lake. You\u2019ll hear our fishing stories and start to fly. We\u2019ll fish in a wilderness pond.<\/p>\n<\/div>\n<p><a href=\"\/en\/fishing\/midnight-fishing-trip\/\">Read more and book<\/a><\/p>\n<\/li>\n<li>\n<p>        <img decoding=\"async\" src=\"\/wp-content\/uploads\/2021\/01\/pilkkiretki-ongella.jpg\" alt=\"Pilkkiretki\"><\/p>\n<h3>Ice Fishing<\/h3>\n<p>3-5 h<\/p>\n<div>\n<p>We start our program from the reindeer farm where we feed reindeers. After feeding reindeers we\u2019ll go ice fishing at the pond.<\/p>\n<\/div>\n<p><a href=\"\/en\/fishing\/ice-fishing\/\">Read more and book<\/a><\/p>\n<\/li>\n<li>\n<p>        <img decoding=\"async\" src=\"https:\/\/palosaarenporotila.fi\/wp-content\/uploads\/2020\/12\/20180829_125907.jpg\" alt=\"Kalastusreissu Ruotsin lappiin\"><\/p>\n<h3>Fishing Trip to Lapland<\/h3>\n<p>at least 3 fishing days<\/p>\n<div>\n<p>We will have helicopter flight to fjells. We are mainly fishing grayling and trout, but if we take short hike up to the mountain there is lakes where arctic chars are hiding.<\/p>\n<\/div>\n<p><a href=\"\/kalastus\/kalastusreissu-ruotsin-lappiin-kesa\/\">Read more and book<\/a><\/p>\n<\/li>\n<\/ul>\n<p><!--more--><br \/>\n<!-- {\"name\":\"porotila\",\"type\":\"layout\",\"children\":[{\"type\":\"section\",\"props\":{\"style\":\"default\",\"width\":\"default\",\"vertical_align\":\"middle\",\"title_position\":\"top-left\",\"title_rotation\":\"left\",\"title_breakpoint\":\"xl\",\"image_position\":\"center-center\",\"image\":\"wp-content\\\/uploads\\\/2021\\\/01\\\/kalastus-kuusamossa-iso.jpg\",\"media_overlay\":\"rgba(0, 0, 0, 0.3)\",\"image_size\":\"cover\",\"text_color\":\"light\",\"header_transparent\":\"light\",\"padding\":\"large\"},\"children\":[{\"type\":\"row\",\"children\":[{\"type\":\"column\",\"props\":{\"image_position\":\"center-center\",\"media_overlay_gradient\":\"\"},\"children\":[{\"type\":\"headline\",\"props\":{\"title_element\":\"h1\",\"content\":\"Fishing programs\",\"title_style\":\"h1\",\"block_align\":\"right\",\"block_align_breakpoint\":\"m\",\"block_align_fallback\":\"center\",\"text_align\":\"right\"}},{\"type\":\"button\",\"props\":{\"grid_column_gap\":\"small\",\"grid_row_gap\":\"small\",\"margin\":\"default\",\"text_align\":\"right\"},\"children\":[{\"type\":\"button_item\",\"props\":{\"button_style\":\"text\",\"icon_align\":\"left\",\"content\":\"+358 40 589 1695\",\"link\":\"tel:+358405891695\",\"icon\":\"receiver\"}},{\"type\":\"button_item\",\"props\":{\"button_style\":\"text\",\"icon_align\":\"left\",\"content\":\"Location\",\"link\":\"https:\\\/\\\/goo.gl\\\/maps\\\/ehjd9riY9WK2\",\"link_target\":\"blank\",\"icon\":\"location\"}},{\"type\":\"button_item\",\"props\":{\"button_style\":\"text\",\"icon_align\":\"left\",\"content\":\"Facebook\",\"link\":\"https:\\\/\\\/www.facebook.com\\\/reindeerranchfinland\\\/\",\"icon\":\"facebook\"}},{\"type\":\"button_item\",\"props\":{\"button_style\":\"text\",\"icon_align\":\"left\",\"link\":\"https:\\\/\\\/www.instagram.com\\\/reindeerandfishingranch\\\/\",\"content\":\"Instagram\",\"icon\":\"instagram\"}}],\"modified\":\"2021-01-11T13:59:31.114Z\",\"name\":\"yhteystiedot en yl\\u00e4osa\"}]}]}]},{\"type\":\"section\",\"props\":{\"style\":\"default\",\"width\":\"default\",\"vertical_align\":\"middle\",\"title_position\":\"top-left\",\"title_rotation\":\"left\",\"title_breakpoint\":\"xl\",\"image_position\":\"center-center\",\"padding_remove_bottom\":true},\"children\":[{\"type\":\"row\",\"children\":[{\"type\":\"column\",\"props\":{\"image_position\":\"center-center\",\"media_overlay_gradient\":\"\",\"width_medium\":\"\"},\"children\":[{\"type\":\"text\",\"props\":{\"margin\":\"default\",\"column_breakpoint\":\"m\",\"content\":\"\n\n<p>Beautiful and peaceful nature is waiting for you. Get to know reindeers and the life of reindeers and reindeer herds. Try your fishing skills in the lake where rainbow trout, whitefish, graylings and pikes are waiting for you. Come to hear stories by the fire about the fishes which escaped.<\\\/p>\\n\n\n<p>We customize the programs according to the wishes of the customers and groups, for example camp school.<\\\/p>\\n\n\n<p>The prices include the VAT. Maximum group size is 30 people, larger groups ask for an offer price!<\\\/p>\\n\n\n<p>We are open on demand.<\\\/p>\",\"block_align\":\"right\",\"block_align_breakpoint\":\"m\",\"block_align_fallback\":\"center\"}}]}]}]},{\"type\":\"section\",\"props\":{\"style\":\"default\",\"width\":\"default\",\"vertical_align\":\"middle\",\"title_position\":\"top-left\",\"title_rotation\":\"left\",\"title_breakpoint\":\"xl\",\"image_position\":\"center-center\"},\"children\":[{\"type\":\"row\",\"children\":[{\"type\":\"column\",\"props\":{\"image_position\":\"center-center\",\"media_overlay_gradient\":\"\"},\"children\":[{\"type\":\"headline\",\"props\":{\"title_element\":\"h3\",\"content\":\"BY ADVANCE BOOKING\",\"title_style\":\"h2\",\"title_decoration\":\"divider\"}},{\"type\":\"grid\",\"props\":{\"show_title\":true,\"show_meta\":true,\"show_content\":true,\"show_image\":true,\"show_link\":true,\"grid_default\":\"1\",\"grid_medium\":\"3\",\"filter_style\":\"tab\",\"filter_all\":true,\"filter_position\":\"top\",\"filter_align\":\"left\",\"filter_grid_width\":\"auto\",\"filter_grid_breakpoint\":\"m\",\"title_hover_style\":\"reset\",\"title_element\":\"h3\",\"title_align\":\"top\",\"title_grid_width\":\"1-2\",\"title_grid_breakpoint\":\"m\",\"meta_style\":\"meta\",\"meta_align\":\"below-title\",\"meta_element\":\"div\",\"content_column_breakpoint\":\"m\",\"icon_width\":80,\"image_align\":\"top\",\"image_grid_width\":\"1-2\",\"image_grid_breakpoint\":\"m\",\"image_svg_color\":\"emphasis\",\"link_text\":\"Read more and book\",\"link_style\":\"default\",\"margin\":\"default\",\"item_animation\":\"\",\"grid_small\":\"2\",\"panel_style\":\"card-default\",\"panel_link\":true,\"panel_card_image\":true,\"panel_size\":\"small\",\"meta_margin\":\"small\",\"content_margin\":\"small\",\"image_width\":\"800\",\"image_height\":\"533\",\"title_style\":\"h4\"},\"children\":[{\"type\":\"grid_item\",\"props\":{\"title\":\"Searching for greyling\",\"image\":\"wp-content\\\/uploads\\\/2020\\\/12\\\/purje-evia-etsimassa.jpg\",\"content\":\"\n\n<p><strong>WEEKLY PROGRAM, book online<\\\/strong><\\\/p>\\n\n\n<p>We head to River Kitka or Kuusinki or to our \\\"secret river\\\". Fishing guide has been looking for the best spots.<\\\/p>\",\"link\":\"en\\\/fishing\\\/searching-graylings\\\/\",\"image_alt\":\"Purje-evi\\u00e4 etsim\\u00e4ss\\u00e4\",\"meta\":\"5 h\"}},{\"type\":\"grid_item\",\"props\":{\"title\":\"Fishing and nature hike\",\"image\":\"wp-content\\\/uploads\\\/2021\\\/05\\\/kalastus-luontoretki3.jpg\",\"image_alt\":\"Kalastus- ja luontoretki\",\"content\":\"\n\n<p><strong>WEEKLY PROGRAM, book online<\\\/strong><\\\/p>\\n\n\n<p>We\\u2019ll feed the reindeers at the fence and after that we will have a short hike (app 1,5 km).\\u00a0<\\\/p>\",\"link\":\"en\\\/fishing\\\/fishing-nature-hike\\\/\"}},{\"type\":\"grid_item\",\"props\":{\"title\":\"Greyling and trout\",\"image\":\"wp-content\\\/uploads\\\/2021\\\/01\\\/harjusta-perholla.jpg\",\"content\":\"\n\n<p>Fishing guide has been looking for the best spots. When night is starting to fall we start to aim trout. Trout from Lake Paana behaves like a salmon when entering, so the opponent is crafty.<\\\/p>\",\"image_alt\":\"Purje-evi\\u00e4 ja taimenta\",\"link\":\"kalastus\\\/harjuksia-ja-taimenta\\\/\",\"meta\":\"7-9 h\"}},{\"type\":\"grid_item\",\"props\":{\"title\":\"Fly fishing course for beginners\",\"content\":\"\n\n<p>You will learn basics about fly fishing, history and highlight of your day will be fly fishing by the river.<\\\/p>\",\"image\":\"wp-content\\\/uploads\\\/2021\\\/01\\\/perhokalastusta-aloittelijoille.jpg\",\"image_alt\":\"Perhokalastusta aloittelijoille\",\"link\":\"en\\\/fishing\\\/fly-fishing-for-beginners\\\/\",\"meta\":\"5-6 h\"}},{\"type\":\"grid_item\",\"props\":{\"title\":\"Midnight fishing trip\",\"image\":\"wp-content\\\/uploads\\\/2021\\\/01\\\/Keskiyo-kesa-kalastus-luonto.jpg\",\"image_alt\":\"Keskiy\\u00f6n kalaretki\",\"content\":\"\n\n<p>You\\u2019ll hear tips on how to catch the fish from the lake. You\\u2019ll hear our fishing stories and start to fly. We\\u2019ll fish in a wilderness pond.<\\\/p>\",\"link\":\"en\\\/fishing\\\/midnight-fishing-trip\\\/\",\"meta\":\"4 h\"}},{\"type\":\"grid_item\",\"props\":{\"title\":\"Ice Fishing\",\"content\":\"\n\n<p>We start our program from the reindeer farm where we feed reindeers. After feeding reindeers we\\u2019ll go ice fishing at the pond.<\\\/p>\",\"meta\":\"3-5 h\",\"image\":\"wp-content\\\/uploads\\\/2021\\\/01\\\/pilkkiretki-ongella.jpg\",\"link\":\"en\\\/fishing\\\/ice-fishing\\\/\",\"image_alt\":\"Pilkkiretki\"}},{\"type\":\"grid_item\",\"props\":{\"title\":\"Fishing Trip to Lapland\",\"meta\":\"at least 3 fishing days\",\"content\":\"\n\n<p>We will have helicopter flight to fjells. We are mainly fishing grayling and trout, but if we take short hike up to the mountain there is lakes where arctic chars are hiding.<\\\/p>\",\"image\":\"http:\\\/\\\/palosaarenporotila.fi\\\/wp-content\\\/uploads\\\/2020\\\/12\\\/20180829_125907.jpg\",\"image_alt\":\"Kalastusreissu Ruotsin lappiin\",\"link\":\"kalastus\\\/kalastusreissu-ruotsin-lappiin-kesa\\\/\"}}],\"name\":\"talviohjelmat\",\"modified\":\"2020-12-21T17:55:14.394Z\"}]}]}]}],\"version\":\"2.4.14\"} --><\/p>\n","protected":false},"excerpt":{"rendered":"<p>Fishing programs +358 40 589 1695 Location Facebook Instagram Beautiful and peaceful nature is waiting for you. Get to know reindeers and the life of reindeers and reindeer herds. Try your fishing skills in the lake where rainbow trout, whitefish, graylings and pikes are waiting for you. Come to hear stories by the fire about [&hellip;]<\/p>\n","protected":false},"author":1,"featured_media":1063,"parent":0,"menu_order":0,"comment_status":"closed","ping_status":"closed","template":"","meta":{"footnotes":""},"class_list":["post-486","page","type-page","status-publish","has-post-thumbnail","hentry"],"yoast_head":"<!-- This site is optimized with the Yoast SEO plugin v27.3 - https:\/\/yoast.com\/product\/yoast-seo-wordpress\/ -->\n<title>Fishing - Palosaari Reindeer and Fishing Farm, Kuusamo, Finland<\/title>\n<meta name=\"description\" content=\"Try your fishing skills in the lake or river of Kuusamo, where rainbow trout, whitefish, graylings and pikes are waiting for you.\" \/>\n<meta name=\"robots\" content=\"index, follow, max-snippet:-1, max-image-preview:large, max-video-preview:-1\" \/>\n<link rel=\"canonical\" href=\"https:\/\/palosaarenporotila.fi\/en\/fishing\/\" \/>\n<meta property=\"og:locale\" content=\"en_US\" \/>\n<meta property=\"og:type\" content=\"article\" \/>\n<meta property=\"og:title\" content=\"Fishing - Palosaari Reindeer and Fishing Farm, Kuusamo, Finland\" \/>\n<meta property=\"og:description\" content=\"Try your fishing skills in the lake or river of Kuusamo, where rainbow trout, whitefish, graylings and pikes are waiting for you.\" \/>\n<meta property=\"og:url\" content=\"https:\/\/palosaarenporotila.fi\/en\/fishing\/\" \/>\n<meta property=\"og:site_name\" content=\"Palosaari Reindeer and Fishing Farm, Kuusamo, Finland\" \/>\n<meta property=\"article:publisher\" content=\"https:\/\/www.facebook.com\/reindeerranchfinland\/\" \/>\n<meta property=\"article:modified_time\" content=\"2021-05-10T09:58:40+00:00\" \/>\n<meta property=\"og:image\" content=\"https:\/\/palosaarenporotila.fi\/wp-content\/uploads\/2021\/01\/perhokalastusta-aloittelijoille.jpg\" \/>\n\t<meta property=\"og:image:width\" content=\"1000\" \/>\n\t<meta property=\"og:image:height\" content=\"640\" \/>\n\t<meta property=\"og:image:type\" content=\"image\/jpeg\" \/>\n<meta name=\"twitter:card\" content=\"summary_large_image\" \/>\n<meta name=\"twitter:label1\" content=\"Est. reading time\" \/>\n\t<meta name=\"twitter:data1\" content=\"2 minutes\" \/>\n<script type=\"application\/ld+json\" class=\"yoast-schema-graph\">{\"@context\":\"https:\\\/\\\/schema.org\",\"@graph\":[{\"@type\":\"WebPage\",\"@id\":\"https:\\\/\\\/palosaarenporotila.fi\\\/en\\\/fishing\\\/\",\"url\":\"https:\\\/\\\/palosaarenporotila.fi\\\/en\\\/fishing\\\/\",\"name\":\"Fishing - Palosaari Reindeer and Fishing Farm, Kuusamo, Finland\",\"isPartOf\":{\"@id\":\"https:\\\/\\\/palosaarenporotila.fi\\\/en\\\/#website\"},\"primaryImageOfPage\":{\"@id\":\"https:\\\/\\\/palosaarenporotila.fi\\\/en\\\/fishing\\\/#primaryimage\"},\"image\":{\"@id\":\"https:\\\/\\\/palosaarenporotila.fi\\\/en\\\/fishing\\\/#primaryimage\"},\"thumbnailUrl\":\"https:\\\/\\\/palosaarenporotila.fi\\\/wp-content\\\/uploads\\\/2021\\\/01\\\/perhokalastusta-aloittelijoille.jpg\",\"datePublished\":\"2020-12-22T10:38:40+00:00\",\"dateModified\":\"2021-05-10T09:58:40+00:00\",\"description\":\"Try your fishing skills in the lake or river of Kuusamo, where rainbow trout, whitefish, graylings and pikes are waiting for you.\",\"breadcrumb\":{\"@id\":\"https:\\\/\\\/palosaarenporotila.fi\\\/en\\\/fishing\\\/#breadcrumb\"},\"inLanguage\":\"en-US\",\"potentialAction\":[{\"@type\":\"ReadAction\",\"target\":[\"https:\\\/\\\/palosaarenporotila.fi\\\/en\\\/fishing\\\/\"]}]},{\"@type\":\"ImageObject\",\"inLanguage\":\"en-US\",\"@id\":\"https:\\\/\\\/palosaarenporotila.fi\\\/en\\\/fishing\\\/#primaryimage\",\"url\":\"https:\\\/\\\/palosaarenporotila.fi\\\/wp-content\\\/uploads\\\/2021\\\/01\\\/perhokalastusta-aloittelijoille.jpg\",\"contentUrl\":\"https:\\\/\\\/palosaarenporotila.fi\\\/wp-content\\\/uploads\\\/2021\\\/01\\\/perhokalastusta-aloittelijoille.jpg\",\"width\":1000,\"height\":640},{\"@type\":\"BreadcrumbList\",\"@id\":\"https:\\\/\\\/palosaarenporotila.fi\\\/en\\\/fishing\\\/#breadcrumb\",\"itemListElement\":[{\"@type\":\"ListItem\",\"position\":1,\"name\":\"Etusivu\",\"item\":\"https:\\\/\\\/palosaarenporotila.fi\\\/en\\\/\"},{\"@type\":\"ListItem\",\"position\":2,\"name\":\"Fishing\"}]},{\"@type\":\"WebSite\",\"@id\":\"https:\\\/\\\/palosaarenporotila.fi\\\/en\\\/#website\",\"url\":\"https:\\\/\\\/palosaarenporotila.fi\\\/en\\\/\",\"name\":\"Palosaaren poro- ja kalastustila, Kuusamo\",\"description\":\"El\u00e4myksellisi\u00e4 hetki\u00e4 luonnossa\",\"publisher\":{\"@id\":\"https:\\\/\\\/palosaarenporotila.fi\\\/en\\\/#organization\"},\"potentialAction\":[{\"@type\":\"SearchAction\",\"target\":{\"@type\":\"EntryPoint\",\"urlTemplate\":\"https:\\\/\\\/palosaarenporotila.fi\\\/en\\\/?s={search_term_string}\"},\"query-input\":{\"@type\":\"PropertyValueSpecification\",\"valueRequired\":true,\"valueName\":\"search_term_string\"}}],\"inLanguage\":\"en-US\"},{\"@type\":\"Organization\",\"@id\":\"https:\\\/\\\/palosaarenporotila.fi\\\/en\\\/#organization\",\"name\":\"Palosaaren poro- ja kalastustila\",\"url\":\"https:\\\/\\\/palosaarenporotila.fi\\\/en\\\/\",\"logo\":{\"@type\":\"ImageObject\",\"inLanguage\":\"en-US\",\"@id\":\"https:\\\/\\\/palosaarenporotila.fi\\\/en\\\/#\\\/schema\\\/logo\\\/image\\\/\",\"url\":\"https:\\\/\\\/palosaarenporotila.fi\\\/wp-content\\\/uploads\\\/2020\\\/12\\\/logo-m-fi.png\",\"contentUrl\":\"https:\\\/\\\/palosaarenporotila.fi\\\/wp-content\\\/uploads\\\/2020\\\/12\\\/logo-m-fi.png\",\"width\":450,\"height\":109,\"caption\":\"Palosaaren poro- ja kalastustila\"},\"image\":{\"@id\":\"https:\\\/\\\/palosaarenporotila.fi\\\/en\\\/#\\\/schema\\\/logo\\\/image\\\/\"},\"sameAs\":[\"https:\\\/\\\/www.facebook.com\\\/reindeerranchfinland\\\/\",\"https:\\\/\\\/www.instagram.com\\\/reindeerandfishingranch\\\/\"]}]}<\/script>\n<!-- \/ Yoast SEO plugin. -->","yoast_head_json":{"title":"Fishing - Palosaari Reindeer and Fishing Farm, Kuusamo, Finland","description":"Try your fishing skills in the lake or river of Kuusamo, where rainbow trout, whitefish, graylings and pikes are waiting for you.","robots":{"index":"index","follow":"follow","max-snippet":"max-snippet:-1","max-image-preview":"max-image-preview:large","max-video-preview":"max-video-preview:-1"},"canonical":"https:\/\/palosaarenporotila.fi\/en\/fishing\/","og_locale":"en_US","og_type":"article","og_title":"Fishing - Palosaari Reindeer and Fishing Farm, Kuusamo, Finland","og_description":"Try your fishing skills in the lake or river of Kuusamo, where rainbow trout, whitefish, graylings and pikes are waiting for you.","og_url":"https:\/\/palosaarenporotila.fi\/en\/fishing\/","og_site_name":"Palosaari Reindeer and Fishing Farm, Kuusamo, Finland","article_publisher":"https:\/\/www.facebook.com\/reindeerranchfinland\/","article_modified_time":"2021-05-10T09:58:40+00:00","og_image":[{"width":1000,"height":640,"url":"https:\/\/palosaarenporotila.fi\/wp-content\/uploads\/2021\/01\/perhokalastusta-aloittelijoille.jpg","type":"image\/jpeg"}],"twitter_card":"summary_large_image","twitter_misc":{"Est. reading time":"2 minutes"},"schema":{"@context":"https:\/\/schema.org","@graph":[{"@type":"WebPage","@id":"https:\/\/palosaarenporotila.fi\/en\/fishing\/","url":"https:\/\/palosaarenporotila.fi\/en\/fishing\/","name":"Fishing - Palosaari Reindeer and Fishing Farm, Kuusamo, Finland","isPartOf":{"@id":"https:\/\/palosaarenporotila.fi\/en\/#website"},"primaryImageOfPage":{"@id":"https:\/\/palosaarenporotila.fi\/en\/fishing\/#primaryimage"},"image":{"@id":"https:\/\/palosaarenporotila.fi\/en\/fishing\/#primaryimage"},"thumbnailUrl":"https:\/\/palosaarenporotila.fi\/wp-content\/uploads\/2021\/01\/perhokalastusta-aloittelijoille.jpg","datePublished":"2020-12-22T10:38:40+00:00","dateModified":"2021-05-10T09:58:40+00:00","description":"Try your fishing skills in the lake or river of Kuusamo, where rainbow trout, whitefish, graylings and pikes are waiting for you.","breadcrumb":{"@id":"https:\/\/palosaarenporotila.fi\/en\/fishing\/#breadcrumb"},"inLanguage":"en-US","potentialAction":[{"@type":"ReadAction","target":["https:\/\/palosaarenporotila.fi\/en\/fishing\/"]}]},{"@type":"ImageObject","inLanguage":"en-US","@id":"https:\/\/palosaarenporotila.fi\/en\/fishing\/#primaryimage","url":"https:\/\/palosaarenporotila.fi\/wp-content\/uploads\/2021\/01\/perhokalastusta-aloittelijoille.jpg","contentUrl":"https:\/\/palosaarenporotila.fi\/wp-content\/uploads\/2021\/01\/perhokalastusta-aloittelijoille.jpg","width":1000,"height":640},{"@type":"BreadcrumbList","@id":"https:\/\/palosaarenporotila.fi\/en\/fishing\/#breadcrumb","itemListElement":[{"@type":"ListItem","position":1,"name":"Etusivu","item":"https:\/\/palosaarenporotila.fi\/en\/"},{"@type":"ListItem","position":2,"name":"Fishing"}]},{"@type":"WebSite","@id":"https:\/\/palosaarenporotila.fi\/en\/#website","url":"https:\/\/palosaarenporotila.fi\/en\/","name":"Palosaaren poro- ja kalastustila, Kuusamo","description":"El\u00e4myksellisi\u00e4 hetki\u00e4 luonnossa","publisher":{"@id":"https:\/\/palosaarenporotila.fi\/en\/#organization"},"potentialAction":[{"@type":"SearchAction","target":{"@type":"EntryPoint","urlTemplate":"https:\/\/palosaarenporotila.fi\/en\/?s={search_term_string}"},"query-input":{"@type":"PropertyValueSpecification","valueRequired":true,"valueName":"search_term_string"}}],"inLanguage":"en-US"},{"@type":"Organization","@id":"https:\/\/palosaarenporotila.fi\/en\/#organization","name":"Palosaaren poro- ja kalastustila","url":"https:\/\/palosaarenporotila.fi\/en\/","logo":{"@type":"ImageObject","inLanguage":"en-US","@id":"https:\/\/palosaarenporotila.fi\/en\/#\/schema\/logo\/image\/","url":"https:\/\/palosaarenporotila.fi\/wp-content\/uploads\/2020\/12\/logo-m-fi.png","contentUrl":"https:\/\/palosaarenporotila.fi\/wp-content\/uploads\/2020\/12\/logo-m-fi.png","width":450,"height":109,"caption":"Palosaaren poro- ja kalastustila"},"image":{"@id":"https:\/\/palosaarenporotila.fi\/en\/#\/schema\/logo\/image\/"},"sameAs":["https:\/\/www.facebook.com\/reindeerranchfinland\/","https:\/\/www.instagram.com\/reindeerandfishingranch\/"]}]}},"_links":{"self":[{"href":"https:\/\/palosaarenporotila.fi\/en\/wp-json\/wp\/v2\/pages\/486","targetHints":{"allow":["GET"]}}],"collection":[{"href":"https:\/\/palosaarenporotila.fi\/en\/wp-json\/wp\/v2\/pages"}],"about":[{"href":"https:\/\/palosaarenporotila.fi\/en\/wp-json\/wp\/v2\/types\/page"}],"author":[{"embeddable":true,"href":"https:\/\/palosaarenporotila.fi\/en\/wp-json\/wp\/v2\/users\/1"}],"replies":[{"embeddable":true,"href":"https:\/\/palosaarenporotila.fi\/en\/wp-json\/wp\/v2\/comments?post=486"}],"version-history":[{"count":0,"href":"https:\/\/palosaarenporotila.fi\/en\/wp-json\/wp\/v2\/pages\/486\/revisions"}],"wp:featuredmedia":[{"embeddable":true,"href":"https:\/\/palosaarenporotila.fi\/en\/wp-json\/wp\/v2\/media\/1063"}],"wp:attachment":[{"href":"https:\/\/palosaarenporotila.fi\/en\/wp-json\/wp\/v2\/media?parent=486"}],"curies":[{"name":"wp","href":"https:\/\/api.w.org\/{rel}","templated":true}]}}