{"id":514,"date":"2020-12-22T14:34:10","date_gmt":"2020-12-22T12:34:10","guid":{"rendered":"http:\/\/palosaarenporotila.fi\/uusi\/reindeer-farm\/pitka-poroajelu-porotilalla\/"},"modified":"2025-09-29T08:45:44","modified_gmt":"2025-09-29T05:45:44","slug":"reindeer-farm-visit-with-long-reindeer-drive","status":"publish","type":"page","link":"https:\/\/palosaarenporotila.fi\/en\/reindeer-farm\/reindeer-farm-visit-with-long-reindeer-drive\/","title":{"rendered":"Reindeer Farm visit with long reindeer drive"},"content":{"rendered":"<ul>\n<li>\n<p>        <img decoding=\"async\" src=\"\/wp-content\/uploads\/2021\/10\/palosaarenporotila-pitkaporoajelu-poronkatse.jpg\" alt=\"\"><\/p>\n<h3>palosaarenporotila-pitkaporoajelu-poronkatse<\/h3>\n<\/li>\n<li>\n<p>        <img decoding=\"async\" src=\"\/wp-content\/uploads\/2021\/10\/palosaarenporotila-pitkaporoajelu2.jpg\" alt=\"\"><\/p>\n<h3>palosaarenporotila-pitkaporoajelu2<\/h3>\n<\/li>\n<li>\n<p>        <img decoding=\"async\" src=\"\/wp-content\/uploads\/2021\/10\/palosaarenporotila-kota.jpeg\" alt=\"\"><\/p>\n<h3>palosaarenporotila-kota<\/h3>\n<\/li>\n<li>\n<p>        <img decoding=\"async\" src=\"\/wp-content\/uploads\/2021\/10\/palosaarenporotila-poromiehenkamppa-iltarusko.jpeg\" alt=\"\"><\/p>\n<h3>palosaarenporotila-poromiehenkamppa-iltarusko<\/h3>\n<\/li>\n<\/ul>\n<h1>Reindeer Farm visit with long reindeer drive<\/h1>\n<div>\n<div class=\"sc-jCXOcT eZDPoF ProductPageTitleWrapper\">\n<div class=\"sc-ha-DqYV fduQSa ProductPageExcerpt\" data-testid=\"excerpt\">You get to drive a reindeer yourself. You can feed the reindeers and have a picnic by the fire<\/div>\n<div data-testid=\"excerpt\">\n<p>Have you ever driven a reindeer sleigh? Under our guidance you get to drive a reindeer yourself and enjoy a merry sleigh ride. You will steer a reindeer through a 1.5-km sleigh track in a snowy forest.<\/p>\n<p>We will also visit the reindeer enclosure where you can take photos and learn about the ways of reindeer. Have you heard the snap of their nails or the sound of them munching their special treat, lichen? Did you know that the appearance of reindeer changes all the time, because they shed their winter coats in spring, and lose and re-grow their antlers every year?<\/p>\n<p>When the reindeer have had their treats, we will go on to the open fire at Kammi shelter where it is your turn to enjoy campfire coffee, reindeer sausages and comb-shaped pastries.\u00a0<\/p>\n<p>We will gladly tell you stories about the ancient traditions in reindeer herding.<\/p>\n<p>Finally, we will visit the crafts shop at the historic 100-year-old farmhouse living room.<\/p>\n<\/div>\n<\/div>\n<div class=\"sc-bvVdbW fsfWuT\">\n<div name=\"tabs\" class=\"sc-fiKUUL hXzcCw\" data-tabs=\"true\">\n<ul class=\"sc-lgqmxq iYSzxi\" role=\"tablist\"><\/ul>\n<\/div>\n<\/div>\n<\/div>\n<ul>\n<li>\n<h3>Duration<\/h3>\n<p>2 hours<\/p>\n<\/li>\n<li>\n<h3>Price<\/h3>\n<p>Adults 104 \u20ac \/person  Children(4-12) 52 \u20ac \/person<\/p>\n<\/li>\n<li>\n<h3>Price incl.<\/h3>\n<p>Long Reindeer Drive (1,5-km), Feeding Reindeers, Reindeer sausage, campfire coffee\/tea\/warm juice and home baked pastry, Reindeer Driving license<\/p>\n<\/li>\n<li>\n<h3>Group size<\/h3>\n<p>Min. 4 person <\/p>\n<\/li>\n<li>\n<h3>Info<\/h3>\n<p>Children under 12-year only with an adult<\/p>\n<\/li>\n<\/ul>\n<h4>Bookings and inquiries<\/h4>\n<div>\n<p><span><div class=\"wpforms-container wpforms-container-full\" id=\"wpforms-494\"><form id=\"wpforms-form-494\" class=\"wpforms-validate wpforms-form\" data-formid=\"494\" method=\"post\" enctype=\"multipart\/form-data\" action=\"\/en\/wp-json\/wp\/v2\/pages\/514\" data-token=\"49155e544621d60877adbe2eae710339\" data-token-time=\"1776436253\"><noscript class=\"wpforms-error-noscript\">Please enable JavaScript in your browser to complete this form.<\/noscript><div class=\"wpforms-field-container\"><div id=\"wpforms-494-field_7-container\" class=\"wpforms-field wpforms-field-html\" data-field-id=\"7\"><div id=\"wpforms-494-field_7\">You must accept cookies in order to use the form. You can change the settings at the bottom of the page under \"Cookie settings\"<\/div><\/div><div id=\"wpforms-494-field_1-container\" class=\"wpforms-field wpforms-field-text\" data-field-id=\"1\"><label class=\"wpforms-field-label\" for=\"wpforms-494-field_1\">Name <span class=\"wpforms-required-label\">*<\/span><\/label><input type=\"text\" id=\"wpforms-494-field_1\" class=\"wpforms-field-large wpforms-field-required\" name=\"wpforms[fields][1]\" required><\/div><div id=\"wpforms-494-field_2-container\" class=\"wpforms-field wpforms-field-text\" data-field-id=\"2\"><label class=\"wpforms-field-label\" for=\"wpforms-494-field_2\">Phone <span class=\"wpforms-required-label\">*<\/span><\/label><input type=\"text\" id=\"wpforms-494-field_2\" class=\"wpforms-field-large wpforms-field-required\" name=\"wpforms[fields][2]\" required><\/div><div id=\"wpforms-494-field_3-container\" class=\"wpforms-field wpforms-field-email\" data-field-id=\"3\"><label class=\"wpforms-field-label\" for=\"wpforms-494-field_3\">Email <span class=\"wpforms-required-label\">*<\/span><\/label><input type=\"email\" id=\"wpforms-494-field_3\" class=\"wpforms-field-large wpforms-field-required\" name=\"wpforms[fields][3]\" spellcheck=\"false\" required><\/div><div id=\"wpforms-494-field_4-container\" class=\"wpforms-field wpforms-field-text wpforms-one-half wpforms-first\" data-field-id=\"4\"><label class=\"wpforms-field-label\" for=\"wpforms-494-field_4\">Date<\/label><input type=\"text\" id=\"wpforms-494-field_4\" class=\"wpforms-field-large\" name=\"wpforms[fields][4]\" ><\/div><div id=\"wpforms-494-field_5-container\" class=\"wpforms-field wpforms-field-text wpforms-one-half\" data-field-id=\"5\"><label class=\"wpforms-field-label\" for=\"wpforms-494-field_5\">Number of participants<\/label><input type=\"text\" id=\"wpforms-494-field_5\" class=\"wpforms-field-large\" name=\"wpforms[fields][5]\" ><\/div><div id=\"wpforms-494-field_6-container\" class=\"wpforms-field wpforms-field-textarea\" data-field-id=\"6\"><label class=\"wpforms-field-label\" for=\"wpforms-494-field_6\">Message<\/label><textarea id=\"wpforms-494-field_6\" class=\"wpforms-field-medium\" name=\"wpforms[fields][6]\" ><\/textarea><\/div><\/div><!-- .wpforms-field-container --><div class=\"wpforms-recaptcha-container wpforms-is-recaptcha wpforms-is-recaptcha-type-v3\" ><input type=\"hidden\" name=\"wpforms[recaptcha]\" value=\"\"><\/div><div class=\"wpforms-submit-container\" ><input type=\"hidden\" name=\"wpforms[id]\" value=\"494\"><input type=\"hidden\" name=\"page_title\" value=\"\"><input type=\"hidden\" name=\"page_url\" value=\"https:\/\/palosaarenporotila.fi\/en\/wp-json\/wp\/v2\/pages\/514\"><input type=\"hidden\" name=\"url_referer\" value=\"\"><button type=\"submit\" name=\"wpforms[submit]\" id=\"wpforms-submit-494\" class=\"wpforms-submit\" data-alt-text=\"Sending...\" data-submit-text=\"Send\" aria-live=\"assertive\" value=\"wpforms-submit\">Send<\/button><\/div><\/form><\/div>  <!-- .wpforms-container --><\/span><\/p>\n<\/div>\n<p><!--more--><br \/>\n<!-- {\"name\":\"tuotekortti\",\"type\":\"layout\",\"children\":[{\"type\":\"section\",\"props\":{\"image_position\":\"center-center\",\"padding\":\"xsmall\",\"style\":\"default\",\"title_breakpoint\":\"xl\",\"title_position\":\"top-left\",\"title_rotation\":\"left\",\"vertical_align\":\"\",\"width\":\"default\"},\"children\":[{\"type\":\"row\",\"children\":[{\"type\":\"column\",\"props\":{\"image_position\":\"center-center\",\"position_sticky_breakpoint\":\"m\"},\"children\":[{\"type\":\"breadcrumbs\",\"props\":{\"show_current\":true,\"show_home\":true}}]}]}]},{\"type\":\"section\",\"props\":{\"image_position\":\"center-center\",\"padding_remove_top\":true,\"style\":\"default\",\"title_breakpoint\":\"xl\",\"title_position\":\"top-left\",\"title_rotation\":\"left\",\"vertical_align\":\"\",\"width\":\"default\"},\"children\":[{\"type\":\"row\",\"props\":{\"column_gap\":\"collapse\",\"layout\":\"1-2,1-2\",\"row_gap\":\"collapse\"},\"children\":[{\"type\":\"column\",\"props\":{\"image\":\"wp-content\\\/uploads\\\/2021\\\/10\\\/palosaarenporotila-pitkaporoajelu.jpg\",\"image_position\":\"center-center\",\"image_size\":\"cover\",\"padding\":\"large\",\"position_sticky_breakpoint\":\"m\",\"width_medium\":\"1-2\",\"width_small\":\"1-2\"}},{\"type\":\"column\",\"props\":{\"image_position\":\"center-center\",\"position_sticky_breakpoint\":\"m\",\"width_medium\":\"1-2\",\"width_small\":\"1-2\"},\"children\":[{\"type\":\"gallery\",\"props\":{\"content_display\":\"lightbox\",\"filter_align\":\"left\",\"filter_all\":true,\"filter_grid_breakpoint\":\"m\",\"filter_grid_width\":\"auto\",\"filter_position\":\"top\",\"filter_style\":\"tab\",\"grid_column_gap\":\"collapse\",\"grid_default\":\"2\",\"grid_medium\":\"\",\"grid_row_gap\":\"collapse\",\"grid_small\":\"2\",\"image_height\":\"650\",\"image_width\":\"800\",\"item_animation\":true,\"lightbox\":true,\"lightbox_bg_close\":true,\"link_style\":\"\",\"link_text\":\"\",\"margin\":\"default\",\"meta_align\":\"below-title\",\"meta_element\":\"div\",\"meta_style\":\"text-meta\",\"overlay_hover\":true,\"overlay_link\":true,\"overlay_mode\":\"caption\",\"overlay_position\":\"center\",\"overlay_style\":\"\",\"overlay_transition\":\"fade\",\"parallax_easing\":\"1\",\"show_content\":true,\"show_hover_image\":true,\"show_hover_video\":true,\"show_link\":true,\"show_meta\":true,\"show_title\":false,\"text_align\":\"center\",\"text_color\":\"light\",\"title_element\":\"h3\",\"title_hover_style\":\"reset\"},\"children\":[{\"type\":\"gallery_item\",\"props\":{\"image\":\"wp-content\\\/uploads\\\/2021\\\/10\\\/palosaarenporotila-pitkaporoajelu-poronkatse.jpg\",\"title\":\"palosaarenporotila-pitkaporoajelu-poronkatse\"}},{\"type\":\"gallery_item\",\"props\":{\"image\":\"wp-content\\\/uploads\\\/2021\\\/10\\\/palosaarenporotila-pitkaporoajelu2.jpg\",\"title\":\"palosaarenporotila-pitkaporoajelu2\"}},{\"type\":\"gallery_item\",\"props\":{\"image\":\"wp-content\\\/uploads\\\/2021\\\/10\\\/palosaarenporotila-kota.jpeg\",\"title\":\"palosaarenporotila-kota\"}},{\"type\":\"gallery_item\",\"props\":{\"image\":\"wp-content\\\/uploads\\\/2021\\\/10\\\/palosaarenporotila-poromiehenkamppa-iltarusko.jpeg\",\"title\":\"palosaarenporotila-poromiehenkamppa-iltarusko\"}}]}]}]},{\"type\":\"row\",\"props\":{\"layout\":\"2-3,1-3\"},\"children\":[{\"type\":\"column\",\"props\":{\"image_position\":\"center-center\",\"position_sticky_breakpoint\":\"m\",\"width_medium\":\"2-3\"},\"children\":[{\"type\":\"headline\",\"props\":{\"content\":\"Reindeer Farm visit with long reindeer drive\",\"title_element\":\"h1\",\"title_style\":\"h1\"}},{\"type\":\"text\",\"props\":{\"column_breakpoint\":\"m\",\"content\":\"\n\n<div class=\\\"sc-jCXOcT eZDPoF ProductPageTitleWrapper\\\">\\n\n\n<div class=\\\"sc-ha-DqYV fduQSa ProductPageExcerpt\\\" data-testid=\\\"excerpt\\\">You get to drive a reindeer yourself. You can feed the reindeers and have a picnic by the fire<\\\/div>\\n\n\n<div data-testid=\\\"excerpt\\\">\\n\n\n<p>Have you ever driven a reindeer sleigh? Under our guidance you get to drive a reindeer yourself and enjoy a merry sleigh ride. You will steer a reindeer through a 1.5-km sleigh track in a snowy forest.<\\\/p>\\n\n\n<p>We will also visit the reindeer enclosure where you can take photos and learn about the ways of reindeer. Have you heard the snap of their nails or the sound of them munching their special treat, lichen? Did you know that the appearance of reindeer changes all the time, because they shed their winter coats in spring, and lose and re-grow their antlers every year?<\\\/p>\\n\n\n<p>When the reindeer have had their treats, we will go on to the open fire at Kammi shelter where it is your turn to enjoy campfire coffee, reindeer sausages and comb-shaped pastries.\\u00a0<\\\/p>\\n\n\n<p>We will gladly tell you stories about the ancient traditions in reindeer herding.<\\\/p>\\n\n\n<p>Finally, we will visit the crafts shop at the historic 100-year-old farmhouse living room.<\\\/p>\\n<\\\/div>\\n<\\\/div>\\n\n\n<div class=\\\"sc-bvVdbW fsfWuT\\\">\\n\n\n<div name=\\\"tabs\\\" class=\\\"sc-fiKUUL hXzcCw\\\" data-tabs=\\\"true\\\">\\n\n\n<ul class=\\\"sc-lgqmxq iYSzxi\\\" role=\\\"tablist\\\"><\\\/ul>\\n<\\\/div>\\n<\\\/div>\",\"margin\":\"default\"}},{\"type\":\"description_list\",\"props\":{\"column_breakpoint\":\"m\",\"layout\":\"grid-2\",\"list_element\":\"ul\",\"list_style\":\"striped\",\"meta_align\":\"below-content\",\"meta_style\":\"\",\"show_content\":true,\"show_link\":true,\"show_meta\":true,\"show_title\":true,\"title_colon\":true,\"title_element\":\"div\",\"title_grid_breakpoint\":\"s\",\"title_grid_column_gap\":\"small\",\"title_grid_row_gap\":\"small\",\"title_grid_width\":\"small\"},\"children\":[{\"type\":\"description_list_item\",\"props\":{\"meta\":\"2 hours\",\"title\":\"Duration\"}},{\"type\":\"description_list_item\",\"props\":{\"meta\":\"Adults 104 \\u20ac \\\/person  Children(4-12) 52 \\u20ac \\\/person\",\"title\":\"Price\"}},{\"type\":\"description_list_item\",\"props\":{\"meta\":\"Long Reindeer Drive (1,5-km), Feeding Reindeers, Reindeer sausage, campfire coffee\\\/tea\\\/warm juice and home baked pastry, Reindeer Driving license\",\"title\":\"Price incl.\"}},{\"type\":\"description_list_item\",\"props\":{\"meta\":\"Min. 4 person \",\"title\":\"Group size\"}},{\"type\":\"description_list_item\",\"props\":{\"meta\":\"Children under 12-year only with an adult\",\"title\":\"Info\"}}]}]},{\"type\":\"column\",\"props\":{\"image_position\":\"center-center\",\"position_sticky_breakpoint\":\"m\",\"width_medium\":\"1-3\"},\"children\":[{\"type\":\"headline\",\"props\":{\"content\":\"Bookings and inquiries\",\"title_decoration\":\"divider\",\"title_element\":\"h4\",\"title_style\":\"h4\"},\"name\":\"Bookings and inquiries\",\"modified\":\"2021-10-15T06:15:59.360Z\"},{\"type\":\"text\",\"props\":{\"column_breakpoint\":\"m\",\"content\":\"\n\n<p><span>[wpforms id=\\\"494\\\"]<\\\/span><\\\/p>\",\"margin\":\"default\"},\"name\":\"lomake en\",\"modified\":\"2021-10-15T06:15:54.313Z\"}]}]}]}],\"version\":\"4.5.28\"} --><\/p>\n","protected":false},"excerpt":{"rendered":"<p>palosaarenporotila-pitkaporoajelu-poronkatse palosaarenporotila-pitkaporoajelu2 palosaarenporotila-kota palosaarenporotila-poromiehenkamppa-iltarusko Reindeer Farm visit with long reindeer drive You get to drive a reindeer yourself. You can feed the reindeers and have a picnic by the fire Have you ever driven a reindeer sleigh? Under our guidance you get to drive a reindeer yourself and enjoy a merry sleigh ride. You will [&hellip;]<\/p>\n","protected":false},"author":1,"featured_media":1171,"parent":505,"menu_order":0,"comment_status":"closed","ping_status":"closed","template":"","meta":{"footnotes":""},"class_list":["post-514","page","type-page","status-publish","has-post-thumbnail","hentry"],"yoast_head":"<!-- This site is optimized with the Yoast SEO plugin v27.3 - https:\/\/yoast.com\/product\/yoast-seo-wordpress\/ -->\n<title>Reindeer Farm visit with long reindeer drive - Palosaari Reindeer and Fishing Farm, Kuusamo, Finland<\/title>\n<meta name=\"description\" content=\"Have you ever driven a reindeer sleigh? Under our guidance you get to drive a reindeer (1,5km) yourself and enjoy a merry sleigh ride.\" \/>\n<meta name=\"robots\" content=\"index, follow, max-snippet:-1, max-image-preview:large, max-video-preview:-1\" \/>\n<link rel=\"canonical\" href=\"https:\/\/palosaarenporotila.fi\/en\/reindeer-farm\/reindeer-farm-visit-with-long-reindeer-drive\/\" \/>\n<meta property=\"og:locale\" content=\"en_US\" \/>\n<meta property=\"og:type\" content=\"article\" \/>\n<meta property=\"og:title\" content=\"Reindeer Farm visit with long reindeer drive - Palosaari Reindeer and Fishing Farm, Kuusamo, Finland\" \/>\n<meta property=\"og:description\" content=\"Have you ever driven a reindeer sleigh? Under our guidance you get to drive a reindeer (1,5km) yourself and enjoy a merry sleigh ride.\" \/>\n<meta property=\"og:url\" content=\"https:\/\/palosaarenporotila.fi\/en\/reindeer-farm\/reindeer-farm-visit-with-long-reindeer-drive\/\" \/>\n<meta property=\"og:site_name\" content=\"Palosaari Reindeer and Fishing Farm, Kuusamo, Finland\" \/>\n<meta property=\"article:publisher\" content=\"https:\/\/www.facebook.com\/reindeerranchfinland\/\" \/>\n<meta property=\"article:modified_time\" content=\"2025-09-29T05:45:44+00:00\" \/>\n<meta property=\"og:image\" content=\"https:\/\/palosaarenporotila.fi\/wp-content\/uploads\/2020\/12\/arriving-from-reindeer-sleighride.jpg\" \/>\n\t<meta property=\"og:image:width\" content=\"800\" \/>\n\t<meta property=\"og:image:height\" content=\"533\" \/>\n\t<meta property=\"og:image:type\" content=\"image\/jpeg\" \/>\n<meta name=\"twitter:card\" content=\"summary_large_image\" \/>\n<meta name=\"twitter:label1\" content=\"Est. reading time\" \/>\n\t<meta name=\"twitter:data1\" content=\"1 minute\" \/>\n<script type=\"application\/ld+json\" class=\"yoast-schema-graph\">{\"@context\":\"https:\\\/\\\/schema.org\",\"@graph\":[{\"@type\":\"WebPage\",\"@id\":\"https:\\\/\\\/palosaarenporotila.fi\\\/en\\\/reindeer-farm\\\/reindeer-farm-visit-with-long-reindeer-drive\\\/\",\"url\":\"https:\\\/\\\/palosaarenporotila.fi\\\/en\\\/reindeer-farm\\\/reindeer-farm-visit-with-long-reindeer-drive\\\/\",\"name\":\"Reindeer Farm visit with long reindeer drive - Palosaari Reindeer and Fishing Farm, Kuusamo, Finland\",\"isPartOf\":{\"@id\":\"https:\\\/\\\/palosaarenporotila.fi\\\/en\\\/#website\"},\"primaryImageOfPage\":{\"@id\":\"https:\\\/\\\/palosaarenporotila.fi\\\/en\\\/reindeer-farm\\\/reindeer-farm-visit-with-long-reindeer-drive\\\/#primaryimage\"},\"image\":{\"@id\":\"https:\\\/\\\/palosaarenporotila.fi\\\/en\\\/reindeer-farm\\\/reindeer-farm-visit-with-long-reindeer-drive\\\/#primaryimage\"},\"thumbnailUrl\":\"https:\\\/\\\/palosaarenporotila.fi\\\/wp-content\\\/uploads\\\/2020\\\/12\\\/arriving-from-reindeer-sleighride.jpg\",\"datePublished\":\"2020-12-22T12:34:10+00:00\",\"dateModified\":\"2025-09-29T05:45:44+00:00\",\"description\":\"Have you ever driven a reindeer sleigh? Under our guidance you get to drive a reindeer (1,5km) yourself and enjoy a merry sleigh ride.\",\"breadcrumb\":{\"@id\":\"https:\\\/\\\/palosaarenporotila.fi\\\/en\\\/reindeer-farm\\\/reindeer-farm-visit-with-long-reindeer-drive\\\/#breadcrumb\"},\"inLanguage\":\"en-US\",\"potentialAction\":[{\"@type\":\"ReadAction\",\"target\":[\"https:\\\/\\\/palosaarenporotila.fi\\\/en\\\/reindeer-farm\\\/reindeer-farm-visit-with-long-reindeer-drive\\\/\"]}]},{\"@type\":\"ImageObject\",\"inLanguage\":\"en-US\",\"@id\":\"https:\\\/\\\/palosaarenporotila.fi\\\/en\\\/reindeer-farm\\\/reindeer-farm-visit-with-long-reindeer-drive\\\/#primaryimage\",\"url\":\"https:\\\/\\\/palosaarenporotila.fi\\\/wp-content\\\/uploads\\\/2020\\\/12\\\/arriving-from-reindeer-sleighride.jpg\",\"contentUrl\":\"https:\\\/\\\/palosaarenporotila.fi\\\/wp-content\\\/uploads\\\/2020\\\/12\\\/arriving-from-reindeer-sleighride.jpg\",\"width\":800,\"height\":533},{\"@type\":\"BreadcrumbList\",\"@id\":\"https:\\\/\\\/palosaarenporotila.fi\\\/en\\\/reindeer-farm\\\/reindeer-farm-visit-with-long-reindeer-drive\\\/#breadcrumb\",\"itemListElement\":[{\"@type\":\"ListItem\",\"position\":1,\"name\":\"Etusivu\",\"item\":\"https:\\\/\\\/palosaarenporotila.fi\\\/en\\\/\"},{\"@type\":\"ListItem\",\"position\":2,\"name\":\"Reindeer Farm\",\"item\":\"https:\\\/\\\/palosaarenporotila.fi\\\/en\\\/reindeer-farm\\\/\"},{\"@type\":\"ListItem\",\"position\":3,\"name\":\"Reindeer Farm visit with long reindeer drive\"}]},{\"@type\":\"WebSite\",\"@id\":\"https:\\\/\\\/palosaarenporotila.fi\\\/en\\\/#website\",\"url\":\"https:\\\/\\\/palosaarenporotila.fi\\\/en\\\/\",\"name\":\"Palosaaren poro- ja kalastustila, Kuusamo\",\"description\":\"El\u00e4myksellisi\u00e4 hetki\u00e4 luonnossa\",\"publisher\":{\"@id\":\"https:\\\/\\\/palosaarenporotila.fi\\\/en\\\/#organization\"},\"potentialAction\":[{\"@type\":\"SearchAction\",\"target\":{\"@type\":\"EntryPoint\",\"urlTemplate\":\"https:\\\/\\\/palosaarenporotila.fi\\\/en\\\/?s={search_term_string}\"},\"query-input\":{\"@type\":\"PropertyValueSpecification\",\"valueRequired\":true,\"valueName\":\"search_term_string\"}}],\"inLanguage\":\"en-US\"},{\"@type\":\"Organization\",\"@id\":\"https:\\\/\\\/palosaarenporotila.fi\\\/en\\\/#organization\",\"name\":\"Palosaaren poro- ja kalastustila\",\"url\":\"https:\\\/\\\/palosaarenporotila.fi\\\/en\\\/\",\"logo\":{\"@type\":\"ImageObject\",\"inLanguage\":\"en-US\",\"@id\":\"https:\\\/\\\/palosaarenporotila.fi\\\/en\\\/#\\\/schema\\\/logo\\\/image\\\/\",\"url\":\"https:\\\/\\\/palosaarenporotila.fi\\\/wp-content\\\/uploads\\\/2020\\\/12\\\/logo-m-fi.png\",\"contentUrl\":\"https:\\\/\\\/palosaarenporotila.fi\\\/wp-content\\\/uploads\\\/2020\\\/12\\\/logo-m-fi.png\",\"width\":450,\"height\":109,\"caption\":\"Palosaaren poro- ja kalastustila\"},\"image\":{\"@id\":\"https:\\\/\\\/palosaarenporotila.fi\\\/en\\\/#\\\/schema\\\/logo\\\/image\\\/\"},\"sameAs\":[\"https:\\\/\\\/www.facebook.com\\\/reindeerranchfinland\\\/\",\"https:\\\/\\\/www.instagram.com\\\/reindeerandfishingranch\\\/\"]}]}<\/script>\n<!-- \/ Yoast SEO plugin. -->","yoast_head_json":{"title":"Reindeer Farm visit with long reindeer drive - Palosaari Reindeer and Fishing Farm, Kuusamo, Finland","description":"Have you ever driven a reindeer sleigh? Under our guidance you get to drive a reindeer (1,5km) yourself and enjoy a merry sleigh ride.","robots":{"index":"index","follow":"follow","max-snippet":"max-snippet:-1","max-image-preview":"max-image-preview:large","max-video-preview":"max-video-preview:-1"},"canonical":"https:\/\/palosaarenporotila.fi\/en\/reindeer-farm\/reindeer-farm-visit-with-long-reindeer-drive\/","og_locale":"en_US","og_type":"article","og_title":"Reindeer Farm visit with long reindeer drive - Palosaari Reindeer and Fishing Farm, Kuusamo, Finland","og_description":"Have you ever driven a reindeer sleigh? Under our guidance you get to drive a reindeer (1,5km) yourself and enjoy a merry sleigh ride.","og_url":"https:\/\/palosaarenporotila.fi\/en\/reindeer-farm\/reindeer-farm-visit-with-long-reindeer-drive\/","og_site_name":"Palosaari Reindeer and Fishing Farm, Kuusamo, Finland","article_publisher":"https:\/\/www.facebook.com\/reindeerranchfinland\/","article_modified_time":"2025-09-29T05:45:44+00:00","og_image":[{"width":800,"height":533,"url":"https:\/\/palosaarenporotila.fi\/wp-content\/uploads\/2020\/12\/arriving-from-reindeer-sleighride.jpg","type":"image\/jpeg"}],"twitter_card":"summary_large_image","twitter_misc":{"Est. reading time":"1 minute"},"schema":{"@context":"https:\/\/schema.org","@graph":[{"@type":"WebPage","@id":"https:\/\/palosaarenporotila.fi\/en\/reindeer-farm\/reindeer-farm-visit-with-long-reindeer-drive\/","url":"https:\/\/palosaarenporotila.fi\/en\/reindeer-farm\/reindeer-farm-visit-with-long-reindeer-drive\/","name":"Reindeer Farm visit with long reindeer drive - Palosaari Reindeer and Fishing Farm, Kuusamo, Finland","isPartOf":{"@id":"https:\/\/palosaarenporotila.fi\/en\/#website"},"primaryImageOfPage":{"@id":"https:\/\/palosaarenporotila.fi\/en\/reindeer-farm\/reindeer-farm-visit-with-long-reindeer-drive\/#primaryimage"},"image":{"@id":"https:\/\/palosaarenporotila.fi\/en\/reindeer-farm\/reindeer-farm-visit-with-long-reindeer-drive\/#primaryimage"},"thumbnailUrl":"https:\/\/palosaarenporotila.fi\/wp-content\/uploads\/2020\/12\/arriving-from-reindeer-sleighride.jpg","datePublished":"2020-12-22T12:34:10+00:00","dateModified":"2025-09-29T05:45:44+00:00","description":"Have you ever driven a reindeer sleigh? Under our guidance you get to drive a reindeer (1,5km) yourself and enjoy a merry sleigh ride.","breadcrumb":{"@id":"https:\/\/palosaarenporotila.fi\/en\/reindeer-farm\/reindeer-farm-visit-with-long-reindeer-drive\/#breadcrumb"},"inLanguage":"en-US","potentialAction":[{"@type":"ReadAction","target":["https:\/\/palosaarenporotila.fi\/en\/reindeer-farm\/reindeer-farm-visit-with-long-reindeer-drive\/"]}]},{"@type":"ImageObject","inLanguage":"en-US","@id":"https:\/\/palosaarenporotila.fi\/en\/reindeer-farm\/reindeer-farm-visit-with-long-reindeer-drive\/#primaryimage","url":"https:\/\/palosaarenporotila.fi\/wp-content\/uploads\/2020\/12\/arriving-from-reindeer-sleighride.jpg","contentUrl":"https:\/\/palosaarenporotila.fi\/wp-content\/uploads\/2020\/12\/arriving-from-reindeer-sleighride.jpg","width":800,"height":533},{"@type":"BreadcrumbList","@id":"https:\/\/palosaarenporotila.fi\/en\/reindeer-farm\/reindeer-farm-visit-with-long-reindeer-drive\/#breadcrumb","itemListElement":[{"@type":"ListItem","position":1,"name":"Etusivu","item":"https:\/\/palosaarenporotila.fi\/en\/"},{"@type":"ListItem","position":2,"name":"Reindeer Farm","item":"https:\/\/palosaarenporotila.fi\/en\/reindeer-farm\/"},{"@type":"ListItem","position":3,"name":"Reindeer Farm visit with long reindeer drive"}]},{"@type":"WebSite","@id":"https:\/\/palosaarenporotila.fi\/en\/#website","url":"https:\/\/palosaarenporotila.fi\/en\/","name":"Palosaaren poro- ja kalastustila, Kuusamo","description":"El\u00e4myksellisi\u00e4 hetki\u00e4 luonnossa","publisher":{"@id":"https:\/\/palosaarenporotila.fi\/en\/#organization"},"potentialAction":[{"@type":"SearchAction","target":{"@type":"EntryPoint","urlTemplate":"https:\/\/palosaarenporotila.fi\/en\/?s={search_term_string}"},"query-input":{"@type":"PropertyValueSpecification","valueRequired":true,"valueName":"search_term_string"}}],"inLanguage":"en-US"},{"@type":"Organization","@id":"https:\/\/palosaarenporotila.fi\/en\/#organization","name":"Palosaaren poro- ja kalastustila","url":"https:\/\/palosaarenporotila.fi\/en\/","logo":{"@type":"ImageObject","inLanguage":"en-US","@id":"https:\/\/palosaarenporotila.fi\/en\/#\/schema\/logo\/image\/","url":"https:\/\/palosaarenporotila.fi\/wp-content\/uploads\/2020\/12\/logo-m-fi.png","contentUrl":"https:\/\/palosaarenporotila.fi\/wp-content\/uploads\/2020\/12\/logo-m-fi.png","width":450,"height":109,"caption":"Palosaaren poro- ja kalastustila"},"image":{"@id":"https:\/\/palosaarenporotila.fi\/en\/#\/schema\/logo\/image\/"},"sameAs":["https:\/\/www.facebook.com\/reindeerranchfinland\/","https:\/\/www.instagram.com\/reindeerandfishingranch\/"]}]}},"_links":{"self":[{"href":"https:\/\/palosaarenporotila.fi\/en\/wp-json\/wp\/v2\/pages\/514","targetHints":{"allow":["GET"]}}],"collection":[{"href":"https:\/\/palosaarenporotila.fi\/en\/wp-json\/wp\/v2\/pages"}],"about":[{"href":"https:\/\/palosaarenporotila.fi\/en\/wp-json\/wp\/v2\/types\/page"}],"author":[{"embeddable":true,"href":"https:\/\/palosaarenporotila.fi\/en\/wp-json\/wp\/v2\/users\/1"}],"replies":[{"embeddable":true,"href":"https:\/\/palosaarenporotila.fi\/en\/wp-json\/wp\/v2\/comments?post=514"}],"version-history":[{"count":1,"href":"https:\/\/palosaarenporotila.fi\/en\/wp-json\/wp\/v2\/pages\/514\/revisions"}],"predecessor-version":[{"id":4677,"href":"https:\/\/palosaarenporotila.fi\/en\/wp-json\/wp\/v2\/pages\/514\/revisions\/4677"}],"up":[{"embeddable":true,"href":"https:\/\/palosaarenporotila.fi\/en\/wp-json\/wp\/v2\/pages\/505"}],"wp:featuredmedia":[{"embeddable":true,"href":"https:\/\/palosaarenporotila.fi\/en\/wp-json\/wp\/v2\/media\/1171"}],"wp:attachment":[{"href":"https:\/\/palosaarenporotila.fi\/en\/wp-json\/wp\/v2\/media?parent=514"}],"curies":[{"name":"wp","href":"https:\/\/api.w.org\/{rel}","templated":true}]}}