{"id":525,"date":"2020-12-23T08:23:57","date_gmt":"2020-12-23T06:23:57","guid":{"rendered":"http:\/\/palosaarenporotila.fi\/uusi\/fishing\/keskiyon-kalaretki\/"},"modified":"2021-02-15T14:38:16","modified_gmt":"2021-02-15T12:38:16","slug":"midnight-fishing-trip","status":"publish","type":"page","link":"https:\/\/palosaarenporotila.fi\/en\/fishing\/midnight-fishing-trip\/","title":{"rendered":"Midnight Fishing Trip"},"content":{"rendered":"<ul>\n<li>\n<p>        <img decoding=\"async\" src=\"\/wp-content\/uploads\/2021\/01\/keskiyonkalastus-kirjolohi-hauki.jpg\" alt=\"\"><\/p>\n<h3>perhokalastuskurssi-naisille1<\/h3>\n<\/li>\n<li>\n<p>        <img decoding=\"async\" src=\"\/wp-content\/uploads\/2021\/01\/keskiyonkalastus-veneessa.jpg\" alt=\"\"><\/p>\n<h3>Keskiy\u00f6n kalaretki<\/h3>\n<\/li>\n<li>\n<p>        <img decoding=\"async\" src=\"\/wp-content\/uploads\/2021\/01\/campfire.jpg\" alt=\"\"><\/p>\n<h3>perhokalastuskurssi-naisille1<\/h3>\n<\/li>\n<li>\n<p>        <img decoding=\"async\" src=\"\/wp-content\/uploads\/2021\/01\/keskiyonkalastus-laavu.jpg\" alt=\"\"><\/p>\n<h3>perhokalastuskurssi-naisille1<\/h3>\n<\/li>\n<\/ul>\n<h1>Midnight Fishing Trip<\/h1>\n<div>\n<p>We\u2019ll hike about 1,5 km through hill views to Laavu. Laavu is located in the middle of an eternal spruce forest. In Laavu we\u2019ll set the fishing equipment ready and at the same time enjoy coffee and snacks.<\/p>\n<p>You\u2019ll hear tips on how to catch the fish from the lake. You\u2019ll hear our fishing stories and start to fly. We\u2019ll fish in a wilderness pond where rainbow trout, white fish and pikes are waiting for YOU.\u00a0<\/p>\n<\/div>\n<ul>\n<li>\n<h3>Duration<\/h3>\n<p>4 hours<\/p>\n<\/li>\n<li>\n<h3>Price<\/h3>\n<p>90\u20ac\/Adult, 45\u20ac\/children 4-12 years<\/p>\n<\/li>\n<li>\n<h3>Price incl.<\/h3>\n<\/li>\n<li>\n<h3>Group size<\/h3>\n<p>max. 10 people\/group<\/p>\n<\/li>\n<li>\n<h3>Info<\/h3>\n<p>Trips start after 20.00<\/p>\n<\/li>\n<\/ul>\n<h4>Ask more or book<\/h4>\n<div>\n<div class=\"wpforms-container wpforms-container-full\" id=\"wpforms-494\"><form id=\"wpforms-form-494\" class=\"wpforms-validate wpforms-form\" data-formid=\"494\" method=\"post\" enctype=\"multipart\/form-data\" action=\"\/en\/wp-json\/wp\/v2\/pages\/525\" data-token=\"a38175d2482072df93527735d404150e\" data-token-time=\"1776794446\"><noscript class=\"wpforms-error-noscript\">Please enable JavaScript in your browser to complete this form.<\/noscript><div class=\"wpforms-field-container\"><div id=\"wpforms-494-field_7-container\" class=\"wpforms-field wpforms-field-html\" data-field-id=\"7\"><div id=\"wpforms-494-field_7\">You must accept cookies in order to use the form. You can change the settings at the bottom of the page under \"Cookie settings\"<\/div><\/div><div id=\"wpforms-494-field_1-container\" class=\"wpforms-field wpforms-field-text\" data-field-id=\"1\"><label class=\"wpforms-field-label\" for=\"wpforms-494-field_1\">Name <span class=\"wpforms-required-label\">*<\/span><\/label><input type=\"text\" id=\"wpforms-494-field_1\" class=\"wpforms-field-large wpforms-field-required\" name=\"wpforms[fields][1]\" required><\/div><div id=\"wpforms-494-field_2-container\" class=\"wpforms-field wpforms-field-text\" data-field-id=\"2\"><label class=\"wpforms-field-label\" for=\"wpforms-494-field_2\">Phone <span class=\"wpforms-required-label\">*<\/span><\/label><input type=\"text\" id=\"wpforms-494-field_2\" class=\"wpforms-field-large wpforms-field-required\" name=\"wpforms[fields][2]\" required><\/div><div id=\"wpforms-494-field_3-container\" class=\"wpforms-field wpforms-field-email\" data-field-id=\"3\"><label class=\"wpforms-field-label\" for=\"wpforms-494-field_3\">Email <span class=\"wpforms-required-label\">*<\/span><\/label><input type=\"email\" id=\"wpforms-494-field_3\" class=\"wpforms-field-large wpforms-field-required\" name=\"wpforms[fields][3]\" spellcheck=\"false\" required><\/div><div id=\"wpforms-494-field_4-container\" class=\"wpforms-field wpforms-field-text wpforms-one-half wpforms-first\" data-field-id=\"4\"><label class=\"wpforms-field-label\" for=\"wpforms-494-field_4\">Date<\/label><input type=\"text\" id=\"wpforms-494-field_4\" class=\"wpforms-field-large\" name=\"wpforms[fields][4]\" ><\/div><div id=\"wpforms-494-field_5-container\" class=\"wpforms-field wpforms-field-text wpforms-one-half\" data-field-id=\"5\"><label class=\"wpforms-field-label\" for=\"wpforms-494-field_5\">Number of participants<\/label><input type=\"text\" id=\"wpforms-494-field_5\" class=\"wpforms-field-large\" name=\"wpforms[fields][5]\" ><\/div><div id=\"wpforms-494-field_6-container\" class=\"wpforms-field wpforms-field-textarea\" data-field-id=\"6\"><label class=\"wpforms-field-label\" for=\"wpforms-494-field_6\">Message<\/label><textarea id=\"wpforms-494-field_6\" class=\"wpforms-field-medium\" name=\"wpforms[fields][6]\" ><\/textarea><\/div><\/div><!-- .wpforms-field-container --><div class=\"wpforms-recaptcha-container wpforms-is-recaptcha wpforms-is-recaptcha-type-v3\" ><input type=\"hidden\" name=\"wpforms[recaptcha]\" value=\"\"><\/div><div class=\"wpforms-submit-container\" ><input type=\"hidden\" name=\"wpforms[id]\" value=\"494\"><input type=\"hidden\" name=\"page_title\" value=\"\"><input type=\"hidden\" name=\"page_url\" value=\"https:\/\/palosaarenporotila.fi\/en\/wp-json\/wp\/v2\/pages\/525\"><input type=\"hidden\" name=\"url_referer\" value=\"\"><button type=\"submit\" name=\"wpforms[submit]\" id=\"wpforms-submit-494\" class=\"wpforms-submit\" data-alt-text=\"Sending...\" data-submit-text=\"Send\" aria-live=\"assertive\" value=\"wpforms-submit\">Send<\/button><\/div><\/form><\/div>  <!-- .wpforms-container -->\n<\/div>\n<p><!-- {\"name\":\"tuotekortti\",\"type\":\"layout\",\"children\":[{\"type\":\"section\",\"props\":{\"style\":\"default\",\"width\":\"default\",\"vertical_align\":\"middle\",\"title_position\":\"top-left\",\"title_rotation\":\"left\",\"title_breakpoint\":\"xl\",\"image_position\":\"center-center\"},\"children\":[{\"type\":\"row\",\"props\":{\"layout\":\"1-2,1-2\",\"column_gap\":\"collapse\",\"row_gap\":\"collapse\"},\"children\":[{\"type\":\"column\",\"props\":{\"image_position\":\"center-center\",\"media_overlay_gradient\":\"\",\"width_medium\":\"1-2\",\"image\":\"wp-content\\\/uploads\\\/2021\\\/01\\\/keskiyonkalastus-kirjolohi.jpg\",\"image_size\":\"cover\",\"padding\":\"large\",\"width_small\":\"1-2\"},\"children\":[]},{\"type\":\"column\",\"props\":{\"image_position\":\"center-center\",\"media_overlay_gradient\":\"\",\"width_medium\":\"1-2\",\"width_small\":\"1-2\"},\"children\":[{\"type\":\"gallery\",\"props\":{\"show_title\":false,\"show_meta\":true,\"show_content\":true,\"show_link\":true,\"show_hover_image\":true,\"grid_default\":\"2\",\"grid_medium\":\"\",\"filter_style\":\"tab\",\"filter_all\":true,\"filter_position\":\"top\",\"filter_align\":\"left\",\"filter_grid_width\":\"auto\",\"filter_grid_breakpoint\":\"m\",\"overlay_mode\":\"caption\",\"overlay_hover\":true,\"overlay_style\":\"\",\"text_color\":\"light\",\"overlay_position\":\"center\",\"overlay_transition\":\"fade\",\"title_hover_style\":\"reset\",\"title_element\":\"h3\",\"meta_style\":\"meta\",\"meta_align\":\"below-title\",\"meta_element\":\"div\",\"link_text\":\"\",\"link_style\":\"\",\"text_align\":\"center\",\"margin\":\"default\",\"item_animation\":\"\",\"grid_column_gap\":\"collapse\",\"grid_row_gap\":\"collapse\",\"grid_small\":\"2\",\"image_width\":\"800\",\"image_height\":\"650\",\"lightbox\":true,\"overlay_link\":true,\"content_display\":\"lightbox\"},\"children\":[{\"type\":\"gallery_item\",\"props\":{\"title\":\"perhokalastuskurssi-naisille1\",\"image\":\"wp-content\\\/uploads\\\/2021\\\/01\\\/keskiyonkalastus-kirjolohi-hauki.jpg\"}},{\"type\":\"gallery_item\",\"props\":{\"title\":\"Keskiy\\u00f6n kalaretki\",\"image\":\"wp-content\\\/uploads\\\/2021\\\/01\\\/keskiyonkalastus-veneessa.jpg\"}},{\"type\":\"gallery_item\",\"props\":{\"title\":\"perhokalastuskurssi-naisille1\",\"image\":\"wp-content\\\/uploads\\\/2021\\\/01\\\/campfire.jpg\"}},{\"type\":\"gallery_item\",\"props\":{\"title\":\"perhokalastuskurssi-naisille1\",\"image\":\"wp-content\\\/uploads\\\/2021\\\/01\\\/keskiyonkalastus-laavu.jpg\"}}]}]}]},{\"type\":\"row\",\"props\":{\"layout\":\"2-3,1-3\"},\"children\":[{\"type\":\"column\",\"props\":{\"image_position\":\"center-center\",\"media_overlay_gradient\":\"\",\"width_medium\":\"2-3\"},\"children\":[{\"type\":\"headline\",\"props\":{\"title_element\":\"h1\",\"content\":\"Midnight Fishing Trip\",\"title_style\":\"h1\"}},{\"type\":\"text\",\"props\":{\"margin\":\"default\",\"column_breakpoint\":\"m\",\"content\":\"\n\n<p>We\\u2019ll hike about 1,5 km through hill views to Laavu. Laavu is located in the middle of an eternal spruce forest. In Laavu we\\u2019ll set the fishing equipment ready and at the same time enjoy coffee and snacks.<\\\/p>\\n\n\n<p>You\\u2019ll hear tips on how to catch the fish from the lake. You\\u2019ll hear our fishing stories and start to fly. We\\u2019ll fish in a wilderness pond where rainbow trout, white fish and pikes are waiting for YOU.\\u00a0<\\\/p>\"}},{\"type\":\"description_list\",\"props\":{\"show_title\":true,\"show_meta\":true,\"show_content\":true,\"show_link\":true,\"list_element\":\"ul\",\"column_breakpoint\":\"m\",\"layout\":\"grid-2\",\"title_grid_width\":\"small\",\"title_grid_column_gap\":\"small\",\"title_grid_row_gap\":\"small\",\"title_element\":\"div\",\"meta_style\":\"\",\"meta_align\":\"below-content\",\"title_colon\":true,\"list_style\":\"striped\",\"title_grid_breakpoint\":\"s\"},\"children\":[{\"type\":\"description_list_item\",\"props\":{\"title\":\"Duration\",\"meta\":\"4 hours\"}},{\"type\":\"description_list_item\",\"props\":{\"title\":\"Price\",\"meta\":\"90\\u20ac\\\/Adult, 45\\u20ac\\\/children 4-12 years\"}},{\"type\":\"description_list_item\",\"props\":{\"title\":\"Price incl.\",\"meta\":\"\"}},{\"type\":\"description_list_item\",\"props\":{\"title\":\"Group size\",\"meta\":\"max. 10 people\\\/group\"}},{\"type\":\"description_list_item\",\"props\":{\"title\":\"Info\",\"meta\":\"Trips start after 20.00\"}}]}]},{\"type\":\"column\",\"props\":{\"image_position\":\"center-center\",\"media_overlay_gradient\":\"\",\"width_medium\":\"1-3\"},\"children\":[{\"type\":\"headline\",\"props\":{\"title_element\":\"h4\",\"content\":\"Ask more or book\",\"title_style\":\"h4\",\"title_decoration\":\"divider\"},\"modified\":\"2021-01-04T13:36:47.905Z\",\"name\":\"ask more\"},{\"type\":\"text\",\"props\":{\"margin\":\"default\",\"column_breakpoint\":\"m\",\"content\":\"\n\n<p>[wpforms id=\\\"494\\\"]<\\\/p>\"},\"modified\":\"2021-01-04T12:51:29.944Z\",\"name\":\"enkkulomake\"}]}]}]}],\"version\":\"2.3.30\"} --><\/p>\n","protected":false},"excerpt":{"rendered":"<p>perhokalastuskurssi-naisille1 Keskiy\u00f6n kalaretki perhokalastuskurssi-naisille1 perhokalastuskurssi-naisille1 Midnight Fishing Trip We\u2019ll hike about 1,5 km through hill views to Laavu. Laavu is located in the middle of an eternal spruce forest. In Laavu we\u2019ll set the fishing equipment ready and at the same time enjoy coffee and snacks. You\u2019ll hear tips on how to catch the fish [&hellip;]<\/p>\n","protected":false},"author":1,"featured_media":1082,"parent":486,"menu_order":0,"comment_status":"closed","ping_status":"closed","template":"","meta":{"footnotes":""},"class_list":["post-525","page","type-page","status-publish","has-post-thumbnail","hentry"],"yoast_head":"<!-- This site is optimized with the Yoast SEO plugin v27.3 - https:\/\/yoast.com\/product\/yoast-seo-wordpress\/ -->\n<title>Midnight Fishing Trip - Palosaari Reindeer and Fishing Farm, Kuusamo, Finland<\/title>\n<meta name=\"description\" content=\"We\u2019ll hike about 1,5 km through hill views. We\u2019ll fish in a wilderness pond where rainbow trout, white fish and pikes are waiting for YOU.\" \/>\n<meta name=\"robots\" content=\"index, follow, max-snippet:-1, max-image-preview:large, max-video-preview:-1\" \/>\n<link rel=\"canonical\" href=\"https:\/\/palosaarenporotila.fi\/en\/fishing\/midnight-fishing-trip\/\" \/>\n<meta property=\"og:locale\" content=\"en_US\" \/>\n<meta property=\"og:type\" content=\"article\" \/>\n<meta property=\"og:title\" content=\"Midnight Fishing Trip - Palosaari Reindeer and Fishing Farm, Kuusamo, Finland\" \/>\n<meta property=\"og:description\" content=\"We\u2019ll hike about 1,5 km through hill views. We\u2019ll fish in a wilderness pond where rainbow trout, white fish and pikes are waiting for YOU.\" \/>\n<meta property=\"og:url\" content=\"https:\/\/palosaarenporotila.fi\/en\/fishing\/midnight-fishing-trip\/\" \/>\n<meta property=\"og:site_name\" content=\"Palosaari Reindeer and Fishing Farm, Kuusamo, Finland\" \/>\n<meta property=\"article:publisher\" content=\"https:\/\/www.facebook.com\/reindeerranchfinland\/\" \/>\n<meta property=\"article:modified_time\" content=\"2021-02-15T12:38:16+00:00\" \/>\n<meta property=\"og:image\" content=\"https:\/\/palosaarenporotila.fi\/wp-content\/uploads\/2021\/01\/keskiyonkalastus-kirjolohi-hauki.jpg\" \/>\n\t<meta property=\"og:image:width\" content=\"1000\" \/>\n\t<meta property=\"og:image:height\" content=\"640\" \/>\n\t<meta property=\"og:image:type\" content=\"image\/jpeg\" \/>\n<meta name=\"twitter:card\" content=\"summary_large_image\" \/>\n<meta name=\"twitter:label1\" content=\"Est. reading time\" \/>\n\t<meta name=\"twitter:data1\" content=\"1 minute\" \/>\n<script type=\"application\/ld+json\" class=\"yoast-schema-graph\">{\"@context\":\"https:\\\/\\\/schema.org\",\"@graph\":[{\"@type\":\"WebPage\",\"@id\":\"https:\\\/\\\/palosaarenporotila.fi\\\/en\\\/fishing\\\/midnight-fishing-trip\\\/\",\"url\":\"https:\\\/\\\/palosaarenporotila.fi\\\/en\\\/fishing\\\/midnight-fishing-trip\\\/\",\"name\":\"Midnight Fishing Trip - Palosaari Reindeer and Fishing Farm, Kuusamo, Finland\",\"isPartOf\":{\"@id\":\"https:\\\/\\\/palosaarenporotila.fi\\\/en\\\/#website\"},\"primaryImageOfPage\":{\"@id\":\"https:\\\/\\\/palosaarenporotila.fi\\\/en\\\/fishing\\\/midnight-fishing-trip\\\/#primaryimage\"},\"image\":{\"@id\":\"https:\\\/\\\/palosaarenporotila.fi\\\/en\\\/fishing\\\/midnight-fishing-trip\\\/#primaryimage\"},\"thumbnailUrl\":\"https:\\\/\\\/palosaarenporotila.fi\\\/wp-content\\\/uploads\\\/2021\\\/01\\\/keskiyonkalastus-kirjolohi-hauki.jpg\",\"datePublished\":\"2020-12-23T06:23:57+00:00\",\"dateModified\":\"2021-02-15T12:38:16+00:00\",\"description\":\"We\u2019ll hike about 1,5 km through hill views. We\u2019ll fish in a wilderness pond where rainbow trout, white fish and pikes are waiting for YOU.\",\"breadcrumb\":{\"@id\":\"https:\\\/\\\/palosaarenporotila.fi\\\/en\\\/fishing\\\/midnight-fishing-trip\\\/#breadcrumb\"},\"inLanguage\":\"en-US\",\"potentialAction\":[{\"@type\":\"ReadAction\",\"target\":[\"https:\\\/\\\/palosaarenporotila.fi\\\/en\\\/fishing\\\/midnight-fishing-trip\\\/\"]}]},{\"@type\":\"ImageObject\",\"inLanguage\":\"en-US\",\"@id\":\"https:\\\/\\\/palosaarenporotila.fi\\\/en\\\/fishing\\\/midnight-fishing-trip\\\/#primaryimage\",\"url\":\"https:\\\/\\\/palosaarenporotila.fi\\\/wp-content\\\/uploads\\\/2021\\\/01\\\/keskiyonkalastus-kirjolohi-hauki.jpg\",\"contentUrl\":\"https:\\\/\\\/palosaarenporotila.fi\\\/wp-content\\\/uploads\\\/2021\\\/01\\\/keskiyonkalastus-kirjolohi-hauki.jpg\",\"width\":1000,\"height\":640},{\"@type\":\"BreadcrumbList\",\"@id\":\"https:\\\/\\\/palosaarenporotila.fi\\\/en\\\/fishing\\\/midnight-fishing-trip\\\/#breadcrumb\",\"itemListElement\":[{\"@type\":\"ListItem\",\"position\":1,\"name\":\"Etusivu\",\"item\":\"https:\\\/\\\/palosaarenporotila.fi\\\/en\\\/\"},{\"@type\":\"ListItem\",\"position\":2,\"name\":\"Fishing\",\"item\":\"https:\\\/\\\/palosaarenporotila.fi\\\/en\\\/fishing\\\/\"},{\"@type\":\"ListItem\",\"position\":3,\"name\":\"Midnight Fishing Trip\"}]},{\"@type\":\"WebSite\",\"@id\":\"https:\\\/\\\/palosaarenporotila.fi\\\/en\\\/#website\",\"url\":\"https:\\\/\\\/palosaarenporotila.fi\\\/en\\\/\",\"name\":\"Palosaaren poro- ja kalastustila, Kuusamo\",\"description\":\"El\u00e4myksellisi\u00e4 hetki\u00e4 luonnossa\",\"publisher\":{\"@id\":\"https:\\\/\\\/palosaarenporotila.fi\\\/en\\\/#organization\"},\"potentialAction\":[{\"@type\":\"SearchAction\",\"target\":{\"@type\":\"EntryPoint\",\"urlTemplate\":\"https:\\\/\\\/palosaarenporotila.fi\\\/en\\\/?s={search_term_string}\"},\"query-input\":{\"@type\":\"PropertyValueSpecification\",\"valueRequired\":true,\"valueName\":\"search_term_string\"}}],\"inLanguage\":\"en-US\"},{\"@type\":\"Organization\",\"@id\":\"https:\\\/\\\/palosaarenporotila.fi\\\/en\\\/#organization\",\"name\":\"Palosaaren poro- ja kalastustila\",\"url\":\"https:\\\/\\\/palosaarenporotila.fi\\\/en\\\/\",\"logo\":{\"@type\":\"ImageObject\",\"inLanguage\":\"en-US\",\"@id\":\"https:\\\/\\\/palosaarenporotila.fi\\\/en\\\/#\\\/schema\\\/logo\\\/image\\\/\",\"url\":\"https:\\\/\\\/palosaarenporotila.fi\\\/wp-content\\\/uploads\\\/2020\\\/12\\\/logo-m-fi.png\",\"contentUrl\":\"https:\\\/\\\/palosaarenporotila.fi\\\/wp-content\\\/uploads\\\/2020\\\/12\\\/logo-m-fi.png\",\"width\":450,\"height\":109,\"caption\":\"Palosaaren poro- ja kalastustila\"},\"image\":{\"@id\":\"https:\\\/\\\/palosaarenporotila.fi\\\/en\\\/#\\\/schema\\\/logo\\\/image\\\/\"},\"sameAs\":[\"https:\\\/\\\/www.facebook.com\\\/reindeerranchfinland\\\/\",\"https:\\\/\\\/www.instagram.com\\\/reindeerandfishingranch\\\/\"]}]}<\/script>\n<!-- \/ Yoast SEO plugin. -->","yoast_head_json":{"title":"Midnight Fishing Trip - Palosaari Reindeer and Fishing Farm, Kuusamo, Finland","description":"We\u2019ll hike about 1,5 km through hill views. We\u2019ll fish in a wilderness pond where rainbow trout, white fish and pikes are waiting for YOU.","robots":{"index":"index","follow":"follow","max-snippet":"max-snippet:-1","max-image-preview":"max-image-preview:large","max-video-preview":"max-video-preview:-1"},"canonical":"https:\/\/palosaarenporotila.fi\/en\/fishing\/midnight-fishing-trip\/","og_locale":"en_US","og_type":"article","og_title":"Midnight Fishing Trip - Palosaari Reindeer and Fishing Farm, Kuusamo, Finland","og_description":"We\u2019ll hike about 1,5 km through hill views. We\u2019ll fish in a wilderness pond where rainbow trout, white fish and pikes are waiting for YOU.","og_url":"https:\/\/palosaarenporotila.fi\/en\/fishing\/midnight-fishing-trip\/","og_site_name":"Palosaari Reindeer and Fishing Farm, Kuusamo, Finland","article_publisher":"https:\/\/www.facebook.com\/reindeerranchfinland\/","article_modified_time":"2021-02-15T12:38:16+00:00","og_image":[{"width":1000,"height":640,"url":"https:\/\/palosaarenporotila.fi\/wp-content\/uploads\/2021\/01\/keskiyonkalastus-kirjolohi-hauki.jpg","type":"image\/jpeg"}],"twitter_card":"summary_large_image","twitter_misc":{"Est. reading time":"1 minute"},"schema":{"@context":"https:\/\/schema.org","@graph":[{"@type":"WebPage","@id":"https:\/\/palosaarenporotila.fi\/en\/fishing\/midnight-fishing-trip\/","url":"https:\/\/palosaarenporotila.fi\/en\/fishing\/midnight-fishing-trip\/","name":"Midnight Fishing Trip - Palosaari Reindeer and Fishing Farm, Kuusamo, Finland","isPartOf":{"@id":"https:\/\/palosaarenporotila.fi\/en\/#website"},"primaryImageOfPage":{"@id":"https:\/\/palosaarenporotila.fi\/en\/fishing\/midnight-fishing-trip\/#primaryimage"},"image":{"@id":"https:\/\/palosaarenporotila.fi\/en\/fishing\/midnight-fishing-trip\/#primaryimage"},"thumbnailUrl":"https:\/\/palosaarenporotila.fi\/wp-content\/uploads\/2021\/01\/keskiyonkalastus-kirjolohi-hauki.jpg","datePublished":"2020-12-23T06:23:57+00:00","dateModified":"2021-02-15T12:38:16+00:00","description":"We\u2019ll hike about 1,5 km through hill views. We\u2019ll fish in a wilderness pond where rainbow trout, white fish and pikes are waiting for YOU.","breadcrumb":{"@id":"https:\/\/palosaarenporotila.fi\/en\/fishing\/midnight-fishing-trip\/#breadcrumb"},"inLanguage":"en-US","potentialAction":[{"@type":"ReadAction","target":["https:\/\/palosaarenporotila.fi\/en\/fishing\/midnight-fishing-trip\/"]}]},{"@type":"ImageObject","inLanguage":"en-US","@id":"https:\/\/palosaarenporotila.fi\/en\/fishing\/midnight-fishing-trip\/#primaryimage","url":"https:\/\/palosaarenporotila.fi\/wp-content\/uploads\/2021\/01\/keskiyonkalastus-kirjolohi-hauki.jpg","contentUrl":"https:\/\/palosaarenporotila.fi\/wp-content\/uploads\/2021\/01\/keskiyonkalastus-kirjolohi-hauki.jpg","width":1000,"height":640},{"@type":"BreadcrumbList","@id":"https:\/\/palosaarenporotila.fi\/en\/fishing\/midnight-fishing-trip\/#breadcrumb","itemListElement":[{"@type":"ListItem","position":1,"name":"Etusivu","item":"https:\/\/palosaarenporotila.fi\/en\/"},{"@type":"ListItem","position":2,"name":"Fishing","item":"https:\/\/palosaarenporotila.fi\/en\/fishing\/"},{"@type":"ListItem","position":3,"name":"Midnight Fishing Trip"}]},{"@type":"WebSite","@id":"https:\/\/palosaarenporotila.fi\/en\/#website","url":"https:\/\/palosaarenporotila.fi\/en\/","name":"Palosaaren poro- ja kalastustila, Kuusamo","description":"El\u00e4myksellisi\u00e4 hetki\u00e4 luonnossa","publisher":{"@id":"https:\/\/palosaarenporotila.fi\/en\/#organization"},"potentialAction":[{"@type":"SearchAction","target":{"@type":"EntryPoint","urlTemplate":"https:\/\/palosaarenporotila.fi\/en\/?s={search_term_string}"},"query-input":{"@type":"PropertyValueSpecification","valueRequired":true,"valueName":"search_term_string"}}],"inLanguage":"en-US"},{"@type":"Organization","@id":"https:\/\/palosaarenporotila.fi\/en\/#organization","name":"Palosaaren poro- ja kalastustila","url":"https:\/\/palosaarenporotila.fi\/en\/","logo":{"@type":"ImageObject","inLanguage":"en-US","@id":"https:\/\/palosaarenporotila.fi\/en\/#\/schema\/logo\/image\/","url":"https:\/\/palosaarenporotila.fi\/wp-content\/uploads\/2020\/12\/logo-m-fi.png","contentUrl":"https:\/\/palosaarenporotila.fi\/wp-content\/uploads\/2020\/12\/logo-m-fi.png","width":450,"height":109,"caption":"Palosaaren poro- ja kalastustila"},"image":{"@id":"https:\/\/palosaarenporotila.fi\/en\/#\/schema\/logo\/image\/"},"sameAs":["https:\/\/www.facebook.com\/reindeerranchfinland\/","https:\/\/www.instagram.com\/reindeerandfishingranch\/"]}]}},"_links":{"self":[{"href":"https:\/\/palosaarenporotila.fi\/en\/wp-json\/wp\/v2\/pages\/525","targetHints":{"allow":["GET"]}}],"collection":[{"href":"https:\/\/palosaarenporotila.fi\/en\/wp-json\/wp\/v2\/pages"}],"about":[{"href":"https:\/\/palosaarenporotila.fi\/en\/wp-json\/wp\/v2\/types\/page"}],"author":[{"embeddable":true,"href":"https:\/\/palosaarenporotila.fi\/en\/wp-json\/wp\/v2\/users\/1"}],"replies":[{"embeddable":true,"href":"https:\/\/palosaarenporotila.fi\/en\/wp-json\/wp\/v2\/comments?post=525"}],"version-history":[{"count":0,"href":"https:\/\/palosaarenporotila.fi\/en\/wp-json\/wp\/v2\/pages\/525\/revisions"}],"up":[{"embeddable":true,"href":"https:\/\/palosaarenporotila.fi\/en\/wp-json\/wp\/v2\/pages\/486"}],"wp:featuredmedia":[{"embeddable":true,"href":"https:\/\/palosaarenporotila.fi\/en\/wp-json\/wp\/v2\/media\/1082"}],"wp:attachment":[{"href":"https:\/\/palosaarenporotila.fi\/en\/wp-json\/wp\/v2\/media?parent=525"}],"curies":[{"name":"wp","href":"https:\/\/api.w.org\/{rel}","templated":true}]}}