{"id":530,"date":"2020-12-23T08:17:36","date_gmt":"2020-12-23T06:17:36","guid":{"rendered":"http:\/\/palosaarenporotila.fi\/uusi\/fishing\/perhokalastusta-aloittelijoille\/"},"modified":"2023-05-17T21:19:44","modified_gmt":"2023-05-17T18:19:44","slug":"fly-fishing-for-beginners","status":"publish","type":"page","link":"https:\/\/palosaarenporotila.fi\/en\/fishing\/fly-fishing-for-beginners\/","title":{"rendered":"Fly Fishing Course for Beginners"},"content":{"rendered":"<ul>\n<li>\n<p>        <img decoding=\"async\" src=\"\/wp-content\/uploads\/2020\/12\/perhokalastuskurssi-naisille1.jpg\" alt=\"\"><\/p>\n<h3>perhokalastuskurssi-naisille1<\/h3>\n<\/li>\n<li>\n<p>        <img decoding=\"async\" src=\"\/wp-content\/uploads\/2020\/12\/20180830_1531300.jpg\" alt=\"\"><\/p>\n<h3>20180830_1531300<\/h3>\n<\/li>\n<li>\n<p>        <img decoding=\"async\" src=\"\/wp-content\/uploads\/2020\/12\/ylakuva_kalastus.jpg\" alt=\"\"><\/p>\n<h3>ylakuva_kalastus<\/h3>\n<\/li>\n<li>\n<p>        <img decoding=\"async\" src=\"\/wp-content\/uploads\/2020\/12\/summer-fishing-and-reindeer-programs_f.jpg\" alt=\"\"><\/p>\n<h3>summer-fishing-and-reindeer-programs_f<\/h3>\n<\/li>\n<\/ul>\n<h1>Fly Fishing Course for Beginners<\/h1>\n<div>\n<p>You will learn basics about fly fishing, history and highlight of your day will be fly fishing by the river. Fishing time is about 3 hours<\/p>\n<\/div>\n<ul>\n<li>\n<h3>Duration<\/h3>\n<p>5-6 hours<\/p>\n<\/li>\n<li>\n<h3>Price<\/h3>\n<p> 120 \u20ac\/person<\/p>\n<\/li>\n<li>\n<h3>Price incl.<\/h3>\n<p>picnic, guiding and transportation, fishing gears<\/p>\n<\/li>\n<li>\n<h3>Group size<\/h3>\n<p>Minimum 2 persons<\/p>\n<\/li>\n<li>\n<h3>Info<\/h3>\n<div>\n<p>Not including any fishing licenses.<\/p>\n<\/div>\n<\/li>\n<\/ul>\n<h4>Ask more or book<\/h4>\n<div>\n<div class=\"wpforms-container wpforms-container-full\" id=\"wpforms-494\"><form id=\"wpforms-form-494\" class=\"wpforms-validate wpforms-form\" data-formid=\"494\" method=\"post\" enctype=\"multipart\/form-data\" action=\"\/en\/wp-json\/wp\/v2\/pages\/530\" data-token=\"a38175d2482072df93527735d404150e\" data-token-time=\"1776808541\"><noscript class=\"wpforms-error-noscript\">Please enable JavaScript in your browser to complete this form.<\/noscript><div class=\"wpforms-field-container\"><div id=\"wpforms-494-field_7-container\" class=\"wpforms-field wpforms-field-html\" data-field-id=\"7\"><div id=\"wpforms-494-field_7\">You must accept cookies in order to use the form. You can change the settings at the bottom of the page under \"Cookie settings\"<\/div><\/div><div id=\"wpforms-494-field_1-container\" class=\"wpforms-field wpforms-field-text\" data-field-id=\"1\"><label class=\"wpforms-field-label\" for=\"wpforms-494-field_1\">Name <span class=\"wpforms-required-label\">*<\/span><\/label><input type=\"text\" id=\"wpforms-494-field_1\" class=\"wpforms-field-large wpforms-field-required\" name=\"wpforms[fields][1]\" required><\/div><div id=\"wpforms-494-field_2-container\" class=\"wpforms-field wpforms-field-text\" data-field-id=\"2\"><label class=\"wpforms-field-label\" for=\"wpforms-494-field_2\">Phone <span class=\"wpforms-required-label\">*<\/span><\/label><input type=\"text\" id=\"wpforms-494-field_2\" class=\"wpforms-field-large wpforms-field-required\" name=\"wpforms[fields][2]\" required><\/div><div id=\"wpforms-494-field_3-container\" class=\"wpforms-field wpforms-field-email\" data-field-id=\"3\"><label class=\"wpforms-field-label\" for=\"wpforms-494-field_3\">Email <span class=\"wpforms-required-label\">*<\/span><\/label><input type=\"email\" id=\"wpforms-494-field_3\" class=\"wpforms-field-large wpforms-field-required\" name=\"wpforms[fields][3]\" spellcheck=\"false\" required><\/div><div id=\"wpforms-494-field_4-container\" class=\"wpforms-field wpforms-field-text wpforms-one-half wpforms-first\" data-field-id=\"4\"><label class=\"wpforms-field-label\" for=\"wpforms-494-field_4\">Date<\/label><input type=\"text\" id=\"wpforms-494-field_4\" class=\"wpforms-field-large\" name=\"wpforms[fields][4]\" ><\/div><div id=\"wpforms-494-field_5-container\" class=\"wpforms-field wpforms-field-text wpforms-one-half\" data-field-id=\"5\"><label class=\"wpforms-field-label\" for=\"wpforms-494-field_5\">Number of participants<\/label><input type=\"text\" id=\"wpforms-494-field_5\" class=\"wpforms-field-large\" name=\"wpforms[fields][5]\" ><\/div><div id=\"wpforms-494-field_6-container\" class=\"wpforms-field wpforms-field-textarea\" data-field-id=\"6\"><label class=\"wpforms-field-label\" for=\"wpforms-494-field_6\">Message<\/label><textarea id=\"wpforms-494-field_6\" class=\"wpforms-field-medium\" name=\"wpforms[fields][6]\" ><\/textarea><\/div><\/div><!-- .wpforms-field-container --><div class=\"wpforms-recaptcha-container wpforms-is-recaptcha wpforms-is-recaptcha-type-v3\" ><input type=\"hidden\" name=\"wpforms[recaptcha]\" value=\"\"><\/div><div class=\"wpforms-submit-container\" ><input type=\"hidden\" name=\"wpforms[id]\" value=\"494\"><input type=\"hidden\" name=\"page_title\" value=\"\"><input type=\"hidden\" name=\"page_url\" value=\"https:\/\/palosaarenporotila.fi\/en\/wp-json\/wp\/v2\/pages\/530\"><input type=\"hidden\" name=\"url_referer\" value=\"\"><button type=\"submit\" name=\"wpforms[submit]\" id=\"wpforms-submit-494\" class=\"wpforms-submit\" data-alt-text=\"Sending...\" data-submit-text=\"Send\" aria-live=\"assertive\" value=\"wpforms-submit\">Send<\/button><\/div><\/form><\/div>  <!-- .wpforms-container -->\n<\/div>\n<p><!--more--><br \/>\n<!-- {\"name\":\"tuotekortti\",\"type\":\"layout\",\"children\":[{\"type\":\"section\",\"props\":{\"image_position\":\"center-center\",\"style\":\"default\",\"title_breakpoint\":\"xl\",\"title_position\":\"top-left\",\"title_rotation\":\"left\",\"vertical_align\":\"middle\",\"width\":\"default\"},\"children\":[{\"type\":\"row\",\"props\":{\"column_gap\":\"collapse\",\"layout\":\"1-2,1-2\",\"row_gap\":\"collapse\"},\"children\":[{\"type\":\"column\",\"props\":{\"image\":\"wp-content\\\/uploads\\\/2020\\\/12\\\/purjeevia-taimenta4.jpg\",\"image_position\":\"center-center\",\"image_size\":\"cover\",\"media_overlay_gradient\":\"\",\"padding\":\"large\",\"position_sticky_breakpoint\":\"m\",\"width_medium\":\"1-2\",\"width_small\":\"1-2\"},\"children\":[]},{\"type\":\"column\",\"props\":{\"image_position\":\"center-center\",\"media_overlay_gradient\":\"\",\"position_sticky_breakpoint\":\"m\",\"width_medium\":\"1-2\",\"width_small\":\"1-2\"},\"children\":[{\"type\":\"gallery\",\"props\":{\"content_display\":\"lightbox\",\"filter_align\":\"left\",\"filter_all\":true,\"filter_grid_breakpoint\":\"m\",\"filter_grid_width\":\"auto\",\"filter_position\":\"top\",\"filter_style\":\"tab\",\"grid_column_gap\":\"collapse\",\"grid_default\":\"2\",\"grid_medium\":\"\",\"grid_row_gap\":\"collapse\",\"grid_small\":\"2\",\"image_height\":\"650\",\"image_width\":\"800\",\"item_animation\":true,\"lightbox\":true,\"link_style\":\"\",\"link_text\":\"\",\"margin\":\"default\",\"meta_align\":\"below-title\",\"meta_element\":\"div\",\"meta_style\":\"text-meta\",\"overlay_hover\":true,\"overlay_link\":true,\"overlay_mode\":\"caption\",\"overlay_position\":\"center\",\"overlay_style\":\"\",\"overlay_transition\":\"fade\",\"parallax_easing\":\"1\",\"show_content\":true,\"show_hover_image\":true,\"show_link\":true,\"show_meta\":true,\"show_title\":false,\"text_align\":\"center\",\"text_color\":\"light\",\"title_element\":\"h3\",\"title_hover_style\":\"reset\"},\"children\":[{\"type\":\"gallery_item\",\"props\":{\"image\":\"wp-content\\\/uploads\\\/2020\\\/12\\\/perhokalastuskurssi-naisille1.jpg\",\"title\":\"perhokalastuskurssi-naisille1\"}},{\"type\":\"gallery_item\",\"props\":{\"image\":\"wp-content\\\/uploads\\\/2020\\\/12\\\/20180830_1531300.jpg\",\"title\":\"20180830_1531300\"}},{\"type\":\"gallery_item\",\"props\":{\"image\":\"wp-content\\\/uploads\\\/2020\\\/12\\\/ylakuva_kalastus.jpg\",\"title\":\"ylakuva_kalastus\"}},{\"type\":\"gallery_item\",\"props\":{\"image\":\"wp-content\\\/uploads\\\/2020\\\/12\\\/summer-fishing-and-reindeer-programs_f.jpg\",\"title\":\"summer-fishing-and-reindeer-programs_f\"}}]}]}]},{\"type\":\"row\",\"props\":{\"layout\":\"2-3,1-3\"},\"children\":[{\"type\":\"column\",\"props\":{\"image_position\":\"center-center\",\"media_overlay_gradient\":\"\",\"position_sticky_breakpoint\":\"m\",\"width_medium\":\"2-3\"},\"children\":[{\"type\":\"headline\",\"props\":{\"content\":\"Fly Fishing Course for Beginners\",\"title_element\":\"h1\",\"title_style\":\"h1\"}},{\"type\":\"text\",\"props\":{\"column_breakpoint\":\"m\",\"content\":\"\n\n<p>You will learn basics about fly fishing, history and highlight of your day will be fly fishing by the river. Fishing time is about 3 hours<\\\/p>\",\"margin\":\"default\"}},{\"type\":\"description_list\",\"props\":{\"column_breakpoint\":\"m\",\"layout\":\"grid-2\",\"list_element\":\"ul\",\"list_style\":\"striped\",\"meta_align\":\"below-content\",\"meta_style\":\"\",\"show_content\":true,\"show_link\":true,\"show_meta\":true,\"show_title\":true,\"title_colon\":true,\"title_element\":\"div\",\"title_grid_column_gap\":\"small\",\"title_grid_row_gap\":\"small\",\"title_grid_width\":\"auto\"},\"children\":[{\"type\":\"description_list_item\",\"props\":{\"meta\":\"5-6 hours\",\"title\":\"Duration\"}},{\"type\":\"description_list_item\",\"props\":{\"meta\":\" 120 \\u20ac\\\/person\",\"title\":\"Price\"}},{\"type\":\"description_list_item\",\"props\":{\"meta\":\"picnic, guiding and transportation, fishing gears\",\"title\":\"Price incl.\"}},{\"type\":\"description_list_item\",\"props\":{\"meta\":\"Minimum 2 persons\",\"title\":\"Group size\"}},{\"type\":\"description_list_item\",\"props\":{\"content\":\"\n\n<p>Not including any fishing licenses.<\\\/p>\",\"meta\":\"\",\"title\":\"Info\"}}]}]},{\"type\":\"column\",\"props\":{\"image_position\":\"center-center\",\"media_overlay_gradient\":\"\",\"position_sticky_breakpoint\":\"m\",\"width_medium\":\"1-3\"},\"children\":[{\"type\":\"headline\",\"props\":{\"content\":\"Ask more or book\",\"title_decoration\":\"divider\",\"title_element\":\"h4\",\"title_style\":\"h4\"},\"modified\":\"2021-01-04T13:36:47.905Z\",\"name\":\"ask more\"},{\"type\":\"text\",\"props\":{\"column_breakpoint\":\"m\",\"content\":\"\n\n<p>[wpforms id=\\\"494\\\"]<\\\/p>\",\"margin\":\"default\"},\"modified\":\"2021-01-04T12:51:29.944Z\",\"name\":\"enkkulomake\"}]}]}]}],\"version\":\"3.0.28\"} --><\/p>\n","protected":false},"excerpt":{"rendered":"<p>perhokalastuskurssi-naisille1 20180830_1531300 ylakuva_kalastus summer-fishing-and-reindeer-programs_f Fly Fishing Course for Beginners You will learn basics about fly fishing, history and highlight of your day will be fly fishing by the river. Fishing time is about 3 hours Duration 5-6 hours Price 120 \u20ac\/person Price incl. picnic, guiding and transportation, fishing gears Group size Minimum 2 persons Info [&hellip;]<\/p>\n","protected":false},"author":1,"featured_media":1057,"parent":486,"menu_order":0,"comment_status":"closed","ping_status":"closed","template":"","meta":{"footnotes":""},"class_list":["post-530","page","type-page","status-publish","has-post-thumbnail","hentry"],"yoast_head":"<!-- This site is optimized with the Yoast SEO plugin v27.3 - https:\/\/yoast.com\/product\/yoast-seo-wordpress\/ -->\n<title>Fly Fishing Course for Beginners - Palosaari Reindeer and Fishing Farm, Kuusamo, Finland<\/title>\n<meta name=\"description\" content=\"You will learn basics about fly fishing, history and highlight of your day will be fly fishing by the river. Fishing time is about 3 hours\" \/>\n<meta name=\"robots\" content=\"index, follow, max-snippet:-1, max-image-preview:large, max-video-preview:-1\" \/>\n<link rel=\"canonical\" href=\"https:\/\/palosaarenporotila.fi\/en\/fishing\/fly-fishing-for-beginners\/\" \/>\n<meta property=\"og:locale\" content=\"en_US\" \/>\n<meta property=\"og:type\" content=\"article\" \/>\n<meta property=\"og:title\" content=\"Fly Fishing Course for Beginners - Palosaari Reindeer and Fishing Farm, Kuusamo, Finland\" \/>\n<meta property=\"og:description\" content=\"You will learn basics about fly fishing, history and highlight of your day will be fly fishing by the river. Fishing time is about 3 hours\" \/>\n<meta property=\"og:url\" content=\"https:\/\/palosaarenporotila.fi\/en\/fishing\/fly-fishing-for-beginners\/\" \/>\n<meta property=\"og:site_name\" content=\"Palosaari Reindeer and Fishing Farm, Kuusamo, Finland\" \/>\n<meta property=\"article:publisher\" content=\"https:\/\/www.facebook.com\/reindeerranchfinland\/\" \/>\n<meta property=\"article:modified_time\" content=\"2023-05-17T18:19:44+00:00\" \/>\n<meta property=\"og:image\" content=\"https:\/\/palosaarenporotila.fi\/wp-content\/uploads\/2021\/01\/perhokalastusta-aloittelijoille-vapa2.jpg\" \/>\n\t<meta property=\"og:image:width\" content=\"1000\" \/>\n\t<meta property=\"og:image:height\" content=\"640\" \/>\n\t<meta property=\"og:image:type\" content=\"image\/jpeg\" \/>\n<meta name=\"twitter:card\" content=\"summary_large_image\" \/>\n<script type=\"application\/ld+json\" class=\"yoast-schema-graph\">{\"@context\":\"https:\\\/\\\/schema.org\",\"@graph\":[{\"@type\":\"WebPage\",\"@id\":\"https:\\\/\\\/palosaarenporotila.fi\\\/en\\\/fishing\\\/fly-fishing-for-beginners\\\/\",\"url\":\"https:\\\/\\\/palosaarenporotila.fi\\\/en\\\/fishing\\\/fly-fishing-for-beginners\\\/\",\"name\":\"Fly Fishing Course for Beginners - Palosaari Reindeer and Fishing Farm, Kuusamo, Finland\",\"isPartOf\":{\"@id\":\"https:\\\/\\\/palosaarenporotila.fi\\\/en\\\/#website\"},\"primaryImageOfPage\":{\"@id\":\"https:\\\/\\\/palosaarenporotila.fi\\\/en\\\/fishing\\\/fly-fishing-for-beginners\\\/#primaryimage\"},\"image\":{\"@id\":\"https:\\\/\\\/palosaarenporotila.fi\\\/en\\\/fishing\\\/fly-fishing-for-beginners\\\/#primaryimage\"},\"thumbnailUrl\":\"https:\\\/\\\/palosaarenporotila.fi\\\/wp-content\\\/uploads\\\/2021\\\/01\\\/perhokalastusta-aloittelijoille-vapa2.jpg\",\"datePublished\":\"2020-12-23T06:17:36+00:00\",\"dateModified\":\"2023-05-17T18:19:44+00:00\",\"description\":\"You will learn basics about fly fishing, history and highlight of your day will be fly fishing by the river. Fishing time is about 3 hours\",\"breadcrumb\":{\"@id\":\"https:\\\/\\\/palosaarenporotila.fi\\\/en\\\/fishing\\\/fly-fishing-for-beginners\\\/#breadcrumb\"},\"inLanguage\":\"en-US\",\"potentialAction\":[{\"@type\":\"ReadAction\",\"target\":[\"https:\\\/\\\/palosaarenporotila.fi\\\/en\\\/fishing\\\/fly-fishing-for-beginners\\\/\"]}]},{\"@type\":\"ImageObject\",\"inLanguage\":\"en-US\",\"@id\":\"https:\\\/\\\/palosaarenporotila.fi\\\/en\\\/fishing\\\/fly-fishing-for-beginners\\\/#primaryimage\",\"url\":\"https:\\\/\\\/palosaarenporotila.fi\\\/wp-content\\\/uploads\\\/2021\\\/01\\\/perhokalastusta-aloittelijoille-vapa2.jpg\",\"contentUrl\":\"https:\\\/\\\/palosaarenporotila.fi\\\/wp-content\\\/uploads\\\/2021\\\/01\\\/perhokalastusta-aloittelijoille-vapa2.jpg\",\"width\":1000,\"height\":640},{\"@type\":\"BreadcrumbList\",\"@id\":\"https:\\\/\\\/palosaarenporotila.fi\\\/en\\\/fishing\\\/fly-fishing-for-beginners\\\/#breadcrumb\",\"itemListElement\":[{\"@type\":\"ListItem\",\"position\":1,\"name\":\"Etusivu\",\"item\":\"https:\\\/\\\/palosaarenporotila.fi\\\/en\\\/\"},{\"@type\":\"ListItem\",\"position\":2,\"name\":\"Fishing\",\"item\":\"https:\\\/\\\/palosaarenporotila.fi\\\/en\\\/fishing\\\/\"},{\"@type\":\"ListItem\",\"position\":3,\"name\":\"Fly Fishing Course for Beginners\"}]},{\"@type\":\"WebSite\",\"@id\":\"https:\\\/\\\/palosaarenporotila.fi\\\/en\\\/#website\",\"url\":\"https:\\\/\\\/palosaarenporotila.fi\\\/en\\\/\",\"name\":\"Palosaaren poro- ja kalastustila, Kuusamo\",\"description\":\"El\u00e4myksellisi\u00e4 hetki\u00e4 luonnossa\",\"publisher\":{\"@id\":\"https:\\\/\\\/palosaarenporotila.fi\\\/en\\\/#organization\"},\"potentialAction\":[{\"@type\":\"SearchAction\",\"target\":{\"@type\":\"EntryPoint\",\"urlTemplate\":\"https:\\\/\\\/palosaarenporotila.fi\\\/en\\\/?s={search_term_string}\"},\"query-input\":{\"@type\":\"PropertyValueSpecification\",\"valueRequired\":true,\"valueName\":\"search_term_string\"}}],\"inLanguage\":\"en-US\"},{\"@type\":\"Organization\",\"@id\":\"https:\\\/\\\/palosaarenporotila.fi\\\/en\\\/#organization\",\"name\":\"Palosaaren poro- ja kalastustila\",\"url\":\"https:\\\/\\\/palosaarenporotila.fi\\\/en\\\/\",\"logo\":{\"@type\":\"ImageObject\",\"inLanguage\":\"en-US\",\"@id\":\"https:\\\/\\\/palosaarenporotila.fi\\\/en\\\/#\\\/schema\\\/logo\\\/image\\\/\",\"url\":\"https:\\\/\\\/palosaarenporotila.fi\\\/wp-content\\\/uploads\\\/2020\\\/12\\\/logo-m-fi.png\",\"contentUrl\":\"https:\\\/\\\/palosaarenporotila.fi\\\/wp-content\\\/uploads\\\/2020\\\/12\\\/logo-m-fi.png\",\"width\":450,\"height\":109,\"caption\":\"Palosaaren poro- ja kalastustila\"},\"image\":{\"@id\":\"https:\\\/\\\/palosaarenporotila.fi\\\/en\\\/#\\\/schema\\\/logo\\\/image\\\/\"},\"sameAs\":[\"https:\\\/\\\/www.facebook.com\\\/reindeerranchfinland\\\/\",\"https:\\\/\\\/www.instagram.com\\\/reindeerandfishingranch\\\/\"]}]}<\/script>\n<!-- \/ Yoast SEO plugin. -->","yoast_head_json":{"title":"Fly Fishing Course for Beginners - Palosaari Reindeer and Fishing Farm, Kuusamo, Finland","description":"You will learn basics about fly fishing, history and highlight of your day will be fly fishing by the river. Fishing time is about 3 hours","robots":{"index":"index","follow":"follow","max-snippet":"max-snippet:-1","max-image-preview":"max-image-preview:large","max-video-preview":"max-video-preview:-1"},"canonical":"https:\/\/palosaarenporotila.fi\/en\/fishing\/fly-fishing-for-beginners\/","og_locale":"en_US","og_type":"article","og_title":"Fly Fishing Course for Beginners - Palosaari Reindeer and Fishing Farm, Kuusamo, Finland","og_description":"You will learn basics about fly fishing, history and highlight of your day will be fly fishing by the river. Fishing time is about 3 hours","og_url":"https:\/\/palosaarenporotila.fi\/en\/fishing\/fly-fishing-for-beginners\/","og_site_name":"Palosaari Reindeer and Fishing Farm, Kuusamo, Finland","article_publisher":"https:\/\/www.facebook.com\/reindeerranchfinland\/","article_modified_time":"2023-05-17T18:19:44+00:00","og_image":[{"width":1000,"height":640,"url":"https:\/\/palosaarenporotila.fi\/wp-content\/uploads\/2021\/01\/perhokalastusta-aloittelijoille-vapa2.jpg","type":"image\/jpeg"}],"twitter_card":"summary_large_image","schema":{"@context":"https:\/\/schema.org","@graph":[{"@type":"WebPage","@id":"https:\/\/palosaarenporotila.fi\/en\/fishing\/fly-fishing-for-beginners\/","url":"https:\/\/palosaarenporotila.fi\/en\/fishing\/fly-fishing-for-beginners\/","name":"Fly Fishing Course for Beginners - Palosaari Reindeer and Fishing Farm, Kuusamo, Finland","isPartOf":{"@id":"https:\/\/palosaarenporotila.fi\/en\/#website"},"primaryImageOfPage":{"@id":"https:\/\/palosaarenporotila.fi\/en\/fishing\/fly-fishing-for-beginners\/#primaryimage"},"image":{"@id":"https:\/\/palosaarenporotila.fi\/en\/fishing\/fly-fishing-for-beginners\/#primaryimage"},"thumbnailUrl":"https:\/\/palosaarenporotila.fi\/wp-content\/uploads\/2021\/01\/perhokalastusta-aloittelijoille-vapa2.jpg","datePublished":"2020-12-23T06:17:36+00:00","dateModified":"2023-05-17T18:19:44+00:00","description":"You will learn basics about fly fishing, history and highlight of your day will be fly fishing by the river. Fishing time is about 3 hours","breadcrumb":{"@id":"https:\/\/palosaarenporotila.fi\/en\/fishing\/fly-fishing-for-beginners\/#breadcrumb"},"inLanguage":"en-US","potentialAction":[{"@type":"ReadAction","target":["https:\/\/palosaarenporotila.fi\/en\/fishing\/fly-fishing-for-beginners\/"]}]},{"@type":"ImageObject","inLanguage":"en-US","@id":"https:\/\/palosaarenporotila.fi\/en\/fishing\/fly-fishing-for-beginners\/#primaryimage","url":"https:\/\/palosaarenporotila.fi\/wp-content\/uploads\/2021\/01\/perhokalastusta-aloittelijoille-vapa2.jpg","contentUrl":"https:\/\/palosaarenporotila.fi\/wp-content\/uploads\/2021\/01\/perhokalastusta-aloittelijoille-vapa2.jpg","width":1000,"height":640},{"@type":"BreadcrumbList","@id":"https:\/\/palosaarenporotila.fi\/en\/fishing\/fly-fishing-for-beginners\/#breadcrumb","itemListElement":[{"@type":"ListItem","position":1,"name":"Etusivu","item":"https:\/\/palosaarenporotila.fi\/en\/"},{"@type":"ListItem","position":2,"name":"Fishing","item":"https:\/\/palosaarenporotila.fi\/en\/fishing\/"},{"@type":"ListItem","position":3,"name":"Fly Fishing Course for Beginners"}]},{"@type":"WebSite","@id":"https:\/\/palosaarenporotila.fi\/en\/#website","url":"https:\/\/palosaarenporotila.fi\/en\/","name":"Palosaaren poro- ja kalastustila, Kuusamo","description":"El\u00e4myksellisi\u00e4 hetki\u00e4 luonnossa","publisher":{"@id":"https:\/\/palosaarenporotila.fi\/en\/#organization"},"potentialAction":[{"@type":"SearchAction","target":{"@type":"EntryPoint","urlTemplate":"https:\/\/palosaarenporotila.fi\/en\/?s={search_term_string}"},"query-input":{"@type":"PropertyValueSpecification","valueRequired":true,"valueName":"search_term_string"}}],"inLanguage":"en-US"},{"@type":"Organization","@id":"https:\/\/palosaarenporotila.fi\/en\/#organization","name":"Palosaaren poro- ja kalastustila","url":"https:\/\/palosaarenporotila.fi\/en\/","logo":{"@type":"ImageObject","inLanguage":"en-US","@id":"https:\/\/palosaarenporotila.fi\/en\/#\/schema\/logo\/image\/","url":"https:\/\/palosaarenporotila.fi\/wp-content\/uploads\/2020\/12\/logo-m-fi.png","contentUrl":"https:\/\/palosaarenporotila.fi\/wp-content\/uploads\/2020\/12\/logo-m-fi.png","width":450,"height":109,"caption":"Palosaaren poro- ja kalastustila"},"image":{"@id":"https:\/\/palosaarenporotila.fi\/en\/#\/schema\/logo\/image\/"},"sameAs":["https:\/\/www.facebook.com\/reindeerranchfinland\/","https:\/\/www.instagram.com\/reindeerandfishingranch\/"]}]}},"_links":{"self":[{"href":"https:\/\/palosaarenporotila.fi\/en\/wp-json\/wp\/v2\/pages\/530","targetHints":{"allow":["GET"]}}],"collection":[{"href":"https:\/\/palosaarenporotila.fi\/en\/wp-json\/wp\/v2\/pages"}],"about":[{"href":"https:\/\/palosaarenporotila.fi\/en\/wp-json\/wp\/v2\/types\/page"}],"author":[{"embeddable":true,"href":"https:\/\/palosaarenporotila.fi\/en\/wp-json\/wp\/v2\/users\/1"}],"replies":[{"embeddable":true,"href":"https:\/\/palosaarenporotila.fi\/en\/wp-json\/wp\/v2\/comments?post=530"}],"version-history":[{"count":0,"href":"https:\/\/palosaarenporotila.fi\/en\/wp-json\/wp\/v2\/pages\/530\/revisions"}],"up":[{"embeddable":true,"href":"https:\/\/palosaarenporotila.fi\/en\/wp-json\/wp\/v2\/pages\/486"}],"wp:featuredmedia":[{"embeddable":true,"href":"https:\/\/palosaarenporotila.fi\/en\/wp-json\/wp\/v2\/media\/1057"}],"wp:attachment":[{"href":"https:\/\/palosaarenporotila.fi\/en\/wp-json\/wp\/v2\/media?parent=530"}],"curies":[{"name":"wp","href":"https:\/\/api.w.org\/{rel}","templated":true}]}}