{"id":616,"date":"2020-12-22T14:41:07","date_gmt":"2020-12-22T12:41:07","guid":{"rendered":"http:\/\/palosaarenporotila.fi\/uusi\/fishing\/opaspalvelut\/"},"modified":"2021-02-15T15:25:55","modified_gmt":"2021-02-15T13:25:55","slug":"guiding-services","status":"publish","type":"page","link":"https:\/\/palosaarenporotila.fi\/en\/ml-guiding\/guiding-services\/","title":{"rendered":"Guiding Services"},"content":{"rendered":"<ul>\n<li>\n<p>        <img decoding=\"async\" src=\"\/wp-content\/uploads\/2021\/01\/perhokalastusta-aloittelijoille2.jpg\" alt=\"\"><\/p>\n<h3>opaspalvelu<\/h3>\n<\/li>\n<li>\n<p>        <img decoding=\"async\" src=\"\/wp-content\/uploads\/2021\/01\/IMG-20180312-WA0244.jpg\" alt=\"\"><\/p>\n<h3>keskiyon_kalaretki<\/h3>\n<\/li>\n<li>\n<p>        <img decoding=\"async\" src=\"\/wp-content\/uploads\/2021\/01\/DSCN3058.jpg\" alt=\"\"><\/p>\n<h3>perhokalastuskurssi-naisille1<\/h3>\n<\/li>\n<li>\n<p>        <img decoding=\"async\" src=\"\/wp-content\/uploads\/2021\/01\/Nuotiolla-kalaa-scaled.jpg\" alt=\"\"><\/p>\n<h3>purjeevia-taimenta3<\/h3>\n<\/li>\n<\/ul>\n<h1>Guiding Services<\/h1>\n<div>\n<p>Are you coming to the Ruka-Kuusamo area and you need knowledge of the area. Whether you are on a snowmobile or going trekking, you will receive guidance from us.<br \/>Contact us for more information!<\/p>\n<\/div>\n<div>\n<h3>Price<\/h3>\n<div>\n<p>40\u20ac\/hour fishing guidance<\/p>\n<p>50\u20ac\/hour+fuel, guide drives his own snowmobile<\/p>\n<p>1 day trips or longer, please ask for an offer!<\/p>\n<\/div>\n<\/div>\n<h4>Bookings and inquiries<\/h4>\n<div>\n<div class=\"wpforms-container wpforms-container-full\" id=\"wpforms-494\"><form id=\"wpforms-form-494\" class=\"wpforms-validate wpforms-form\" data-formid=\"494\" method=\"post\" enctype=\"multipart\/form-data\" action=\"\/en\/wp-json\/wp\/v2\/pages\/616\" data-token=\"c105e06019bb752cf86ea9a9a6201845\" data-token-time=\"1776913848\"><noscript class=\"wpforms-error-noscript\">Please enable JavaScript in your browser to complete this form.<\/noscript><div class=\"wpforms-field-container\"><div id=\"wpforms-494-field_7-container\" class=\"wpforms-field wpforms-field-html\" data-field-id=\"7\"><div id=\"wpforms-494-field_7\">You must accept cookies in order to use the form. You can change the settings at the bottom of the page under \"Cookie settings\"<\/div><\/div><div id=\"wpforms-494-field_1-container\" class=\"wpforms-field wpforms-field-text\" data-field-id=\"1\"><label class=\"wpforms-field-label\" for=\"wpforms-494-field_1\">Name <span class=\"wpforms-required-label\">*<\/span><\/label><input type=\"text\" id=\"wpforms-494-field_1\" class=\"wpforms-field-large wpforms-field-required\" name=\"wpforms[fields][1]\" required><\/div><div id=\"wpforms-494-field_2-container\" class=\"wpforms-field wpforms-field-text\" data-field-id=\"2\"><label class=\"wpforms-field-label\" for=\"wpforms-494-field_2\">Phone <span class=\"wpforms-required-label\">*<\/span><\/label><input type=\"text\" id=\"wpforms-494-field_2\" class=\"wpforms-field-large wpforms-field-required\" name=\"wpforms[fields][2]\" required><\/div><div id=\"wpforms-494-field_3-container\" class=\"wpforms-field wpforms-field-email\" data-field-id=\"3\"><label class=\"wpforms-field-label\" for=\"wpforms-494-field_3\">Email <span class=\"wpforms-required-label\">*<\/span><\/label><input type=\"email\" id=\"wpforms-494-field_3\" class=\"wpforms-field-large wpforms-field-required\" name=\"wpforms[fields][3]\" spellcheck=\"false\" required><\/div><div id=\"wpforms-494-field_4-container\" class=\"wpforms-field wpforms-field-text wpforms-one-half wpforms-first\" data-field-id=\"4\"><label class=\"wpforms-field-label\" for=\"wpforms-494-field_4\">Date<\/label><input type=\"text\" id=\"wpforms-494-field_4\" class=\"wpforms-field-large\" name=\"wpforms[fields][4]\" ><\/div><div id=\"wpforms-494-field_5-container\" class=\"wpforms-field wpforms-field-text wpforms-one-half\" data-field-id=\"5\"><label class=\"wpforms-field-label\" for=\"wpforms-494-field_5\">Number of participants<\/label><input type=\"text\" id=\"wpforms-494-field_5\" class=\"wpforms-field-large\" name=\"wpforms[fields][5]\" ><\/div><div id=\"wpforms-494-field_6-container\" class=\"wpforms-field wpforms-field-textarea\" data-field-id=\"6\"><label class=\"wpforms-field-label\" for=\"wpforms-494-field_6\">Message<\/label><textarea id=\"wpforms-494-field_6\" class=\"wpforms-field-medium\" name=\"wpforms[fields][6]\" ><\/textarea><\/div><\/div><!-- .wpforms-field-container --><div class=\"wpforms-recaptcha-container wpforms-is-recaptcha wpforms-is-recaptcha-type-v3\" ><input type=\"hidden\" name=\"wpforms[recaptcha]\" value=\"\"><\/div><div class=\"wpforms-submit-container\" ><input type=\"hidden\" name=\"wpforms[id]\" value=\"494\"><input type=\"hidden\" name=\"page_title\" value=\"\"><input type=\"hidden\" name=\"page_url\" value=\"https:\/\/palosaarenporotila.fi\/en\/wp-json\/wp\/v2\/pages\/616\"><input type=\"hidden\" name=\"url_referer\" value=\"\"><button type=\"submit\" name=\"wpforms[submit]\" id=\"wpforms-submit-494\" class=\"wpforms-submit\" data-alt-text=\"Sending...\" data-submit-text=\"Send\" aria-live=\"assertive\" value=\"wpforms-submit\">Send<\/button><\/div><\/form><\/div>  <!-- .wpforms-container -->\n<\/div>\n<p><!-- {\"name\":\"pilkkiretki\",\"type\":\"layout\",\"children\":[{\"type\":\"section\",\"props\":{\"style\":\"default\",\"width\":\"default\",\"vertical_align\":\"middle\",\"title_position\":\"top-left\",\"title_rotation\":\"left\",\"title_breakpoint\":\"xl\",\"image_position\":\"center-center\"},\"children\":[{\"type\":\"row\",\"props\":{\"layout\":\"1-2,1-2\",\"column_gap\":\"collapse\",\"row_gap\":\"collapse\"},\"children\":[{\"type\":\"column\",\"props\":{\"image_position\":\"center-center\",\"media_overlay_gradient\":\"\",\"width_medium\":\"1-2\",\"image\":\"wp-content\\\/uploads\\\/2021\\\/01\\\/perhokalastusta-aloittelijoille.jpg\",\"image_size\":\"cover\",\"width_small\":\"1-2\",\"padding\":\"large\"},\"children\":[]},{\"type\":\"column\",\"props\":{\"image_position\":\"center-center\",\"media_overlay_gradient\":\"\",\"width_medium\":\"1-2\",\"width_small\":\"1-2\"},\"children\":[{\"type\":\"gallery\",\"props\":{\"show_title\":false,\"show_meta\":true,\"show_content\":true,\"show_link\":true,\"show_hover_image\":true,\"grid_default\":\"2\",\"grid_medium\":\"\",\"filter_style\":\"tab\",\"filter_all\":true,\"filter_position\":\"top\",\"filter_align\":\"left\",\"filter_grid_width\":\"auto\",\"filter_grid_breakpoint\":\"m\",\"overlay_mode\":\"caption\",\"overlay_hover\":true,\"overlay_style\":\"\",\"text_color\":\"light\",\"overlay_position\":\"center\",\"overlay_transition\":\"fade\",\"title_hover_style\":\"reset\",\"title_element\":\"h3\",\"meta_style\":\"meta\",\"meta_align\":\"below-title\",\"meta_element\":\"div\",\"link_text\":\"\",\"link_style\":\"\",\"text_align\":\"center\",\"margin\":\"default\",\"item_animation\":\"\",\"grid_column_gap\":\"collapse\",\"grid_row_gap\":\"collapse\",\"grid_small\":\"2\",\"image_width\":\"800\",\"image_height\":\"650\",\"lightbox\":true,\"overlay_link\":true,\"content_display\":\"lightbox\"},\"children\":[{\"type\":\"gallery_item\",\"props\":{\"title\":\"opaspalvelu\",\"image\":\"wp-content\\\/uploads\\\/2021\\\/01\\\/perhokalastusta-aloittelijoille2.jpg\"}},{\"type\":\"gallery_item\",\"props\":{\"title\":\"keskiyon_kalaretki\",\"image\":\"wp-content\\\/uploads\\\/2021\\\/01\\\/IMG-20180312-WA0244.jpg\"}},{\"type\":\"gallery_item\",\"props\":{\"title\":\"perhokalastuskurssi-naisille1\",\"image\":\"wp-content\\\/uploads\\\/2021\\\/01\\\/DSCN3058.jpg\"}},{\"type\":\"gallery_item\",\"props\":{\"title\":\"purjeevia-taimenta3\",\"image\":\"wp-content\\\/uploads\\\/2021\\\/01\\\/Nuotiolla-kalaa-scaled.jpg\"}}]}]}]},{\"type\":\"row\",\"props\":{\"layout\":\"2-3,1-3\"},\"children\":[{\"type\":\"column\",\"props\":{\"image_position\":\"center-center\",\"media_overlay_gradient\":\"\",\"width_medium\":\"2-3\"},\"children\":[{\"type\":\"headline\",\"props\":{\"title_element\":\"h1\",\"content\":\"Guiding Services\",\"title_style\":\"h1\"}},{\"type\":\"text\",\"props\":{\"margin\":\"default\",\"column_breakpoint\":\"m\",\"content\":\"\n\n<p>Are you coming to the Ruka-Kuusamo area and you need knowledge of the area. Whether you are on a snowmobile or going trekking, you will receive guidance from us.<br \\\/>Contact us for more information!<\\\/p>\"}},{\"type\":\"description_list\",\"props\":{\"show_title\":true,\"show_meta\":true,\"show_content\":true,\"show_link\":true,\"list_element\":\"ul\",\"column_breakpoint\":\"m\",\"layout\":\"grid-2\",\"title_grid_width\":\"small\",\"title_grid_column_gap\":\"small\",\"title_grid_row_gap\":\"small\",\"title_element\":\"div\",\"meta_style\":\"\",\"meta_align\":\"below-content\",\"title_colon\":true,\"list_style\":\"striped\",\"title_grid_breakpoint\":\"s\"},\"children\":[{\"type\":\"description_list_item\",\"props\":{\"title\":\"Price\",\"meta\":\"\",\"content\":\"\n\n<p>40\\u20ac\\\/hour fishing guidance<\\\/p>\\n\n\n<p>50\\u20ac\\\/hour+fuel, guide drives his own snowmobile<\\\/p>\\n\n\n<p>1 day trips or longer, please ask for an offer!<\\\/p>\"}}]}]},{\"type\":\"column\",\"props\":{\"image_position\":\"center-center\",\"media_overlay_gradient\":\"\",\"width_medium\":\"1-3\"},\"children\":[{\"type\":\"headline\",\"props\":{\"title_element\":\"h4\",\"content\":\"Bookings and inquiries\",\"title_style\":\"h4\",\"title_decoration\":\"divider\"}},{\"type\":\"text\",\"props\":{\"margin\":\"default\",\"column_breakpoint\":\"m\",\"content\":\"\n\n<p>[wpforms id=\\\"494\\\"]<\\\/p>\"}}]}]}]}],\"version\":\"2.3.30\"} --><\/p>\n","protected":false},"excerpt":{"rendered":"<p>opaspalvelu keskiyon_kalaretki perhokalastuskurssi-naisille1 purjeevia-taimenta3 Guiding Services Are you coming to the Ruka-Kuusamo area and you need knowledge of the area. Whether you are on a snowmobile or going trekking, you will receive guidance from us.Contact us for more information! Price 40\u20ac\/hour fishing guidance 50\u20ac\/hour+fuel, guide drives his own snowmobile 1 day trips or longer, please [&hellip;]<\/p>\n","protected":false},"author":1,"featured_media":1063,"parent":808,"menu_order":1,"comment_status":"closed","ping_status":"closed","template":"","meta":{"footnotes":""},"class_list":["post-616","page","type-page","status-publish","has-post-thumbnail","hentry"],"yoast_head":"<!-- This site is optimized with the Yoast SEO plugin v27.3 - https:\/\/yoast.com\/product\/yoast-seo-wordpress\/ -->\n<title>Guiding Services - Palosaari Reindeer and Fishing Farm, Kuusamo, Finland<\/title>\n<meta name=\"description\" content=\"Whether you are on a snowmobile or going trekking or fishing, you will receive guidance from us. We operate at Ruka-Kuusamo area in Finland\" \/>\n<meta name=\"robots\" content=\"index, follow, max-snippet:-1, max-image-preview:large, max-video-preview:-1\" \/>\n<link rel=\"canonical\" href=\"https:\/\/palosaarenporotila.fi\/en\/ml-guiding\/guiding-services\/\" \/>\n<meta property=\"og:locale\" content=\"en_US\" \/>\n<meta property=\"og:type\" content=\"article\" \/>\n<meta property=\"og:title\" content=\"Guiding Services - Palosaari Reindeer and Fishing Farm, Kuusamo, Finland\" \/>\n<meta property=\"og:description\" content=\"Whether you are on a snowmobile or going trekking or fishing, you will receive guidance from us. We operate at Ruka-Kuusamo area in Finland\" \/>\n<meta property=\"og:url\" content=\"https:\/\/palosaarenporotila.fi\/en\/ml-guiding\/guiding-services\/\" \/>\n<meta property=\"og:site_name\" content=\"Palosaari Reindeer and Fishing Farm, Kuusamo, Finland\" \/>\n<meta property=\"article:publisher\" content=\"https:\/\/www.facebook.com\/reindeerranchfinland\/\" \/>\n<meta property=\"article:modified_time\" content=\"2021-02-15T13:25:55+00:00\" \/>\n<meta property=\"og:image\" content=\"https:\/\/palosaarenporotila.fi\/wp-content\/uploads\/2021\/01\/perhokalastusta-aloittelijoille.jpg\" \/>\n\t<meta property=\"og:image:width\" content=\"1000\" \/>\n\t<meta property=\"og:image:height\" content=\"640\" \/>\n\t<meta property=\"og:image:type\" content=\"image\/jpeg\" \/>\n<meta name=\"twitter:card\" content=\"summary_large_image\" \/>\n<script type=\"application\/ld+json\" class=\"yoast-schema-graph\">{\"@context\":\"https:\\\/\\\/schema.org\",\"@graph\":[{\"@type\":\"WebPage\",\"@id\":\"https:\\\/\\\/palosaarenporotila.fi\\\/en\\\/ml-guiding\\\/guiding-services\\\/\",\"url\":\"https:\\\/\\\/palosaarenporotila.fi\\\/en\\\/ml-guiding\\\/guiding-services\\\/\",\"name\":\"Guiding Services - Palosaari Reindeer and Fishing Farm, Kuusamo, Finland\",\"isPartOf\":{\"@id\":\"https:\\\/\\\/palosaarenporotila.fi\\\/en\\\/#website\"},\"primaryImageOfPage\":{\"@id\":\"https:\\\/\\\/palosaarenporotila.fi\\\/en\\\/ml-guiding\\\/guiding-services\\\/#primaryimage\"},\"image\":{\"@id\":\"https:\\\/\\\/palosaarenporotila.fi\\\/en\\\/ml-guiding\\\/guiding-services\\\/#primaryimage\"},\"thumbnailUrl\":\"https:\\\/\\\/palosaarenporotila.fi\\\/wp-content\\\/uploads\\\/2021\\\/01\\\/perhokalastusta-aloittelijoille.jpg\",\"datePublished\":\"2020-12-22T12:41:07+00:00\",\"dateModified\":\"2021-02-15T13:25:55+00:00\",\"description\":\"Whether you are on a snowmobile or going trekking or fishing, you will receive guidance from us. We operate at Ruka-Kuusamo area in Finland\",\"breadcrumb\":{\"@id\":\"https:\\\/\\\/palosaarenporotila.fi\\\/en\\\/ml-guiding\\\/guiding-services\\\/#breadcrumb\"},\"inLanguage\":\"en-US\",\"potentialAction\":[{\"@type\":\"ReadAction\",\"target\":[\"https:\\\/\\\/palosaarenporotila.fi\\\/en\\\/ml-guiding\\\/guiding-services\\\/\"]}]},{\"@type\":\"ImageObject\",\"inLanguage\":\"en-US\",\"@id\":\"https:\\\/\\\/palosaarenporotila.fi\\\/en\\\/ml-guiding\\\/guiding-services\\\/#primaryimage\",\"url\":\"https:\\\/\\\/palosaarenporotila.fi\\\/wp-content\\\/uploads\\\/2021\\\/01\\\/perhokalastusta-aloittelijoille.jpg\",\"contentUrl\":\"https:\\\/\\\/palosaarenporotila.fi\\\/wp-content\\\/uploads\\\/2021\\\/01\\\/perhokalastusta-aloittelijoille.jpg\",\"width\":1000,\"height\":640},{\"@type\":\"BreadcrumbList\",\"@id\":\"https:\\\/\\\/palosaarenporotila.fi\\\/en\\\/ml-guiding\\\/guiding-services\\\/#breadcrumb\",\"itemListElement\":[{\"@type\":\"ListItem\",\"position\":1,\"name\":\"Etusivu\",\"item\":\"https:\\\/\\\/palosaarenporotila.fi\\\/en\\\/\"},{\"@type\":\"ListItem\",\"position\":2,\"name\":\"ML Guiding\",\"item\":\"https:\\\/\\\/palosaarenporotila.fi\\\/en\\\/ml-guiding\\\/\"},{\"@type\":\"ListItem\",\"position\":3,\"name\":\"Guiding Services\"}]},{\"@type\":\"WebSite\",\"@id\":\"https:\\\/\\\/palosaarenporotila.fi\\\/en\\\/#website\",\"url\":\"https:\\\/\\\/palosaarenporotila.fi\\\/en\\\/\",\"name\":\"Palosaaren poro- ja kalastustila, Kuusamo\",\"description\":\"El\u00e4myksellisi\u00e4 hetki\u00e4 luonnossa\",\"publisher\":{\"@id\":\"https:\\\/\\\/palosaarenporotila.fi\\\/en\\\/#organization\"},\"potentialAction\":[{\"@type\":\"SearchAction\",\"target\":{\"@type\":\"EntryPoint\",\"urlTemplate\":\"https:\\\/\\\/palosaarenporotila.fi\\\/en\\\/?s={search_term_string}\"},\"query-input\":{\"@type\":\"PropertyValueSpecification\",\"valueRequired\":true,\"valueName\":\"search_term_string\"}}],\"inLanguage\":\"en-US\"},{\"@type\":\"Organization\",\"@id\":\"https:\\\/\\\/palosaarenporotila.fi\\\/en\\\/#organization\",\"name\":\"Palosaaren poro- ja kalastustila\",\"url\":\"https:\\\/\\\/palosaarenporotila.fi\\\/en\\\/\",\"logo\":{\"@type\":\"ImageObject\",\"inLanguage\":\"en-US\",\"@id\":\"https:\\\/\\\/palosaarenporotila.fi\\\/en\\\/#\\\/schema\\\/logo\\\/image\\\/\",\"url\":\"https:\\\/\\\/palosaarenporotila.fi\\\/wp-content\\\/uploads\\\/2020\\\/12\\\/logo-m-fi.png\",\"contentUrl\":\"https:\\\/\\\/palosaarenporotila.fi\\\/wp-content\\\/uploads\\\/2020\\\/12\\\/logo-m-fi.png\",\"width\":450,\"height\":109,\"caption\":\"Palosaaren poro- ja kalastustila\"},\"image\":{\"@id\":\"https:\\\/\\\/palosaarenporotila.fi\\\/en\\\/#\\\/schema\\\/logo\\\/image\\\/\"},\"sameAs\":[\"https:\\\/\\\/www.facebook.com\\\/reindeerranchfinland\\\/\",\"https:\\\/\\\/www.instagram.com\\\/reindeerandfishingranch\\\/\"]}]}<\/script>\n<!-- \/ Yoast SEO plugin. -->","yoast_head_json":{"title":"Guiding Services - Palosaari Reindeer and Fishing Farm, Kuusamo, Finland","description":"Whether you are on a snowmobile or going trekking or fishing, you will receive guidance from us. We operate at Ruka-Kuusamo area in Finland","robots":{"index":"index","follow":"follow","max-snippet":"max-snippet:-1","max-image-preview":"max-image-preview:large","max-video-preview":"max-video-preview:-1"},"canonical":"https:\/\/palosaarenporotila.fi\/en\/ml-guiding\/guiding-services\/","og_locale":"en_US","og_type":"article","og_title":"Guiding Services - Palosaari Reindeer and Fishing Farm, Kuusamo, Finland","og_description":"Whether you are on a snowmobile or going trekking or fishing, you will receive guidance from us. We operate at Ruka-Kuusamo area in Finland","og_url":"https:\/\/palosaarenporotila.fi\/en\/ml-guiding\/guiding-services\/","og_site_name":"Palosaari Reindeer and Fishing Farm, Kuusamo, Finland","article_publisher":"https:\/\/www.facebook.com\/reindeerranchfinland\/","article_modified_time":"2021-02-15T13:25:55+00:00","og_image":[{"width":1000,"height":640,"url":"https:\/\/palosaarenporotila.fi\/wp-content\/uploads\/2021\/01\/perhokalastusta-aloittelijoille.jpg","type":"image\/jpeg"}],"twitter_card":"summary_large_image","schema":{"@context":"https:\/\/schema.org","@graph":[{"@type":"WebPage","@id":"https:\/\/palosaarenporotila.fi\/en\/ml-guiding\/guiding-services\/","url":"https:\/\/palosaarenporotila.fi\/en\/ml-guiding\/guiding-services\/","name":"Guiding Services - Palosaari Reindeer and Fishing Farm, Kuusamo, Finland","isPartOf":{"@id":"https:\/\/palosaarenporotila.fi\/en\/#website"},"primaryImageOfPage":{"@id":"https:\/\/palosaarenporotila.fi\/en\/ml-guiding\/guiding-services\/#primaryimage"},"image":{"@id":"https:\/\/palosaarenporotila.fi\/en\/ml-guiding\/guiding-services\/#primaryimage"},"thumbnailUrl":"https:\/\/palosaarenporotila.fi\/wp-content\/uploads\/2021\/01\/perhokalastusta-aloittelijoille.jpg","datePublished":"2020-12-22T12:41:07+00:00","dateModified":"2021-02-15T13:25:55+00:00","description":"Whether you are on a snowmobile or going trekking or fishing, you will receive guidance from us. We operate at Ruka-Kuusamo area in Finland","breadcrumb":{"@id":"https:\/\/palosaarenporotila.fi\/en\/ml-guiding\/guiding-services\/#breadcrumb"},"inLanguage":"en-US","potentialAction":[{"@type":"ReadAction","target":["https:\/\/palosaarenporotila.fi\/en\/ml-guiding\/guiding-services\/"]}]},{"@type":"ImageObject","inLanguage":"en-US","@id":"https:\/\/palosaarenporotila.fi\/en\/ml-guiding\/guiding-services\/#primaryimage","url":"https:\/\/palosaarenporotila.fi\/wp-content\/uploads\/2021\/01\/perhokalastusta-aloittelijoille.jpg","contentUrl":"https:\/\/palosaarenporotila.fi\/wp-content\/uploads\/2021\/01\/perhokalastusta-aloittelijoille.jpg","width":1000,"height":640},{"@type":"BreadcrumbList","@id":"https:\/\/palosaarenporotila.fi\/en\/ml-guiding\/guiding-services\/#breadcrumb","itemListElement":[{"@type":"ListItem","position":1,"name":"Etusivu","item":"https:\/\/palosaarenporotila.fi\/en\/"},{"@type":"ListItem","position":2,"name":"ML Guiding","item":"https:\/\/palosaarenporotila.fi\/en\/ml-guiding\/"},{"@type":"ListItem","position":3,"name":"Guiding Services"}]},{"@type":"WebSite","@id":"https:\/\/palosaarenporotila.fi\/en\/#website","url":"https:\/\/palosaarenporotila.fi\/en\/","name":"Palosaaren poro- ja kalastustila, Kuusamo","description":"El\u00e4myksellisi\u00e4 hetki\u00e4 luonnossa","publisher":{"@id":"https:\/\/palosaarenporotila.fi\/en\/#organization"},"potentialAction":[{"@type":"SearchAction","target":{"@type":"EntryPoint","urlTemplate":"https:\/\/palosaarenporotila.fi\/en\/?s={search_term_string}"},"query-input":{"@type":"PropertyValueSpecification","valueRequired":true,"valueName":"search_term_string"}}],"inLanguage":"en-US"},{"@type":"Organization","@id":"https:\/\/palosaarenporotila.fi\/en\/#organization","name":"Palosaaren poro- ja kalastustila","url":"https:\/\/palosaarenporotila.fi\/en\/","logo":{"@type":"ImageObject","inLanguage":"en-US","@id":"https:\/\/palosaarenporotila.fi\/en\/#\/schema\/logo\/image\/","url":"https:\/\/palosaarenporotila.fi\/wp-content\/uploads\/2020\/12\/logo-m-fi.png","contentUrl":"https:\/\/palosaarenporotila.fi\/wp-content\/uploads\/2020\/12\/logo-m-fi.png","width":450,"height":109,"caption":"Palosaaren poro- ja kalastustila"},"image":{"@id":"https:\/\/palosaarenporotila.fi\/en\/#\/schema\/logo\/image\/"},"sameAs":["https:\/\/www.facebook.com\/reindeerranchfinland\/","https:\/\/www.instagram.com\/reindeerandfishingranch\/"]}]}},"_links":{"self":[{"href":"https:\/\/palosaarenporotila.fi\/en\/wp-json\/wp\/v2\/pages\/616","targetHints":{"allow":["GET"]}}],"collection":[{"href":"https:\/\/palosaarenporotila.fi\/en\/wp-json\/wp\/v2\/pages"}],"about":[{"href":"https:\/\/palosaarenporotila.fi\/en\/wp-json\/wp\/v2\/types\/page"}],"author":[{"embeddable":true,"href":"https:\/\/palosaarenporotila.fi\/en\/wp-json\/wp\/v2\/users\/1"}],"replies":[{"embeddable":true,"href":"https:\/\/palosaarenporotila.fi\/en\/wp-json\/wp\/v2\/comments?post=616"}],"version-history":[{"count":0,"href":"https:\/\/palosaarenporotila.fi\/en\/wp-json\/wp\/v2\/pages\/616\/revisions"}],"up":[{"embeddable":true,"href":"https:\/\/palosaarenporotila.fi\/en\/wp-json\/wp\/v2\/pages\/808"}],"wp:featuredmedia":[{"embeddable":true,"href":"https:\/\/palosaarenporotila.fi\/en\/wp-json\/wp\/v2\/media\/1063"}],"wp:attachment":[{"href":"https:\/\/palosaarenporotila.fi\/en\/wp-json\/wp\/v2\/media?parent=616"}],"curies":[{"name":"wp","href":"https:\/\/api.w.org\/{rel}","templated":true}]}}