{"id":646,"date":"2020-12-22T12:39:03","date_gmt":"2020-12-22T10:39:03","guid":{"rendered":"http:\/\/palosaarenporotila.fi\/uusi\/luonto-hyvinvointi\/"},"modified":"2024-11-19T12:29:46","modified_gmt":"2024-11-19T10:29:46","slug":"nature-and-wellbeing","status":"publish","type":"page","link":"https:\/\/palosaarenporotila.fi\/en\/nature-and-wellbeing\/","title":{"rendered":"Nature &#038; wellbeing"},"content":{"rendered":"<h1>Nature &amp; wellbeing<\/h1>\n<h3>Programs<\/h3>\n<ul>\n<li>\n<p><img decoding=\"async\" src=\"\/wp-content\/uploads\/2021\/10\/Rumpu.jpg\" alt=\"\"><\/p>\n<h3>Drum relaxation &#8211; A moment of peace and Harmony<\/h3>\n<p>(1 h)<\/p>\n<div>\n<p>Drum Relaxation offers a chance to step away from the rush of everyday life and immerse yourself in the soothing rhythms of the drum.<\/p>\n<p>Designed for adults and groups, this program is also ideal for travelers looking to enhance their holiday with a memorable experience.\u00a0<\/p>\n<\/div>\n<p><a href=\"\/en\/nature-and-wellbeing\/drum-meditation-on-shamaans-journey\/\">Book<\/a><\/p>\n<\/li>\n<li>\n<p><img decoding=\"async\" src=\"\/wp-content\/uploads\/2021\/06\/kuusamonnoita2.jpg\" alt=\"\"><\/p>\n<h3>Kuusamo Shaman&#8217;s Visit <\/h3>\n<div>\n<p>Kuusamo Shaman\u00b4s visit is suitable for a welcome or departure ceremony for tourists or as a program number for events and celebrations.<\/p>\n<\/div>\n<p><a href=\"\/en\/nature-and-wellbeing\/kuusamon-noita\/\">Book<\/a><\/p>\n<\/li>\n<li>\n<p><img decoding=\"async\" src=\"\/wp-content\/uploads\/2021\/10\/Metsa1.jpg\" alt=\"\"><\/p>\n<h3>Forest Energy walk<\/h3>\n<p>(1h)<\/p>\n<div>Learn how to enjoy the beautiful and shooting nature with all your senses\n<\/div>\n<p><a href=\"\/en\/nature-and-wellbeing\/forest-energy-mornign-walk\/\">Book<\/a><\/p>\n<\/li>\n<li>\n<p><img decoding=\"async\" src=\"http:\/\/palosaarenporotila.fi\/wp-content\/uploads\/2021\/01\/sienet.jpg\" alt=\"\"><\/p>\n<h3>Forest Treasures &#8211; \u2028Harvesting wild herbs, berries or mushrooms<\/h3>\n<p>(2h)<\/p>\n<div>\n<p>A trip to Kuusamo forest will introduce you to the treasures of nature.\u00a0<\/p>\n<\/div>\n<p><a href=\"\/en\/nature-and-wellbeing\/forest-treasures\/\">Book<\/a><\/p>\n<\/li>\n<\/ul>\n<p><!--more--><br \/>\n<!-- {\"name\":\"porotila\",\"type\":\"layout\",\"children\":[{\"type\":\"section\",\"props\":{\"header_transparent\":true,\"image\":\"http:\\\/\\\/palosaarenporotila.fi\\\/wp-content\\\/uploads\\\/2021\\\/01\\\/palosaarenporotila-poro.jpg\",\"image_position\":\"bottom-center\",\"image_size\":\"cover\",\"media_overlay\":\"rgba(0, 0, 0, 0.3)\",\"style\":\"default\",\"text_color\":\"light\",\"title_breakpoint\":\"xl\",\"title_position\":\"top-left\",\"title_rotation\":\"left\",\"vertical_align\":\"\",\"width\":\"default\"},\"children\":[{\"type\":\"row\",\"children\":[{\"type\":\"column\",\"props\":{\"image_position\":\"center-center\",\"position_sticky_breakpoint\":\"m\"},\"children\":[{\"type\":\"headline\",\"props\":{\"block_align\":\"right\",\"block_align_breakpoint\":\"m\",\"block_align_fallback\":\"center\",\"content\":\"Nature &amp; wellbeing\",\"title_element\":\"h1\",\"title_style\":\"h1\"}}]}]}]},{\"type\":\"section\",\"props\":{\"image_position\":\"center-center\",\"style\":\"default\",\"title_breakpoint\":\"xl\",\"title_position\":\"top-left\",\"title_rotation\":\"left\",\"vertical_align\":\"\",\"width\":\"default\"},\"children\":[{\"type\":\"row\",\"children\":[{\"type\":\"column\",\"props\":{\"image_position\":\"center-center\",\"position_sticky_breakpoint\":\"m\"},\"children\":[{\"type\":\"headline\",\"props\":{\"content\":\"Programs\",\"title_decoration\":\"divider\",\"title_element\":\"h3\",\"title_style\":\"h2\"}},{\"type\":\"grid\",\"props\":{\"content_column_breakpoint\":\"m\",\"content_margin\":\"small\",\"filter_align\":\"left\",\"filter_all\":true,\"filter_grid_breakpoint\":\"m\",\"filter_grid_width\":\"auto\",\"filter_position\":\"top\",\"filter_style\":\"tab\",\"grid_default\":\"1\",\"grid_medium\":\"3\",\"grid_small\":\"2\",\"icon_width\":80,\"image_align\":\"top\",\"image_grid_breakpoint\":\"m\",\"image_grid_width\":\"1-2\",\"image_height\":\"533\",\"image_svg_color\":\"emphasis\",\"image_width\":\"800\",\"item_animation\":true,\"link_style\":\"default\",\"link_text\":\"Book\",\"margin\":\"default\",\"meta_align\":\"below-title\",\"meta_element\":\"div\",\"meta_margin\":\"small\",\"meta_style\":\"text-meta\",\"panel_image_no_padding\":true,\"panel_link\":true,\"panel_padding\":\"small\",\"panel_style\":\"card-default\",\"parallax_easing\":\"1\",\"show_content\":true,\"show_image\":true,\"show_link\":true,\"show_meta\":true,\"show_title\":true,\"title_align\":\"top\",\"title_element\":\"h3\",\"title_grid_breakpoint\":\"m\",\"title_grid_width\":\"1-2\",\"title_hover_style\":\"reset\"},\"children\":[{\"type\":\"grid_item\",\"props\":{\"content\":\"\n\n<p>Drum Relaxation offers a chance to step away from the rush of everyday life and immerse yourself in the soothing rhythms of the drum.<\\\/p>\\n\n\n<p>Designed for adults and groups, this program is also ideal for travelers looking to enhance their holiday with a memorable experience.\\u00a0<\\\/p>\",\"image\":\"wp-content\\\/uploads\\\/2021\\\/10\\\/Rumpu.jpg\",\"link\":\"en\\\/nature-and-wellbeing\\\/drum-meditation-on-shamaans-journey\\\/\",\"meta\":\"(1 h)\",\"title\":\"Drum relaxation - A moment of peace and Harmony\"}},{\"type\":\"grid_item\",\"props\":{\"content\":\"\n\n<p>Kuusamo Shaman\\u00b4s visit is suitable for a welcome or departure ceremony for tourists or as a program number for events and celebrations.<\\\/p>\",\"image\":\"wp-content\\\/uploads\\\/2021\\\/06\\\/kuusamonnoita2.jpg\",\"link\":\"en\\\/nature-and-wellbeing\\\/kuusamon-noita\\\/\",\"title\":\"Kuusamo Shaman's Visit \"}},{\"type\":\"grid_item\",\"props\":{\"content\":\"Learn how to enjoy the beautiful and shooting nature with all your senses\\n\",\"image\":\"wp-content\\\/uploads\\\/2021\\\/10\\\/Metsa1.jpg\",\"link\":\"en\\\/nature-and-wellbeing\\\/forest-energy-mornign-walk\\\/\",\"meta\":\"(1h)\",\"title\":\"Forest Energy walk\"}},{\"type\":\"grid_item\",\"props\":{\"content\":\"\n\n<p>A trip to Kuusamo forest will introduce you to the treasures of nature.\\u00a0<\\\/p>\",\"image\":\"http:\\\/\\\/palosaarenporotila.fi\\\/wp-content\\\/uploads\\\/2021\\\/01\\\/sienet.jpg\",\"link\":\"en\\\/nature-and-wellbeing\\\/forest-treasures\\\/\",\"meta\":\"(2h)\",\"title\":\"Forest Treasures - \\u2028Harvesting wild herbs, berries or mushrooms\"}}],\"name\":\"talviohjelmat\",\"modified\":\"2020-12-21T17:55:14.394Z\"}]}]}]}],\"version\":\"4.4.12\"} --><\/p>\n","protected":false},"excerpt":{"rendered":"<p>Nature &amp; wellbeing Programs Drum relaxation &#8211; A moment of peace and Harmony (1 h) Drum Relaxation offers a chance to step away from the rush of everyday life and immerse yourself in the soothing rhythms of the drum. Designed for adults and groups, this program is also ideal for travelers looking to enhance their [&hellip;]<\/p>\n","protected":false},"author":1,"featured_media":1162,"parent":0,"menu_order":0,"comment_status":"closed","ping_status":"closed","template":"","meta":{"footnotes":""},"class_list":["post-646","page","type-page","status-publish","has-post-thumbnail","hentry"],"yoast_head":"<!-- This site is optimized with the Yoast SEO plugin v27.3 - https:\/\/yoast.com\/product\/yoast-seo-wordpress\/ -->\n<title>Nature &amp; wellbeing - Palosaari Reindeer and Fishing Farm, Kuusamo, Finland<\/title>\n<meta name=\"robots\" content=\"index, follow, max-snippet:-1, max-image-preview:large, max-video-preview:-1\" \/>\n<link rel=\"canonical\" href=\"https:\/\/palosaarenporotila.fi\/en\/nature-and-wellbeing\/\" \/>\n<meta property=\"og:locale\" content=\"en_US\" \/>\n<meta property=\"og:type\" content=\"article\" \/>\n<meta property=\"og:title\" content=\"Nature &amp; wellbeing - Palosaari Reindeer and Fishing Farm, Kuusamo, Finland\" \/>\n<meta property=\"og:description\" content=\"Nature &amp; wellbeing Programs Drum relaxation &#8211; A moment of peace and Harmony (1 h) Drum Relaxation offers a chance to step away from the rush of everyday life and immerse yourself in the soothing rhythms of the drum. Designed for adults and groups, this program is also ideal for travelers looking to enhance their [&hellip;]\" \/>\n<meta property=\"og:url\" content=\"https:\/\/palosaarenporotila.fi\/en\/nature-and-wellbeing\/\" \/>\n<meta property=\"og:site_name\" content=\"Palosaari Reindeer and Fishing Farm, Kuusamo, Finland\" \/>\n<meta property=\"article:publisher\" content=\"https:\/\/www.facebook.com\/reindeerranchfinland\/\" \/>\n<meta property=\"article:modified_time\" content=\"2024-11-19T10:29:46+00:00\" \/>\n<meta property=\"og:image\" content=\"https:\/\/palosaarenporotila.fi\/wp-content\/uploads\/2020\/12\/joulupukki-ja-poro.jpg\" \/>\n\t<meta property=\"og:image:width\" content=\"1200\" \/>\n\t<meta property=\"og:image:height\" content=\"857\" \/>\n\t<meta property=\"og:image:type\" content=\"image\/jpeg\" \/>\n<meta name=\"twitter:card\" content=\"summary_large_image\" \/>\n<meta name=\"twitter:label1\" content=\"Est. reading time\" \/>\n\t<meta name=\"twitter:data1\" content=\"1 minute\" \/>\n<script type=\"application\/ld+json\" class=\"yoast-schema-graph\">{\"@context\":\"https:\\\/\\\/schema.org\",\"@graph\":[{\"@type\":\"WebPage\",\"@id\":\"https:\\\/\\\/palosaarenporotila.fi\\\/en\\\/nature-and-wellbeing\\\/\",\"url\":\"https:\\\/\\\/palosaarenporotila.fi\\\/en\\\/nature-and-wellbeing\\\/\",\"name\":\"Nature & wellbeing - Palosaari Reindeer and Fishing Farm, Kuusamo, Finland\",\"isPartOf\":{\"@id\":\"https:\\\/\\\/palosaarenporotila.fi\\\/en\\\/#website\"},\"primaryImageOfPage\":{\"@id\":\"https:\\\/\\\/palosaarenporotila.fi\\\/en\\\/nature-and-wellbeing\\\/#primaryimage\"},\"image\":{\"@id\":\"https:\\\/\\\/palosaarenporotila.fi\\\/en\\\/nature-and-wellbeing\\\/#primaryimage\"},\"thumbnailUrl\":\"https:\\\/\\\/palosaarenporotila.fi\\\/wp-content\\\/uploads\\\/2020\\\/12\\\/joulupukki-ja-poro.jpg\",\"datePublished\":\"2020-12-22T10:39:03+00:00\",\"dateModified\":\"2024-11-19T10:29:46+00:00\",\"breadcrumb\":{\"@id\":\"https:\\\/\\\/palosaarenporotila.fi\\\/en\\\/nature-and-wellbeing\\\/#breadcrumb\"},\"inLanguage\":\"en-US\",\"potentialAction\":[{\"@type\":\"ReadAction\",\"target\":[\"https:\\\/\\\/palosaarenporotila.fi\\\/en\\\/nature-and-wellbeing\\\/\"]}]},{\"@type\":\"ImageObject\",\"inLanguage\":\"en-US\",\"@id\":\"https:\\\/\\\/palosaarenporotila.fi\\\/en\\\/nature-and-wellbeing\\\/#primaryimage\",\"url\":\"https:\\\/\\\/palosaarenporotila.fi\\\/wp-content\\\/uploads\\\/2020\\\/12\\\/joulupukki-ja-poro.jpg\",\"contentUrl\":\"https:\\\/\\\/palosaarenporotila.fi\\\/wp-content\\\/uploads\\\/2020\\\/12\\\/joulupukki-ja-poro.jpg\",\"width\":1200,\"height\":857},{\"@type\":\"BreadcrumbList\",\"@id\":\"https:\\\/\\\/palosaarenporotila.fi\\\/en\\\/nature-and-wellbeing\\\/#breadcrumb\",\"itemListElement\":[{\"@type\":\"ListItem\",\"position\":1,\"name\":\"Etusivu\",\"item\":\"https:\\\/\\\/palosaarenporotila.fi\\\/en\\\/\"},{\"@type\":\"ListItem\",\"position\":2,\"name\":\"Nature &#038; wellbeing\"}]},{\"@type\":\"WebSite\",\"@id\":\"https:\\\/\\\/palosaarenporotila.fi\\\/en\\\/#website\",\"url\":\"https:\\\/\\\/palosaarenporotila.fi\\\/en\\\/\",\"name\":\"Palosaaren poro- ja kalastustila, Kuusamo\",\"description\":\"El\u00e4myksellisi\u00e4 hetki\u00e4 luonnossa\",\"publisher\":{\"@id\":\"https:\\\/\\\/palosaarenporotila.fi\\\/en\\\/#organization\"},\"potentialAction\":[{\"@type\":\"SearchAction\",\"target\":{\"@type\":\"EntryPoint\",\"urlTemplate\":\"https:\\\/\\\/palosaarenporotila.fi\\\/en\\\/?s={search_term_string}\"},\"query-input\":{\"@type\":\"PropertyValueSpecification\",\"valueRequired\":true,\"valueName\":\"search_term_string\"}}],\"inLanguage\":\"en-US\"},{\"@type\":\"Organization\",\"@id\":\"https:\\\/\\\/palosaarenporotila.fi\\\/en\\\/#organization\",\"name\":\"Palosaaren poro- ja kalastustila\",\"url\":\"https:\\\/\\\/palosaarenporotila.fi\\\/en\\\/\",\"logo\":{\"@type\":\"ImageObject\",\"inLanguage\":\"en-US\",\"@id\":\"https:\\\/\\\/palosaarenporotila.fi\\\/en\\\/#\\\/schema\\\/logo\\\/image\\\/\",\"url\":\"https:\\\/\\\/palosaarenporotila.fi\\\/wp-content\\\/uploads\\\/2020\\\/12\\\/logo-m-fi.png\",\"contentUrl\":\"https:\\\/\\\/palosaarenporotila.fi\\\/wp-content\\\/uploads\\\/2020\\\/12\\\/logo-m-fi.png\",\"width\":450,\"height\":109,\"caption\":\"Palosaaren poro- ja kalastustila\"},\"image\":{\"@id\":\"https:\\\/\\\/palosaarenporotila.fi\\\/en\\\/#\\\/schema\\\/logo\\\/image\\\/\"},\"sameAs\":[\"https:\\\/\\\/www.facebook.com\\\/reindeerranchfinland\\\/\",\"https:\\\/\\\/www.instagram.com\\\/reindeerandfishingranch\\\/\"]}]}<\/script>\n<!-- \/ Yoast SEO plugin. -->","yoast_head_json":{"title":"Nature & wellbeing - Palosaari Reindeer and Fishing Farm, Kuusamo, Finland","robots":{"index":"index","follow":"follow","max-snippet":"max-snippet:-1","max-image-preview":"max-image-preview:large","max-video-preview":"max-video-preview:-1"},"canonical":"https:\/\/palosaarenporotila.fi\/en\/nature-and-wellbeing\/","og_locale":"en_US","og_type":"article","og_title":"Nature & wellbeing - Palosaari Reindeer and Fishing Farm, Kuusamo, Finland","og_description":"Nature &amp; wellbeing Programs Drum relaxation &#8211; A moment of peace and Harmony (1 h) Drum Relaxation offers a chance to step away from the rush of everyday life and immerse yourself in the soothing rhythms of the drum. Designed for adults and groups, this program is also ideal for travelers looking to enhance their [&hellip;]","og_url":"https:\/\/palosaarenporotila.fi\/en\/nature-and-wellbeing\/","og_site_name":"Palosaari Reindeer and Fishing Farm, Kuusamo, Finland","article_publisher":"https:\/\/www.facebook.com\/reindeerranchfinland\/","article_modified_time":"2024-11-19T10:29:46+00:00","og_image":[{"width":1200,"height":857,"url":"https:\/\/palosaarenporotila.fi\/wp-content\/uploads\/2020\/12\/joulupukki-ja-poro.jpg","type":"image\/jpeg"}],"twitter_card":"summary_large_image","twitter_misc":{"Est. reading time":"1 minute"},"schema":{"@context":"https:\/\/schema.org","@graph":[{"@type":"WebPage","@id":"https:\/\/palosaarenporotila.fi\/en\/nature-and-wellbeing\/","url":"https:\/\/palosaarenporotila.fi\/en\/nature-and-wellbeing\/","name":"Nature & wellbeing - Palosaari Reindeer and Fishing Farm, Kuusamo, Finland","isPartOf":{"@id":"https:\/\/palosaarenporotila.fi\/en\/#website"},"primaryImageOfPage":{"@id":"https:\/\/palosaarenporotila.fi\/en\/nature-and-wellbeing\/#primaryimage"},"image":{"@id":"https:\/\/palosaarenporotila.fi\/en\/nature-and-wellbeing\/#primaryimage"},"thumbnailUrl":"https:\/\/palosaarenporotila.fi\/wp-content\/uploads\/2020\/12\/joulupukki-ja-poro.jpg","datePublished":"2020-12-22T10:39:03+00:00","dateModified":"2024-11-19T10:29:46+00:00","breadcrumb":{"@id":"https:\/\/palosaarenporotila.fi\/en\/nature-and-wellbeing\/#breadcrumb"},"inLanguage":"en-US","potentialAction":[{"@type":"ReadAction","target":["https:\/\/palosaarenporotila.fi\/en\/nature-and-wellbeing\/"]}]},{"@type":"ImageObject","inLanguage":"en-US","@id":"https:\/\/palosaarenporotila.fi\/en\/nature-and-wellbeing\/#primaryimage","url":"https:\/\/palosaarenporotila.fi\/wp-content\/uploads\/2020\/12\/joulupukki-ja-poro.jpg","contentUrl":"https:\/\/palosaarenporotila.fi\/wp-content\/uploads\/2020\/12\/joulupukki-ja-poro.jpg","width":1200,"height":857},{"@type":"BreadcrumbList","@id":"https:\/\/palosaarenporotila.fi\/en\/nature-and-wellbeing\/#breadcrumb","itemListElement":[{"@type":"ListItem","position":1,"name":"Etusivu","item":"https:\/\/palosaarenporotila.fi\/en\/"},{"@type":"ListItem","position":2,"name":"Nature &#038; wellbeing"}]},{"@type":"WebSite","@id":"https:\/\/palosaarenporotila.fi\/en\/#website","url":"https:\/\/palosaarenporotila.fi\/en\/","name":"Palosaaren poro- ja kalastustila, Kuusamo","description":"El\u00e4myksellisi\u00e4 hetki\u00e4 luonnossa","publisher":{"@id":"https:\/\/palosaarenporotila.fi\/en\/#organization"},"potentialAction":[{"@type":"SearchAction","target":{"@type":"EntryPoint","urlTemplate":"https:\/\/palosaarenporotila.fi\/en\/?s={search_term_string}"},"query-input":{"@type":"PropertyValueSpecification","valueRequired":true,"valueName":"search_term_string"}}],"inLanguage":"en-US"},{"@type":"Organization","@id":"https:\/\/palosaarenporotila.fi\/en\/#organization","name":"Palosaaren poro- ja kalastustila","url":"https:\/\/palosaarenporotila.fi\/en\/","logo":{"@type":"ImageObject","inLanguage":"en-US","@id":"https:\/\/palosaarenporotila.fi\/en\/#\/schema\/logo\/image\/","url":"https:\/\/palosaarenporotila.fi\/wp-content\/uploads\/2020\/12\/logo-m-fi.png","contentUrl":"https:\/\/palosaarenporotila.fi\/wp-content\/uploads\/2020\/12\/logo-m-fi.png","width":450,"height":109,"caption":"Palosaaren poro- ja kalastustila"},"image":{"@id":"https:\/\/palosaarenporotila.fi\/en\/#\/schema\/logo\/image\/"},"sameAs":["https:\/\/www.facebook.com\/reindeerranchfinland\/","https:\/\/www.instagram.com\/reindeerandfishingranch\/"]}]}},"_links":{"self":[{"href":"https:\/\/palosaarenporotila.fi\/en\/wp-json\/wp\/v2\/pages\/646","targetHints":{"allow":["GET"]}}],"collection":[{"href":"https:\/\/palosaarenporotila.fi\/en\/wp-json\/wp\/v2\/pages"}],"about":[{"href":"https:\/\/palosaarenporotila.fi\/en\/wp-json\/wp\/v2\/types\/page"}],"author":[{"embeddable":true,"href":"https:\/\/palosaarenporotila.fi\/en\/wp-json\/wp\/v2\/users\/1"}],"replies":[{"embeddable":true,"href":"https:\/\/palosaarenporotila.fi\/en\/wp-json\/wp\/v2\/comments?post=646"}],"version-history":[{"count":10,"href":"https:\/\/palosaarenporotila.fi\/en\/wp-json\/wp\/v2\/pages\/646\/revisions"}],"predecessor-version":[{"id":4526,"href":"https:\/\/palosaarenporotila.fi\/en\/wp-json\/wp\/v2\/pages\/646\/revisions\/4526"}],"wp:featuredmedia":[{"embeddable":true,"href":"https:\/\/palosaarenporotila.fi\/en\/wp-json\/wp\/v2\/media\/1162"}],"wp:attachment":[{"href":"https:\/\/palosaarenporotila.fi\/en\/wp-json\/wp\/v2\/media?parent=646"}],"curies":[{"name":"wp","href":"https:\/\/api.w.org\/{rel}","templated":true}]}}