{"id":653,"date":"2021-01-05T10:17:26","date_gmt":"2021-01-05T08:17:26","guid":{"rendered":"http:\/\/palosaarenporotila.fi\/uusi\/metsan-aarteet-yrtti-marja-tai-sieniretki\/"},"modified":"2021-06-01T09:19:30","modified_gmt":"2021-06-01T06:19:30","slug":"forest-treasures","status":"publish","type":"page","link":"https:\/\/palosaarenporotila.fi\/en\/nature-and-wellbeing\/forest-treasures\/","title":{"rendered":"Forest treasures &#8211; Harvesting wild herbs, berries or mushrooms"},"content":{"rendered":"<div><script type=\"text\/javascript\" src=\"https:\/\/widgets.bokun.io\/assets\/javascripts\/apps\/build\/BokunWidgetsLoader.js?bookingChannelUUID=a263f2b6-ee5e-4c5f-b84d-cca8e08dbe19\" async><\/script><\/p>\n<div class=\"bokunWidget\" data-src=\"https:\/\/widgets.bokun.io\/online-sales\/a263f2b6-ee5e-4c5f-b84d-cca8e08dbe19\/experience\/631859\"><\/div>\n<p>    <noscript>Please enable javascript in your browser to book<\/noscript>\n<\/div>\n<p><!--more--><br \/>\n<!-- {\"name\":\"tuotekortti\",\"type\":\"layout\",\"children\":[{\"type\":\"section\",\"props\":{\"style\":\"default\",\"width\":\"default\",\"vertical_align\":\"middle\",\"title_position\":\"top-left\",\"title_rotation\":\"left\",\"title_breakpoint\":\"xl\",\"image_position\":\"center-center\"},\"children\":[{\"type\":\"row\",\"children\":[{\"type\":\"column\",\"props\":{\"image_position\":\"center-center\",\"media_overlay_gradient\":\"\"},\"children\":[{\"type\":\"breadcrumbs\",\"props\":{\"show_home\":true,\"show_current\":true}},{\"type\":\"text\",\"props\":{\"margin\":\"default\",\"column_breakpoint\":\"m\",\"content\":\"<script type=\\\"text\\\/javascript\\\" src=\\\"https:\\\/\\\/widgets.bokun.io\\\/assets\\\/javascripts\\\/apps\\\/build\\\/BokunWidgetsLoader.js?bookingChannelUUID=a263f2b6-ee5e-4c5f-b84d-cca8e08dbe19\\\" async><\\\/script>\\n     \\n    \n\n<div class=\\\"bokunWidget\\\" data-src=\\\"https:\\\/\\\/widgets.bokun.io\\\/online-sales\\\/a263f2b6-ee5e-4c5f-b84d-cca8e08dbe19\\\/experience\\\/631859\\\"><\\\/div>\\n    <noscript>Please enable javascript in your browser to book<\\\/noscript>\\n\"}}]}]}]}],\"version\":\"2.4.14\"} --><\/p>\n","protected":false},"excerpt":{"rendered":"<p>Please enable javascript in your browser to book<\/p>\n","protected":false},"author":1,"featured_media":0,"parent":646,"menu_order":0,"comment_status":"closed","ping_status":"closed","template":"","meta":{"footnotes":""},"class_list":["post-653","page","type-page","status-publish","hentry"],"yoast_head":"<!-- This site is optimized with the Yoast SEO plugin v27.3 - https:\/\/yoast.com\/product\/yoast-seo-wordpress\/ -->\n<title>Forest treasures - Harvesting wild herbs, berries or mushrooms - Palosaari Reindeer and Fishing Farm, Kuusamo, Finland<\/title>\n<meta name=\"description\" content=\"We will learn to recognise and gather various wild herbs, berries and mushrooms, depending on the season. We will also learn about how to use them.\" \/>\n<meta name=\"robots\" content=\"index, follow, max-snippet:-1, max-image-preview:large, max-video-preview:-1\" \/>\n<link rel=\"canonical\" href=\"https:\/\/palosaarenporotila.fi\/en\/nature-and-wellbeing\/forest-treasures\/\" \/>\n<meta property=\"og:locale\" content=\"en_US\" \/>\n<meta property=\"og:type\" content=\"article\" \/>\n<meta property=\"og:title\" content=\"Forest treasures - Harvesting wild herbs, berries or mushrooms - Palosaari Reindeer and Fishing Farm, Kuusamo, Finland\" \/>\n<meta property=\"og:description\" content=\"We will learn to recognise and gather various wild herbs, berries and mushrooms, depending on the season. We will also learn about how to use them.\" \/>\n<meta property=\"og:url\" content=\"https:\/\/palosaarenporotila.fi\/en\/nature-and-wellbeing\/forest-treasures\/\" \/>\n<meta property=\"og:site_name\" content=\"Palosaari Reindeer and Fishing Farm, Kuusamo, Finland\" \/>\n<meta property=\"article:publisher\" content=\"https:\/\/www.facebook.com\/reindeerranchfinland\/\" \/>\n<meta property=\"article:modified_time\" content=\"2021-06-01T06:19:30+00:00\" \/>\n<meta name=\"twitter:card\" content=\"summary_large_image\" \/>\n<script type=\"application\/ld+json\" class=\"yoast-schema-graph\">{\"@context\":\"https:\\\/\\\/schema.org\",\"@graph\":[{\"@type\":\"WebPage\",\"@id\":\"https:\\\/\\\/palosaarenporotila.fi\\\/en\\\/nature-and-wellbeing\\\/forest-treasures\\\/\",\"url\":\"https:\\\/\\\/palosaarenporotila.fi\\\/en\\\/nature-and-wellbeing\\\/forest-treasures\\\/\",\"name\":\"Forest treasures - Harvesting wild herbs, berries or mushrooms - Palosaari Reindeer and Fishing Farm, Kuusamo, Finland\",\"isPartOf\":{\"@id\":\"https:\\\/\\\/palosaarenporotila.fi\\\/en\\\/#website\"},\"datePublished\":\"2021-01-05T08:17:26+00:00\",\"dateModified\":\"2021-06-01T06:19:30+00:00\",\"description\":\"We will learn to recognise and gather various wild herbs, berries and mushrooms, depending on the season. We will also learn about how to use them.\",\"breadcrumb\":{\"@id\":\"https:\\\/\\\/palosaarenporotila.fi\\\/en\\\/nature-and-wellbeing\\\/forest-treasures\\\/#breadcrumb\"},\"inLanguage\":\"en-US\",\"potentialAction\":[{\"@type\":\"ReadAction\",\"target\":[\"https:\\\/\\\/palosaarenporotila.fi\\\/en\\\/nature-and-wellbeing\\\/forest-treasures\\\/\"]}]},{\"@type\":\"BreadcrumbList\",\"@id\":\"https:\\\/\\\/palosaarenporotila.fi\\\/en\\\/nature-and-wellbeing\\\/forest-treasures\\\/#breadcrumb\",\"itemListElement\":[{\"@type\":\"ListItem\",\"position\":1,\"name\":\"Etusivu\",\"item\":\"https:\\\/\\\/palosaarenporotila.fi\\\/en\\\/\"},{\"@type\":\"ListItem\",\"position\":2,\"name\":\"Nature &#038; wellbeing\",\"item\":\"https:\\\/\\\/palosaarenporotila.fi\\\/en\\\/luonto-hyvinvointi\\\/\"},{\"@type\":\"ListItem\",\"position\":3,\"name\":\"Forest treasures &#8211; Harvesting wild herbs, berries or mushrooms\"}]},{\"@type\":\"WebSite\",\"@id\":\"https:\\\/\\\/palosaarenporotila.fi\\\/en\\\/#website\",\"url\":\"https:\\\/\\\/palosaarenporotila.fi\\\/en\\\/\",\"name\":\"Palosaaren poro- ja kalastustila, Kuusamo\",\"description\":\"El\u00e4myksellisi\u00e4 hetki\u00e4 luonnossa\",\"publisher\":{\"@id\":\"https:\\\/\\\/palosaarenporotila.fi\\\/en\\\/#organization\"},\"potentialAction\":[{\"@type\":\"SearchAction\",\"target\":{\"@type\":\"EntryPoint\",\"urlTemplate\":\"https:\\\/\\\/palosaarenporotila.fi\\\/en\\\/?s={search_term_string}\"},\"query-input\":{\"@type\":\"PropertyValueSpecification\",\"valueRequired\":true,\"valueName\":\"search_term_string\"}}],\"inLanguage\":\"en-US\"},{\"@type\":\"Organization\",\"@id\":\"https:\\\/\\\/palosaarenporotila.fi\\\/en\\\/#organization\",\"name\":\"Palosaaren poro- ja kalastustila\",\"url\":\"https:\\\/\\\/palosaarenporotila.fi\\\/en\\\/\",\"logo\":{\"@type\":\"ImageObject\",\"inLanguage\":\"en-US\",\"@id\":\"https:\\\/\\\/palosaarenporotila.fi\\\/en\\\/#\\\/schema\\\/logo\\\/image\\\/\",\"url\":\"https:\\\/\\\/palosaarenporotila.fi\\\/wp-content\\\/uploads\\\/2020\\\/12\\\/logo-m-fi.png\",\"contentUrl\":\"https:\\\/\\\/palosaarenporotila.fi\\\/wp-content\\\/uploads\\\/2020\\\/12\\\/logo-m-fi.png\",\"width\":450,\"height\":109,\"caption\":\"Palosaaren poro- ja kalastustila\"},\"image\":{\"@id\":\"https:\\\/\\\/palosaarenporotila.fi\\\/en\\\/#\\\/schema\\\/logo\\\/image\\\/\"},\"sameAs\":[\"https:\\\/\\\/www.facebook.com\\\/reindeerranchfinland\\\/\",\"https:\\\/\\\/www.instagram.com\\\/reindeerandfishingranch\\\/\"]}]}<\/script>\n<!-- \/ Yoast SEO plugin. -->","yoast_head_json":{"title":"Forest treasures - Harvesting wild herbs, berries or mushrooms - Palosaari Reindeer and Fishing Farm, Kuusamo, Finland","description":"We will learn to recognise and gather various wild herbs, berries and mushrooms, depending on the season. We will also learn about how to use them.","robots":{"index":"index","follow":"follow","max-snippet":"max-snippet:-1","max-image-preview":"max-image-preview:large","max-video-preview":"max-video-preview:-1"},"canonical":"https:\/\/palosaarenporotila.fi\/en\/nature-and-wellbeing\/forest-treasures\/","og_locale":"en_US","og_type":"article","og_title":"Forest treasures - Harvesting wild herbs, berries or mushrooms - Palosaari Reindeer and Fishing Farm, Kuusamo, Finland","og_description":"We will learn to recognise and gather various wild herbs, berries and mushrooms, depending on the season. We will also learn about how to use them.","og_url":"https:\/\/palosaarenporotila.fi\/en\/nature-and-wellbeing\/forest-treasures\/","og_site_name":"Palosaari Reindeer and Fishing Farm, Kuusamo, Finland","article_publisher":"https:\/\/www.facebook.com\/reindeerranchfinland\/","article_modified_time":"2021-06-01T06:19:30+00:00","twitter_card":"summary_large_image","schema":{"@context":"https:\/\/schema.org","@graph":[{"@type":"WebPage","@id":"https:\/\/palosaarenporotila.fi\/en\/nature-and-wellbeing\/forest-treasures\/","url":"https:\/\/palosaarenporotila.fi\/en\/nature-and-wellbeing\/forest-treasures\/","name":"Forest treasures - Harvesting wild herbs, berries or mushrooms - Palosaari Reindeer and Fishing Farm, Kuusamo, Finland","isPartOf":{"@id":"https:\/\/palosaarenporotila.fi\/en\/#website"},"datePublished":"2021-01-05T08:17:26+00:00","dateModified":"2021-06-01T06:19:30+00:00","description":"We will learn to recognise and gather various wild herbs, berries and mushrooms, depending on the season. We will also learn about how to use them.","breadcrumb":{"@id":"https:\/\/palosaarenporotila.fi\/en\/nature-and-wellbeing\/forest-treasures\/#breadcrumb"},"inLanguage":"en-US","potentialAction":[{"@type":"ReadAction","target":["https:\/\/palosaarenporotila.fi\/en\/nature-and-wellbeing\/forest-treasures\/"]}]},{"@type":"BreadcrumbList","@id":"https:\/\/palosaarenporotila.fi\/en\/nature-and-wellbeing\/forest-treasures\/#breadcrumb","itemListElement":[{"@type":"ListItem","position":1,"name":"Etusivu","item":"https:\/\/palosaarenporotila.fi\/en\/"},{"@type":"ListItem","position":2,"name":"Nature &#038; wellbeing","item":"https:\/\/palosaarenporotila.fi\/en\/luonto-hyvinvointi\/"},{"@type":"ListItem","position":3,"name":"Forest treasures &#8211; Harvesting wild herbs, berries or mushrooms"}]},{"@type":"WebSite","@id":"https:\/\/palosaarenporotila.fi\/en\/#website","url":"https:\/\/palosaarenporotila.fi\/en\/","name":"Palosaaren poro- ja kalastustila, Kuusamo","description":"El\u00e4myksellisi\u00e4 hetki\u00e4 luonnossa","publisher":{"@id":"https:\/\/palosaarenporotila.fi\/en\/#organization"},"potentialAction":[{"@type":"SearchAction","target":{"@type":"EntryPoint","urlTemplate":"https:\/\/palosaarenporotila.fi\/en\/?s={search_term_string}"},"query-input":{"@type":"PropertyValueSpecification","valueRequired":true,"valueName":"search_term_string"}}],"inLanguage":"en-US"},{"@type":"Organization","@id":"https:\/\/palosaarenporotila.fi\/en\/#organization","name":"Palosaaren poro- ja kalastustila","url":"https:\/\/palosaarenporotila.fi\/en\/","logo":{"@type":"ImageObject","inLanguage":"en-US","@id":"https:\/\/palosaarenporotila.fi\/en\/#\/schema\/logo\/image\/","url":"https:\/\/palosaarenporotila.fi\/wp-content\/uploads\/2020\/12\/logo-m-fi.png","contentUrl":"https:\/\/palosaarenporotila.fi\/wp-content\/uploads\/2020\/12\/logo-m-fi.png","width":450,"height":109,"caption":"Palosaaren poro- ja kalastustila"},"image":{"@id":"https:\/\/palosaarenporotila.fi\/en\/#\/schema\/logo\/image\/"},"sameAs":["https:\/\/www.facebook.com\/reindeerranchfinland\/","https:\/\/www.instagram.com\/reindeerandfishingranch\/"]}]}},"_links":{"self":[{"href":"https:\/\/palosaarenporotila.fi\/en\/wp-json\/wp\/v2\/pages\/653","targetHints":{"allow":["GET"]}}],"collection":[{"href":"https:\/\/palosaarenporotila.fi\/en\/wp-json\/wp\/v2\/pages"}],"about":[{"href":"https:\/\/palosaarenporotila.fi\/en\/wp-json\/wp\/v2\/types\/page"}],"author":[{"embeddable":true,"href":"https:\/\/palosaarenporotila.fi\/en\/wp-json\/wp\/v2\/users\/1"}],"replies":[{"embeddable":true,"href":"https:\/\/palosaarenporotila.fi\/en\/wp-json\/wp\/v2\/comments?post=653"}],"version-history":[{"count":0,"href":"https:\/\/palosaarenporotila.fi\/en\/wp-json\/wp\/v2\/pages\/653\/revisions"}],"up":[{"embeddable":true,"href":"https:\/\/palosaarenporotila.fi\/en\/wp-json\/wp\/v2\/pages\/646"}],"wp:attachment":[{"href":"https:\/\/palosaarenporotila.fi\/en\/wp-json\/wp\/v2\/media?parent=653"}],"curies":[{"name":"wp","href":"https:\/\/api.w.org\/{rel}","templated":true}]}}